{"id":570571,"date":"2025-03-06T21:43:23","date_gmt":"2025-03-13T09:30:39","guid":{"rendered":"https:\/\/tilefly.com\/producto\/think\/"},"modified":"2025-03-13T10:30:39","modified_gmt":"2025-03-13T09:30:39","slug":"think","status":"publish","type":"product","link":"https:\/\/tilefly.com\/fr\/produit\/think\/","title":{"rendered":"THINK"},"content":{"rendered":"<p>Se promener dans les rues pav\u00e9es en silence ou dans la nature est la meilleure fa\u00e7on d&#8217;arriver \u00e0 de grandes conclusions. Think part de ce principe et redonne un sens aux mat\u00e9riaux dans le but ultime d&#8217;atteindre l&#8217;excellence technique. La fabrication de cette s\u00e9rie multiformat utilise six couleurs d&#8217;encre en relief, de l&#8217;\u00e9mail mat, de la colle num\u00e9rique, des granul\u00e9s aspir\u00e9s et des paillettes en plein champ, donnant \u00e0 la collection des points de lumi\u00e8re uniques.  <\/p>","protected":false},"excerpt":{"rendered":"<p>Se promener dans les rues pav\u00e9es en silence ou dans la nature est la meilleure fa\u00e7on d&#8217;arriver \u00e0 de grandes conclusions. Think part de ce principe et redonne un sens aux mat\u00e9riaux dans le but ultime d&#8217;atteindre l&#8217;excellence technique. La fabrication de cette s\u00e9rie multiformat utilise six couleurs d&#8217;encre en relief, de l&#8217;\u00e9mail mat, de [&hellip;]<\/p>\n","protected":false},"featured_media":569153,"comment_status":"closed","ping_status":"closed","template":"","meta":[],"product_brand":[],"product_cat":[353,355,356,354,357],"product_tag":[],"class_list":{"0":"post-570571","1":"product","2":"type-product","3":"status-publish","4":"has-post-thumbnail","6":"product_cat-carrelage","7":"product_cat-cuisines","8":"product_cat-faiences","9":"product_cat-carrelage-salle-de-bain","10":"product_cat-carrelage-salon","12":"first","13":"instock","14":"shipping-taxable","15":"product-type-grouped"},"_links":{"self":[{"href":"https:\/\/tilefly.com\/fr\/wp-json\/wp\/v2\/product\/570571","targetHints":{"allow":["GET"]}}],"collection":[{"href":"https:\/\/tilefly.com\/fr\/wp-json\/wp\/v2\/product"}],"about":[{"href":"https:\/\/tilefly.com\/fr\/wp-json\/wp\/v2\/types\/product"}],"replies":[{"embeddable":true,"href":"https:\/\/tilefly.com\/fr\/wp-json\/wp\/v2\/comments?post=570571"}],"wp:featuredmedia":[{"embeddable":true,"href":"https:\/\/tilefly.com\/fr\/wp-json\/wp\/v2\/media\/569153"}],"wp:attachment":[{"href":"https:\/\/tilefly.com\/fr\/wp-json\/wp\/v2\/media?parent=570571"}],"wp:term":[{"taxonomy":"product_brand","embeddable":true,"href":"https:\/\/tilefly.com\/fr\/wp-json\/wp\/v2\/product_brand?post=570571"},{"taxonomy":"product_cat","embeddable":true,"href":"https:\/\/tilefly.com\/fr\/wp-json\/wp\/v2\/product_cat?post=570571"},{"taxonomy":"product_tag","embeddable":true,"href":"https:\/\/tilefly.com\/fr\/wp-json\/wp\/v2\/product_tag?post=570571"}],"curies":[{"name":"wp","href":"https:\/\/api.w.org\/{rel}","templated":true}]}}