{"id":570566,"date":"2025-02-27T00:43:54","date_gmt":"2025-03-13T09:30:36","guid":{"rendered":"https:\/\/tilefly.com\/producto\/loop\/"},"modified":"2025-03-13T10:30:36","modified_gmt":"2025-03-13T09:30:36","slug":"loop","status":"publish","type":"product","link":"https:\/\/tilefly.com\/fr\/produit\/loop\/","title":{"rendered":"LOOP"},"content":{"rendered":"<p>Inspir\u00e9e des mod\u00e8les architecturaux et de la technologie 3D, la collection Loop est capable de transformer le concept traditionnel de la c\u00e9ramique. Ses designs tridimensionnels g\u00e9n\u00e8rent des effets optiques qui changent en fonction de l&#8217;\u00e9clairage et de l&#8217;incidence de la lumi\u00e8re. Le relief minimaliste et contemporain permet de d\u00e9corer avec simplicit\u00e9 et charme tous les types d&#8217;int\u00e9rieurs et offre une grande polyvalence dans la pose. Loop symbolise notre concept cr\u00e9atif \u00ab The Perfect Mix \u00bb gr\u00e2ce \u00e0 sa palette de couleurs, qui fait r\u00e9f\u00e9rence \u00e0 la s\u00e9rie Four Seasons d&#8217;APE.   <\/p>","protected":false},"excerpt":{"rendered":"<p>Inspir\u00e9e des mod\u00e8les architecturaux et de la technologie 3D, la collection Loop est capable de transformer le concept traditionnel de la c\u00e9ramique. Ses designs tridimensionnels g\u00e9n\u00e8rent des effets optiques qui changent en fonction de l&#8217;\u00e9clairage et de l&#8217;incidence de la lumi\u00e8re. Le relief minimaliste et contemporain permet de d\u00e9corer avec simplicit\u00e9 et charme tous les [&hellip;]<\/p>\n","protected":false},"featured_media":568632,"comment_status":"closed","ping_status":"closed","template":"","meta":[],"product_brand":[],"product_cat":[355,356,354],"product_tag":[],"class_list":{"0":"post-570566","1":"product","2":"type-product","3":"status-publish","4":"has-post-thumbnail","6":"product_cat-cuisines","7":"product_cat-faiences","8":"product_cat-carrelage-salle-de-bain","10":"first","11":"instock","12":"shipping-taxable","13":"product-type-grouped"},"_links":{"self":[{"href":"https:\/\/tilefly.com\/fr\/wp-json\/wp\/v2\/product\/570566","targetHints":{"allow":["GET"]}}],"collection":[{"href":"https:\/\/tilefly.com\/fr\/wp-json\/wp\/v2\/product"}],"about":[{"href":"https:\/\/tilefly.com\/fr\/wp-json\/wp\/v2\/types\/product"}],"replies":[{"embeddable":true,"href":"https:\/\/tilefly.com\/fr\/wp-json\/wp\/v2\/comments?post=570566"}],"wp:featuredmedia":[{"embeddable":true,"href":"https:\/\/tilefly.com\/fr\/wp-json\/wp\/v2\/media\/568632"}],"wp:attachment":[{"href":"https:\/\/tilefly.com\/fr\/wp-json\/wp\/v2\/media?parent=570566"}],"wp:term":[{"taxonomy":"product_brand","embeddable":true,"href":"https:\/\/tilefly.com\/fr\/wp-json\/wp\/v2\/product_brand?post=570566"},{"taxonomy":"product_cat","embeddable":true,"href":"https:\/\/tilefly.com\/fr\/wp-json\/wp\/v2\/product_cat?post=570566"},{"taxonomy":"product_tag","embeddable":true,"href":"https:\/\/tilefly.com\/fr\/wp-json\/wp\/v2\/product_tag?post=570566"}],"curies":[{"name":"wp","href":"https:\/\/api.w.org\/{rel}","templated":true}]}}