{"id":570564,"date":"2025-03-06T23:21:07","date_gmt":"2025-03-13T09:30:34","guid":{"rendered":"https:\/\/tilefly.com\/producto\/limestone\/"},"modified":"2025-03-13T10:30:34","modified_gmt":"2025-03-13T09:30:34","slug":"limestone","status":"publish","type":"product","link":"https:\/\/tilefly.com\/fr\/produit\/limestone\/","title":{"rendered":"LIMESTONE"},"content":{"rendered":"<p>Le calcaire, une roche s\u00e9dimentaire de couleur beige provenant de la ville italienne de Trani, dans la r\u00e9gion des Pouilles, marque le point de d\u00e9part de la nouvelle collection d&#8217;APE. Cette pierre \u00e9tait utilis\u00e9e pour la construction de b\u00e2timents et d&#8217;\u0153uvres d&#8217;art, comme la cath\u00e9drale de Trani. Son effet adouci lui donne un aspect mat tr\u00e8s neutre et ses veines ressortent comme de subtils d\u00e9tails. Chez APE Grupo, nous avons travaill\u00e9 les d\u00e9tails \u00e0 travers ses veines et ses strates, intensifiant le caract\u00e8re naturel de la fissure au fil du temps.   <\/p>","protected":false},"excerpt":{"rendered":"<p>Le calcaire, une roche s\u00e9dimentaire de couleur beige provenant de la ville italienne de Trani, dans la r\u00e9gion des Pouilles, marque le point de d\u00e9part de la nouvelle collection d&#8217;APE. Cette pierre \u00e9tait utilis\u00e9e pour la construction de b\u00e2timents et d&#8217;\u0153uvres d&#8217;art, comme la cath\u00e9drale de Trani. Son effet adouci lui donne un aspect mat [&hellip;]<\/p>\n","protected":false},"featured_media":569822,"comment_status":"closed","ping_status":"closed","template":"","meta":[],"product_brand":[],"product_cat":[353,355,356,354,357],"product_tag":[],"class_list":{"0":"post-570564","1":"product","2":"type-product","3":"status-publish","4":"has-post-thumbnail","6":"product_cat-carrelage","7":"product_cat-cuisines","8":"product_cat-faiences","9":"product_cat-carrelage-salle-de-bain","10":"product_cat-carrelage-salon","12":"first","13":"instock","14":"shipping-taxable","15":"product-type-grouped"},"_links":{"self":[{"href":"https:\/\/tilefly.com\/fr\/wp-json\/wp\/v2\/product\/570564","targetHints":{"allow":["GET"]}}],"collection":[{"href":"https:\/\/tilefly.com\/fr\/wp-json\/wp\/v2\/product"}],"about":[{"href":"https:\/\/tilefly.com\/fr\/wp-json\/wp\/v2\/types\/product"}],"replies":[{"embeddable":true,"href":"https:\/\/tilefly.com\/fr\/wp-json\/wp\/v2\/comments?post=570564"}],"wp:featuredmedia":[{"embeddable":true,"href":"https:\/\/tilefly.com\/fr\/wp-json\/wp\/v2\/media\/569822"}],"wp:attachment":[{"href":"https:\/\/tilefly.com\/fr\/wp-json\/wp\/v2\/media?parent=570564"}],"wp:term":[{"taxonomy":"product_brand","embeddable":true,"href":"https:\/\/tilefly.com\/fr\/wp-json\/wp\/v2\/product_brand?post=570564"},{"taxonomy":"product_cat","embeddable":true,"href":"https:\/\/tilefly.com\/fr\/wp-json\/wp\/v2\/product_cat?post=570564"},{"taxonomy":"product_tag","embeddable":true,"href":"https:\/\/tilefly.com\/fr\/wp-json\/wp\/v2\/product_tag?post=570564"}],"curies":[{"name":"wp","href":"https:\/\/api.w.org\/{rel}","templated":true}]}}