{"id":570555,"date":"2025-03-06T21:27:43","date_gmt":"2025-03-06T20:27:43","guid":{"rendered":"https:\/\/tilefly.com\/producto\/anti-slip-think-white-rect-60x120\/"},"modified":"2025-03-13T10:30:26","modified_gmt":"2025-03-13T09:30:26","slug":"anti-slip-think-white-rect-60x120","status":"publish","type":"product","link":"https:\/\/tilefly.com\/fr\/produit\/anti-slip-think-white-rect-60x120\/","title":{"rendered":"ANTI-SLIP THINK WHITE RECT 60X120"},"content":{"rendered":"<h2><strong>ANTI-SLIP THINK WHITE RECT 60X120<\/strong><\/h2><p>D\u00e9couvrez l&#8217;\u00e9l\u00e9gance et la fonctionnalit\u00e9 de ANTI-SLIP THINK WHITE RECT 60X120, un carreau de porcelaine qui red\u00e9finit le concept de modernit\u00e9 dans votre maison. Sa couleur blanche, douce et intemporelle, \u00e9voque la s\u00e9r\u00e9nit\u00e9 des espaces minimalistes, tandis que son imitation ciment apporte une touche industrielle et contemporaine. Chaque carreau, rectifi\u00e9 pour une pose pr\u00e9cise et une finition impeccable, mesure 60&#215;120 cm, un format polyvalent qui s&#8217;adapte \u00e0 tous les environnements, des salons spacieux aux salles de bains modernes. <a href=\"https:\/\/tilefly.com\/producto\/think\">THINK <\/a>n&#8217;est pas seulement esth\u00e9tique, il est aussi s\u00fbr. Sa surface antid\u00e9rapante en fait le choix id\u00e9al pour les zones humides ou \u00e0 fort trafic, \u00e9vitant ainsi les accidents et assurant la tranquillit\u00e9 d&#8217;esprit de votre famille. La finition mate met en valeur la texture subtile du design, cr\u00e9ant une atmosph\u00e8re chaleureuse et accueillante.     <\/p><p>Inspir\u00e9 de la collection <a href=\"https:\/\/tilefly.com\/producto\/think\">THINK<\/a>, ce carreau capture l&#8217;essence de la nature et la transforme en un produit d&#8217;excellence technique. Son relief, enrichi de six encres color\u00e9es, d&#8217;une gla\u00e7ure mate, d&#8217;une colle num\u00e9rique, d&#8217;une granille sous vide et d&#8217;un scintillement plein champ, apporte des points de lumi\u00e8re uniques qui illuminent chaque coin de votre maison. L&#8217;image du produit refl\u00e8te un design neutre et polyvalent, avec de petites imperfections et des taches qui simulent l&#8217;aspect du ciment. Ce carrelage est parfait pour cr\u00e9er des environnements contemporains, minimalistes ou industriels, en s&#8217;adaptant \u00e0 vos go\u00fbts et \u00e0 vos besoins.    <\/p><p>Le carrelage ANTI-SLIPTHINK WHITE RECT 60X120 est bien plus qu&#8217;un carrelage, c&#8217;est une d\u00e9claration de style et un engagement de qualit\u00e9. Son mat\u00e9riau en porcelaine garantit durabilit\u00e9 et r\u00e9sistance, tandis que sa facilit\u00e9 de nettoyage et d&#8217;entretien en fait le choix id\u00e9al pour ceux qui recherchent la praticit\u00e9 sans sacrifier le design. Transformez votre maison en un espace unique et personnel gr\u00e2ce \u00e0 ce carreau qui allie la beaut\u00e9 du ciment \u00e0 la s\u00e9curit\u00e9 et au confort que votre famille m\u00e9rite.  <\/p>","protected":false},"excerpt":{"rendered":"<p>ANTI-SLIP THINK WHITE RECT 60X120D\u00e9couvrez l&#8217;\u00e9l\u00e9gance et la fonctionnalit\u00e9 de ANTI-SLIP THINK WHITE RECT 60X120, un carreau de porcelaine qui red\u00e9finit le concept de modernit\u00e9 dans votre maison. Sa couleur blanche, douce et intemporelle, \u00e9voque la s\u00e9r\u00e9nit\u00e9 des espaces minimalistes, tandis que son imitation ciment apporte une touche industrielle et contemporaine. Chaque carreau, rectifi\u00e9 pour [&hellip;]<\/p>\n","protected":false},"featured_media":569030,"comment_status":"open","ping_status":"closed","template":"","meta":[],"product_brand":[],"product_cat":[353,355,356,354],"product_tag":[],"class_list":{"0":"post-570555","1":"product","2":"type-product","3":"status-publish","4":"has-post-thumbnail","6":"product_cat-carrelage","7":"product_cat-cuisines","8":"product_cat-faiences","9":"product_cat-carrelage-salle-de-bain","11":"first","12":"instock","13":"shipping-taxable","14":"purchasable","15":"product-type-simple"},"_links":{"self":[{"href":"https:\/\/tilefly.com\/fr\/wp-json\/wp\/v2\/product\/570555","targetHints":{"allow":["GET"]}}],"collection":[{"href":"https:\/\/tilefly.com\/fr\/wp-json\/wp\/v2\/product"}],"about":[{"href":"https:\/\/tilefly.com\/fr\/wp-json\/wp\/v2\/types\/product"}],"replies":[{"embeddable":true,"href":"https:\/\/tilefly.com\/fr\/wp-json\/wp\/v2\/comments?post=570555"}],"wp:featuredmedia":[{"embeddable":true,"href":"https:\/\/tilefly.com\/fr\/wp-json\/wp\/v2\/media\/569030"}],"wp:attachment":[{"href":"https:\/\/tilefly.com\/fr\/wp-json\/wp\/v2\/media?parent=570555"}],"wp:term":[{"taxonomy":"product_brand","embeddable":true,"href":"https:\/\/tilefly.com\/fr\/wp-json\/wp\/v2\/product_brand?post=570555"},{"taxonomy":"product_cat","embeddable":true,"href":"https:\/\/tilefly.com\/fr\/wp-json\/wp\/v2\/product_cat?post=570555"},{"taxonomy":"product_tag","embeddable":true,"href":"https:\/\/tilefly.com\/fr\/wp-json\/wp\/v2\/product_tag?post=570555"}],"curies":[{"name":"wp","href":"https:\/\/api.w.org\/{rel}","templated":true}]}}