{"id":570030,"date":"2025-03-06T21:27:53","date_gmt":"2025-03-06T20:27:53","guid":{"rendered":"https:\/\/tilefly.com\/producto\/anti-slip-think-coal-rect-60x120\/"},"modified":"2025-03-10T13:46:49","modified_gmt":"2025-03-10T12:46:49","slug":"anti-slip-think-coal-rect-60x120","status":"publish","type":"product","link":"https:\/\/tilefly.com\/fr\/produit\/anti-slip-think-coal-rect-60x120\/","title":{"rendered":"ANTI-SLIP THINK COAL RECT 60X120"},"content":{"rendered":"<h2><strong>ANTI-D\u00c9RAPANT THINK COAL RECT 60X120<\/strong><\/h2><p>D\u00e9couvrez l&#8217;\u00e9l\u00e9gance industrielle avec ANTI-SLIP THINK COAL RECT 60X120, un gr\u00e8s c\u00e9rame qui red\u00e9finit le concept de modernit\u00e9 dans votre maison. Sa couleur gris fonc\u00e9, profonde et sophistiqu\u00e9e, \u00e9voque la solidit\u00e9 du ciment, tandis que les subtiles variations de ton et de texture imitent parfaitement les imperfections naturelles de ce mat\u00e9riau, apportant une touche authentique et contemporaine \u00e0 n&#8217;importe quel espace. <\/p><p>Avec un format de 60&#215;120 cm et une finition mate, ce carreau rectifi\u00e9 offre une esth\u00e9tique \u00e9pur\u00e9e et minimaliste, id\u00e9ale pour les environnements qui recherchent la s\u00e9r\u00e9nit\u00e9 et l&#8217;\u00e9quilibre visuel. Sa qualit\u00e9 antid\u00e9rapante en fait une option s\u00fbre et fonctionnelle, parfaite pour les zones \u00e0 fort trafic ou les espaces humides tels que les salles de bains et les cuisines. <\/p><p>La s\u00e9rie <a href=\"https:\/\/tilefly.com\/producto\/think\">THINK<\/a> se distingue par son excellence technique et son souci du d\u00e9tail, et ce carrelage ne fait pas exception. Fabriqu\u00e9 avec des mat\u00e9riaux de premi\u00e8re qualit\u00e9, il garantit la durabilit\u00e9 et la r\u00e9sistance \u00e0 l&#8217;usure, en gardant sa beaut\u00e9 intacte au fil du temps. Son design polyvalent s&#8217;adapte \u00e0 un large \u00e9ventail de styles d\u00e9coratifs, de l&#8217;industriel au loft en passant par le minimaliste et le scandinave, vous permettant de cr\u00e9er des espaces uniques et personnalis\u00e9s.  <\/p><p>Transformez vos sols et vos murs avec le charme intemporel du b\u00e9ton et la s\u00e9curit\u00e9 d&#8217;un mat\u00e9riau antid\u00e9rapant. ANTI-SLIP THINK COAL RECT 60X120 est le choix parfait pour ceux qui recherchent un design innovant, fonctionnel et durable. <\/p>","protected":false},"excerpt":{"rendered":"<p>ANTI-D\u00c9RAPANT THINK COAL RECT 60X120D\u00e9couvrez l&#8217;\u00e9l\u00e9gance industrielle avec ANTI-SLIP THINK COAL RECT 60X120, un gr\u00e8s c\u00e9rame qui red\u00e9finit le concept de modernit\u00e9 dans votre maison. Sa couleur gris fonc\u00e9, profonde et sophistiqu\u00e9e, \u00e9voque la solidit\u00e9 du ciment, tandis que les subtiles variations de ton et de texture imitent parfaitement les imperfections naturelles de ce mat\u00e9riau, [&hellip;]<\/p>\n","protected":false},"featured_media":569069,"comment_status":"open","ping_status":"closed","template":"","meta":[],"product_brand":[],"product_cat":[353,355,356,354],"product_tag":[],"class_list":{"0":"post-570030","1":"product","2":"type-product","3":"status-publish","4":"has-post-thumbnail","6":"product_cat-carrelage","7":"product_cat-cuisines","8":"product_cat-faiences","9":"product_cat-carrelage-salle-de-bain","11":"first","12":"instock","13":"shipping-taxable","14":"purchasable","15":"product-type-simple"},"_links":{"self":[{"href":"https:\/\/tilefly.com\/fr\/wp-json\/wp\/v2\/product\/570030","targetHints":{"allow":["GET"]}}],"collection":[{"href":"https:\/\/tilefly.com\/fr\/wp-json\/wp\/v2\/product"}],"about":[{"href":"https:\/\/tilefly.com\/fr\/wp-json\/wp\/v2\/types\/product"}],"replies":[{"embeddable":true,"href":"https:\/\/tilefly.com\/fr\/wp-json\/wp\/v2\/comments?post=570030"}],"wp:featuredmedia":[{"embeddable":true,"href":"https:\/\/tilefly.com\/fr\/wp-json\/wp\/v2\/media\/569069"}],"wp:attachment":[{"href":"https:\/\/tilefly.com\/fr\/wp-json\/wp\/v2\/media?parent=570030"}],"wp:term":[{"taxonomy":"product_brand","embeddable":true,"href":"https:\/\/tilefly.com\/fr\/wp-json\/wp\/v2\/product_brand?post=570030"},{"taxonomy":"product_cat","embeddable":true,"href":"https:\/\/tilefly.com\/fr\/wp-json\/wp\/v2\/product_cat?post=570030"},{"taxonomy":"product_tag","embeddable":true,"href":"https:\/\/tilefly.com\/fr\/wp-json\/wp\/v2\/product_tag?post=570030"}],"curies":[{"name":"wp","href":"https:\/\/api.w.org\/{rel}","templated":true}]}}