{"id":570028,"date":"2025-03-06T21:52:13","date_gmt":"2025-03-06T20:52:13","guid":{"rendered":"https:\/\/tilefly.com\/producto\/sorolla-marine-6x246\/"},"modified":"2025-03-10T13:39:35","modified_gmt":"2025-03-10T12:39:35","slug":"sorolla-marine-6x246","status":"publish","type":"product","link":"https:\/\/tilefly.com\/fr\/produit\/sorolla-marine-6x246\/","title":{"rendered":"SOROLLA MARINE 6X24,6"},"content":{"rendered":"<h2><strong>SOROLLA MARINE 6X24,6<\/strong><\/h2><p>Plongez dans une beaut\u00e9 intemporelle avec SOROLLA MARINE 6X24,6, un carreau qui \u00e9voque la s\u00e9r\u00e9nit\u00e9 de l&#8217;oc\u00e9an et la ma\u00eetrise du peintre valencien Joaqu\u00edn Sorolla. Cette pi\u00e8ce, d&#8217;un bleu fonc\u00e9 captivant, capture l&#8217;essence de la M\u00e9diterran\u00e9e avec ses variations de tonalit\u00e9 qui dansent entre des bleus profonds et des touches presque noires, cr\u00e9ant un effet visuel dynamique et enveloppant. <\/p><p>Mesurant 6&#215;24,6 cm, ce carreau de rev\u00eatement de corps blanc offre une surface textur\u00e9e et l\u00e9g\u00e8rement irr\u00e9guli\u00e8re qui simule une finition artisanale ou rustique. Sa finition brillante rehausse la profondeur de la couleur et ajoute une touche de sophistication \u00e0 tout espace. Bien qu&#8217;elle ne soit pas rectifi\u00e9e, sa conception soign\u00e9e assure une pose harmonieuse et un r\u00e9sultat esth\u00e9tique impeccable.  <\/p><p>L&#8217;image du produit r\u00e9v\u00e8le une surface riche en d\u00e9tails, o\u00f9 les petites imperfections et les pores \u00e9voquent la beaut\u00e9 naturelle du ciment ou de la pierre. Ce design, qui fusionne le moderne et le classique, est parfait pour cr\u00e9er des environnements uniques et pleins de personnalit\u00e9. D\u00e9couvrez la collection compl\u00e8te et laissez-vous inspirer par la lumi\u00e8re et les couleurs de la M\u00e9diterran\u00e9e avec <a href=\"https:\/\/tilefly.com\/producto\/sorolla\">SOROLLA<\/a>.    <\/p>","protected":false},"excerpt":{"rendered":"<p>SOROLLA MARINE 6X24,6Plongez dans une beaut\u00e9 intemporelle avec SOROLLA MARINE 6X24,6, un carreau qui \u00e9voque la s\u00e9r\u00e9nit\u00e9 de l&#8217;oc\u00e9an et la ma\u00eetrise du peintre valencien Joaqu\u00edn Sorolla. Cette pi\u00e8ce, d&#8217;un bleu fonc\u00e9 captivant, capture l&#8217;essence de la M\u00e9diterran\u00e9e avec ses variations de tonalit\u00e9 qui dansent entre des bleus profonds et des touches presque noires, cr\u00e9ant [&hellip;]<\/p>\n","protected":false},"featured_media":569370,"comment_status":"open","ping_status":"closed","template":"","meta":[],"product_brand":[],"product_cat":[355,356,354],"product_tag":[],"class_list":{"0":"post-570028","1":"product","2":"type-product","3":"status-publish","4":"has-post-thumbnail","6":"product_cat-cuisines","7":"product_cat-faiences","8":"product_cat-carrelage-salle-de-bain","10":"first","11":"instock","12":"shipping-taxable","13":"purchasable","14":"product-type-simple"},"_links":{"self":[{"href":"https:\/\/tilefly.com\/fr\/wp-json\/wp\/v2\/product\/570028","targetHints":{"allow":["GET"]}}],"collection":[{"href":"https:\/\/tilefly.com\/fr\/wp-json\/wp\/v2\/product"}],"about":[{"href":"https:\/\/tilefly.com\/fr\/wp-json\/wp\/v2\/types\/product"}],"replies":[{"embeddable":true,"href":"https:\/\/tilefly.com\/fr\/wp-json\/wp\/v2\/comments?post=570028"}],"wp:featuredmedia":[{"embeddable":true,"href":"https:\/\/tilefly.com\/fr\/wp-json\/wp\/v2\/media\/569370"}],"wp:attachment":[{"href":"https:\/\/tilefly.com\/fr\/wp-json\/wp\/v2\/media?parent=570028"}],"wp:term":[{"taxonomy":"product_brand","embeddable":true,"href":"https:\/\/tilefly.com\/fr\/wp-json\/wp\/v2\/product_brand?post=570028"},{"taxonomy":"product_cat","embeddable":true,"href":"https:\/\/tilefly.com\/fr\/wp-json\/wp\/v2\/product_cat?post=570028"},{"taxonomy":"product_tag","embeddable":true,"href":"https:\/\/tilefly.com\/fr\/wp-json\/wp\/v2\/product_tag?post=570028"}],"curies":[{"name":"wp","href":"https:\/\/api.w.org\/{rel}","templated":true}]}}