{"id":570026,"date":"2025-03-06T21:52:10","date_gmt":"2025-03-06T20:52:10","guid":{"rendered":"https:\/\/tilefly.com\/producto\/sorolla-blue-6x246\/"},"modified":"2025-03-10T13:39:34","modified_gmt":"2025-03-10T12:39:34","slug":"sorolla-blue-6x246","status":"publish","type":"product","link":"https:\/\/tilefly.com\/fr\/produit\/sorolla-blue-6x246\/","title":{"rendered":"SOROLLA BLUE 6X24,6"},"content":{"rendered":"<h2><strong>SOROLLA BLEU 6X24,6<\/strong><\/h2><p>Plongez dans la s\u00e9r\u00e9nit\u00e9 de la M\u00e9diterran\u00e9e avec le carreau SOROLLA BLUE 6X24,6. Cette pi\u00e8ce, qui appartient \u00e0 la collection <a href=\"https:\/\/tilefly.com\/producto\/sorolla\">SOROLLA<\/a>, capture l&#8217;essence de la mer et du ciel dans un format unique. Mesurant 6&#215;24,6 cm, ce carreau mural \u00e0 corps blanc pr\u00e9sente une finition brillante qui met en valeur sa teinte bleu aigue-marine. Son design \u00e9voque la douceur du ciment vieilli ou l&#8217;\u00e9l\u00e9gance du marbre, avec des variations de ton qui cr\u00e9ent de la profondeur et une touche vintage.     <\/p><p>Chaque carreau pr\u00e9sente des taches claires et fonc\u00e9es qui simulent des imperfections et des veines subtiles, ajoutant un caract\u00e8re artisanal et rustique \u00e0 tout espace. Les bords l\u00e9g\u00e8rement irr\u00e9guliers renforcent cette esth\u00e9tique, rendant chaque pi\u00e8ce unique. La finition brillante refl\u00e8te la lumi\u00e8re, cr\u00e9ant une ambiance lumineuse et accueillante, id\u00e9ale pour les cuisines, les salles de bains ou tout espace recherchant une touche de fra\u00eecheur et d&#8217;originalit\u00e9.    <\/p><p>Le carrelage SOROLLA BLUE est parfait pour ceux qui recherchent un style industriel ou nordique, ajoutant une touche de couleur et de personnalit\u00e9 sans sacrifier l&#8217;\u00e9l\u00e9gance. Sa facilit\u00e9 d&#8217;installation et d&#8217;entretien en fait une option pratique et polyvalente pour tout projet de d\u00e9coration d&#8217;int\u00e9rieur. D\u00e9couvrez la beaut\u00e9 et la chaleur de la M\u00e9diterran\u00e9e dans chaque carreau, et transformez vos espaces avec la magie de <a href=\"https:\/\/tilefly.com\/producto\/sorolla\">SOROLLA<\/a>.  <\/p>","protected":false},"excerpt":{"rendered":"<p>SOROLLA BLEU 6X24,6Plongez dans la s\u00e9r\u00e9nit\u00e9 de la M\u00e9diterran\u00e9e avec le carreau SOROLLA BLUE 6X24,6. Cette pi\u00e8ce, qui appartient \u00e0 la collection SOROLLA, capture l&#8217;essence de la mer et du ciel dans un format unique. Mesurant 6&#215;24,6 cm, ce carreau mural \u00e0 corps blanc pr\u00e9sente une finition brillante qui met en valeur sa teinte bleu [&hellip;]<\/p>\n","protected":false},"featured_media":569357,"comment_status":"open","ping_status":"closed","template":"","meta":[],"product_brand":[],"product_cat":[355,356,354],"product_tag":[],"class_list":{"0":"post-570026","1":"product","2":"type-product","3":"status-publish","4":"has-post-thumbnail","6":"product_cat-cuisines","7":"product_cat-faiences","8":"product_cat-carrelage-salle-de-bain","10":"first","11":"instock","12":"shipping-taxable","13":"purchasable","14":"product-type-simple"},"_links":{"self":[{"href":"https:\/\/tilefly.com\/fr\/wp-json\/wp\/v2\/product\/570026","targetHints":{"allow":["GET"]}}],"collection":[{"href":"https:\/\/tilefly.com\/fr\/wp-json\/wp\/v2\/product"}],"about":[{"href":"https:\/\/tilefly.com\/fr\/wp-json\/wp\/v2\/types\/product"}],"replies":[{"embeddable":true,"href":"https:\/\/tilefly.com\/fr\/wp-json\/wp\/v2\/comments?post=570026"}],"wp:featuredmedia":[{"embeddable":true,"href":"https:\/\/tilefly.com\/fr\/wp-json\/wp\/v2\/media\/569357"}],"wp:attachment":[{"href":"https:\/\/tilefly.com\/fr\/wp-json\/wp\/v2\/media?parent=570026"}],"wp:term":[{"taxonomy":"product_brand","embeddable":true,"href":"https:\/\/tilefly.com\/fr\/wp-json\/wp\/v2\/product_brand?post=570026"},{"taxonomy":"product_cat","embeddable":true,"href":"https:\/\/tilefly.com\/fr\/wp-json\/wp\/v2\/product_cat?post=570026"},{"taxonomy":"product_tag","embeddable":true,"href":"https:\/\/tilefly.com\/fr\/wp-json\/wp\/v2\/product_tag?post=570026"}],"curies":[{"name":"wp","href":"https:\/\/api.w.org\/{rel}","templated":true}]}}