{"id":570009,"date":"2025-03-06T21:34:40","date_gmt":"2025-03-06T20:34:40","guid":{"rendered":"https:\/\/tilefly.com\/producto\/high-thickness-think-grey-rect-100x100\/"},"modified":"2025-03-10T13:39:21","modified_gmt":"2025-03-10T12:39:21","slug":"high-thickness-think-grey-rect-100x100","status":"publish","type":"product","link":"https:\/\/tilefly.com\/fr\/produit\/high-thickness-think-grey-rect-100x100\/","title":{"rendered":"HIGH THICKNESS THINK GREY RECT 100X100"},"content":{"rendered":"<h2><strong>HAUTE \u00c9PAISSEUR THINK GREY RECT 100X100<\/strong><\/h2><p>D\u00e9couvrez l&#8217;\u00e9l\u00e9gance industrielle avec le carreau THINK GREY RECT 100X100 de HAUTE \u00c9PAISSEUR. Ce carreau en gr\u00e8s c\u00e9rame de 100&#215;100 cm, rectifi\u00e9 pour une pose impeccable, red\u00e9finit vos espaces avec l&#8217;authenticit\u00e9 du ciment dans un gris sophistiqu\u00e9. Sa finition mate et ses propri\u00e9t\u00e9s antid\u00e9rapantes en font une option s\u00fbre et esth\u00e9tique pour les sols \u00e0 fort trafic.    <a href=\"https:\/\/tilefly.com\/producto\/think\">PENSER<\/a><\/p><p>Chaque carreau capture l&#8217;essence du b\u00e9ton poli, pr\u00e9sentant des variations de ton qui apportent de la profondeur et un caract\u00e8re unique \u00e0 vos environnements. Leur surface l\u00e9g\u00e8rement granuleuse et leurs imperfections subtiles recr\u00e9ent la texture authentique du b\u00e9ton, id\u00e9ale pour les styles modernes et minimalistes. L&#8217;absence de motifs r\u00e9p\u00e9titifs assure un aspect naturel et continu, parfait pour les espaces contemporains qui recherchent la distinction et la sobri\u00e9t\u00e9.    <\/p><p>La s\u00e9rie <a href=\"https:\/\/tilefly.com\/producto\/think\">THINK<\/a> se distingue par son excellence technique et son design innovant. Ce carrelage, avec son imitation ciment et sa haute r\u00e9sistance, ne se contente pas d&#8217;embellir vos sols, mais garantit \u00e9galement durabilit\u00e9 et facilit\u00e9 d&#8217;entretien. Transformez vos espaces avec une touche industrielle chic, en cr\u00e9ant des environnements qui refl\u00e8tent votre style unique et sophistiqu\u00e9. Id\u00e9al pour les int\u00e9rieurs et les ext\u00e9rieurs, ce carrelage est le choix parfait pour ceux qui recherchent un \u00e9quilibre entre esth\u00e9tique et fonctionnalit\u00e9.   <\/p>","protected":false},"excerpt":{"rendered":"<p>HAUTE \u00c9PAISSEUR THINK GREY RECT 100X100D\u00e9couvrez l&#8217;\u00e9l\u00e9gance industrielle avec le carreau THINK GREY RECT 100X100 de HAUTE \u00c9PAISSEUR. Ce carreau en gr\u00e8s c\u00e9rame de 100&#215;100 cm, rectifi\u00e9 pour une pose impeccable, red\u00e9finit vos espaces avec l&#8217;authenticit\u00e9 du ciment dans un gris sophistiqu\u00e9. Sa finition mate et ses propri\u00e9t\u00e9s antid\u00e9rapantes en font une option s\u00fbre et [&hellip;]<\/p>\n","protected":false},"featured_media":569251,"comment_status":"open","ping_status":"closed","template":"","meta":[],"product_brand":[],"product_cat":[353,355,356,354],"product_tag":[],"class_list":{"0":"post-570009","1":"product","2":"type-product","3":"status-publish","4":"has-post-thumbnail","6":"product_cat-carrelage","7":"product_cat-cuisines","8":"product_cat-faiences","9":"product_cat-carrelage-salle-de-bain","11":"first","12":"instock","13":"shipping-taxable","14":"purchasable","15":"product-type-simple"},"_links":{"self":[{"href":"https:\/\/tilefly.com\/fr\/wp-json\/wp\/v2\/product\/570009","targetHints":{"allow":["GET"]}}],"collection":[{"href":"https:\/\/tilefly.com\/fr\/wp-json\/wp\/v2\/product"}],"about":[{"href":"https:\/\/tilefly.com\/fr\/wp-json\/wp\/v2\/types\/product"}],"replies":[{"embeddable":true,"href":"https:\/\/tilefly.com\/fr\/wp-json\/wp\/v2\/comments?post=570009"}],"wp:featuredmedia":[{"embeddable":true,"href":"https:\/\/tilefly.com\/fr\/wp-json\/wp\/v2\/media\/569251"}],"wp:attachment":[{"href":"https:\/\/tilefly.com\/fr\/wp-json\/wp\/v2\/media?parent=570009"}],"wp:term":[{"taxonomy":"product_brand","embeddable":true,"href":"https:\/\/tilefly.com\/fr\/wp-json\/wp\/v2\/product_brand?post=570009"},{"taxonomy":"product_cat","embeddable":true,"href":"https:\/\/tilefly.com\/fr\/wp-json\/wp\/v2\/product_cat?post=570009"},{"taxonomy":"product_tag","embeddable":true,"href":"https:\/\/tilefly.com\/fr\/wp-json\/wp\/v2\/product_tag?post=570009"}],"curies":[{"name":"wp","href":"https:\/\/api.w.org\/{rel}","templated":true}]}}