{"id":570004,"date":"2025-03-06T21:34:36","date_gmt":"2025-03-06T20:34:36","guid":{"rendered":"https:\/\/tilefly.com\/producto\/high-thickness-think-white-rect-100x100\/"},"modified":"2025-03-10T13:39:16","modified_gmt":"2025-03-10T12:39:16","slug":"high-thickness-think-white-rect-100x100","status":"publish","type":"product","link":"https:\/\/tilefly.com\/fr\/produit\/high-thickness-think-white-rect-100x100\/","title":{"rendered":"HIGH THICKNESS THINK WHITE RECT 100X100"},"content":{"rendered":"<h2><strong>HAUTE \u00c9PAISSEUR THINK WHITE RECT 100X100<\/strong><\/h2><p>D\u00e9couvrez l&#8217;\u00e9l\u00e9gance minimaliste et la r\u00e9sistance sup\u00e9rieure avec le carreau THINK WHITE RECT 100&#215;100 de HAUTE \u00c9PAISSEUR. Ce gr\u00e8s c\u00e9rame, rectifi\u00e9 pour une pose sans d\u00e9faut, capture l&#8217;essence du ciment dans une couleur blanche sophistiqu\u00e9e qui apporte luminosit\u00e9 et espace \u00e0 n&#8217;importe quel espace. Sa finition mate et ses propri\u00e9t\u00e9s antid\u00e9rapantes en font le choix id\u00e9al pour les sols \u00e0 fort trafic, garantissant s\u00e9curit\u00e9 et style \u00e0 chaque pas.  <\/p><p>La texture subtile qui simule le micro-ciment, avec ses l\u00e9g\u00e8res variations d&#8217;intensit\u00e9 et de grain, ajoute une touche d&#8217;authenticit\u00e9 et de profondeur, imitant la beaut\u00e9 naturelle de la pierre ou du b\u00e9ton poli. Parfait pour les environnements modernes et industriels, ce gr\u00e8s c\u00e9rame ne se contente pas d&#8217;embellir, il offre \u00e9galement une durabilit\u00e9 exceptionnelle, r\u00e9sistant \u00e0 l&#8217;\u00e9preuve du temps et aux exigences d&#8217;une utilisation quotidienne. Son grand format 100&#215;100 r\u00e9duit le nombre de joints, cr\u00e9ant une surface visuellement plus propre et plus continue.  <\/p><p>Osez transformer vos espaces avec la collection <a href=\"https:\/\/tilefly.com\/producto\/think\">THINK<\/a>, o\u00f9 l&#8217;excellence technique rencontre un design innovant. Avec six teintes et des d\u00e9tails uniques, cette s\u00e9rie red\u00e9finit les mat\u00e9riaux pour vous offrir des solutions esth\u00e9tiques et fonctionnelles de pointe. D\u00e9couvrez l&#8217;harmonie parfaite entre la forme et la fonction, et cr\u00e9ez des environnements qui refl\u00e8tent votre style unique et sophistiqu\u00e9.  <\/p>","protected":false},"excerpt":{"rendered":"<p>HAUTE \u00c9PAISSEUR THINK WHITE RECT 100X100D\u00e9couvrez l&#8217;\u00e9l\u00e9gance minimaliste et la r\u00e9sistance sup\u00e9rieure avec le carreau THINK WHITE RECT 100&#215;100 de HAUTE \u00c9PAISSEUR. Ce gr\u00e8s c\u00e9rame, rectifi\u00e9 pour une pose sans d\u00e9faut, capture l&#8217;essence du ciment dans une couleur blanche sophistiqu\u00e9e qui apporte luminosit\u00e9 et espace \u00e0 n&#8217;importe quel espace. Sa finition mate et ses propri\u00e9t\u00e9s [&hellip;]<\/p>\n","protected":false},"featured_media":569238,"comment_status":"open","ping_status":"closed","template":"","meta":[],"product_brand":[],"product_cat":[353,355,356,354],"product_tag":[],"class_list":{"0":"post-570004","1":"product","2":"type-product","3":"status-publish","4":"has-post-thumbnail","6":"product_cat-carrelage","7":"product_cat-cuisines","8":"product_cat-faiences","9":"product_cat-carrelage-salle-de-bain","11":"first","12":"instock","13":"shipping-taxable","14":"purchasable","15":"product-type-simple"},"_links":{"self":[{"href":"https:\/\/tilefly.com\/fr\/wp-json\/wp\/v2\/product\/570004","targetHints":{"allow":["GET"]}}],"collection":[{"href":"https:\/\/tilefly.com\/fr\/wp-json\/wp\/v2\/product"}],"about":[{"href":"https:\/\/tilefly.com\/fr\/wp-json\/wp\/v2\/types\/product"}],"replies":[{"embeddable":true,"href":"https:\/\/tilefly.com\/fr\/wp-json\/wp\/v2\/comments?post=570004"}],"wp:featuredmedia":[{"embeddable":true,"href":"https:\/\/tilefly.com\/fr\/wp-json\/wp\/v2\/media\/569238"}],"wp:attachment":[{"href":"https:\/\/tilefly.com\/fr\/wp-json\/wp\/v2\/media?parent=570004"}],"wp:term":[{"taxonomy":"product_brand","embeddable":true,"href":"https:\/\/tilefly.com\/fr\/wp-json\/wp\/v2\/product_brand?post=570004"},{"taxonomy":"product_cat","embeddable":true,"href":"https:\/\/tilefly.com\/fr\/wp-json\/wp\/v2\/product_cat?post=570004"},{"taxonomy":"product_tag","embeddable":true,"href":"https:\/\/tilefly.com\/fr\/wp-json\/wp\/v2\/product_tag?post=570004"}],"curies":[{"name":"wp","href":"https:\/\/api.w.org\/{rel}","templated":true}]}}