{"id":569974,"date":"2025-03-06T21:28:06","date_gmt":"2025-03-06T20:28:06","guid":{"rendered":"https:\/\/tilefly.com\/producto\/think-grey-rect-60x60\/"},"modified":"2025-03-10T13:38:48","modified_gmt":"2025-03-10T12:38:48","slug":"think-grey-rect-60x60","status":"publish","type":"product","link":"https:\/\/tilefly.com\/fr\/produit\/think-grey-rect-60x60\/","title":{"rendered":"THINK GREY RECT 60X60"},"content":{"rendered":"<h2><strong>THINK GREY RECT 60X60<\/strong><\/h2><p>D\u00e9couvrez l&#8217;\u00e9l\u00e9gance intemporelle de THINK GREY RECT 60X60, un carreau de porcelaine qui capture l&#8217;essence du ciment dans un format polyvalent. Sa couleur grise neutre, avec de subtiles variations de ton et de fines textures, apporte de la profondeur et une touche industrielle \u00e0 n&#8217;importe quel espace. La finition mate renforce son caract\u00e8re naturel et sa discr\u00e9tion, en cr\u00e9ant des atmosph\u00e8res contemporaines et minimalistes. Parfait pour les sols comme pour les murs, ce carrelage antid\u00e9rapant offre s\u00e9curit\u00e9 et style \u00e0 chaque pas<a href=\"https:\/\/tilefly.com\/producto\/think\">.<\/a>   <\/p>","protected":false},"excerpt":{"rendered":"<p>THINK GREY RECT 60X60D\u00e9couvrez l&#8217;\u00e9l\u00e9gance intemporelle de THINK GREY RECT 60X60, un carreau de porcelaine qui capture l&#8217;essence du ciment dans un format polyvalent. Sa couleur grise neutre, avec de subtiles variations de ton et de fines textures, apporte de la profondeur et une touche industrielle \u00e0 n&#8217;importe quel espace. La finition mate renforce son [&hellip;]<\/p>\n","protected":false},"featured_media":569108,"comment_status":"open","ping_status":"closed","template":"","meta":[],"product_brand":[],"product_cat":[353,355,356,354],"product_tag":[],"class_list":{"0":"post-569974","1":"product","2":"type-product","3":"status-publish","4":"has-post-thumbnail","6":"product_cat-carrelage","7":"product_cat-cuisines","8":"product_cat-faiences","9":"product_cat-carrelage-salle-de-bain","11":"first","12":"instock","13":"shipping-taxable","14":"purchasable","15":"product-type-simple"},"_links":{"self":[{"href":"https:\/\/tilefly.com\/fr\/wp-json\/wp\/v2\/product\/569974","targetHints":{"allow":["GET"]}}],"collection":[{"href":"https:\/\/tilefly.com\/fr\/wp-json\/wp\/v2\/product"}],"about":[{"href":"https:\/\/tilefly.com\/fr\/wp-json\/wp\/v2\/types\/product"}],"replies":[{"embeddable":true,"href":"https:\/\/tilefly.com\/fr\/wp-json\/wp\/v2\/comments?post=569974"}],"wp:featuredmedia":[{"embeddable":true,"href":"https:\/\/tilefly.com\/fr\/wp-json\/wp\/v2\/media\/569108"}],"wp:attachment":[{"href":"https:\/\/tilefly.com\/fr\/wp-json\/wp\/v2\/media?parent=569974"}],"wp:term":[{"taxonomy":"product_brand","embeddable":true,"href":"https:\/\/tilefly.com\/fr\/wp-json\/wp\/v2\/product_brand?post=569974"},{"taxonomy":"product_cat","embeddable":true,"href":"https:\/\/tilefly.com\/fr\/wp-json\/wp\/v2\/product_cat?post=569974"},{"taxonomy":"product_tag","embeddable":true,"href":"https:\/\/tilefly.com\/fr\/wp-json\/wp\/v2\/product_tag?post=569974"}],"curies":[{"name":"wp","href":"https:\/\/api.w.org\/{rel}","templated":true}]}}