{"id":569971,"date":"2025-03-06T21:27:56","date_gmt":"2025-03-06T20:27:56","guid":{"rendered":"https:\/\/tilefly.com\/producto\/think-white-rect-60x60\/"},"modified":"2025-03-10T13:38:47","modified_gmt":"2025-03-10T12:38:47","slug":"think-white-rect-60x60","status":"publish","type":"product","link":"https:\/\/tilefly.com\/fr\/produit\/think-white-rect-60x60\/","title":{"rendered":"THINK WHITE RECT 60X60"},"content":{"rendered":"<h2><strong>THINK WHITE RECT 60X60<\/strong><\/h2><p>D\u00e9couvrez l&#8217;\u00e9l\u00e9gance subtile de THINK WHITE RECT 60X60, un gr\u00e8s c\u00e9rame qui capture l&#8217;essence du ciment avec une touche de modernit\u00e9. Sa couleur blanc cass\u00e9, presque gris clair, apporte luminosit\u00e9 et espace \u00e0 tous les espaces. Le format 60&#215;60 cm, associ\u00e9 \u00e0 sa rectification, permet une pose pr\u00e9cise et un minimum de joints, cr\u00e9ant ainsi une surface continue et visuellement propre. La finition mate de ce carrelage en gr\u00e8s c\u00e9rame lui conf\u00e8re non seulement un aspect naturel et sophistiqu\u00e9, mais lui conf\u00e8re \u00e9galement des propri\u00e9t\u00e9s antid\u00e9rapantes, ce qui le rend id\u00e9al pour les zones humides telles que les salles de bains et les cuisines. Sa texture, qui imite le microciment, pr\u00e9sente de l\u00e9g\u00e8res irr\u00e9gularit\u00e9s et des variations de ton qui ajoutent de la profondeur et de l&#8217;authenticit\u00e9 \u00e0 chaque pi\u00e8ce. Parfait pour les sols et les murs, ce carrelage s&#8217;int\u00e8gre parfaitement dans les environnements de style moderne, minimaliste ou industriel. Sa polyvalence en fait un excellent choix pour cr\u00e9er des espaces sereins et contemporains. Si vous recherchez une base neutre et \u00e9l\u00e9gante pour votre projet, THINK WHITE est le choix id\u00e9al, vous permettant de jouer avec la d\u00e9coration et les accessoires pour cr\u00e9er un environnement unique et personnalis\u00e9. Explorez la s\u00e9rie compl\u00e8te <a href=\"https:\/\/tilefly.com\/producto\/think\">THINK<\/a> et d\u00e9couvrez toutes les possibilit\u00e9s qu&#8217;elle offre pour transformer vos espaces.        <\/p>","protected":false},"excerpt":{"rendered":"<p>THINK WHITE RECT 60X60D\u00e9couvrez l&#8217;\u00e9l\u00e9gance subtile de THINK WHITE RECT 60X60, un gr\u00e8s c\u00e9rame qui capture l&#8217;essence du ciment avec une touche de modernit\u00e9. Sa couleur blanc cass\u00e9, presque gris clair, apporte luminosit\u00e9 et espace \u00e0 tous les espaces. Le format 60&#215;60 cm, associ\u00e9 \u00e0 sa rectification, permet une pose pr\u00e9cise et un minimum de [&hellip;]<\/p>\n","protected":false},"featured_media":569082,"comment_status":"open","ping_status":"closed","template":"","meta":[],"product_brand":[],"product_cat":[353,355,356,354],"product_tag":[],"class_list":{"0":"post-569971","1":"product","2":"type-product","3":"status-publish","4":"has-post-thumbnail","6":"product_cat-carrelage","7":"product_cat-cuisines","8":"product_cat-faiences","9":"product_cat-carrelage-salle-de-bain","11":"first","12":"instock","13":"shipping-taxable","14":"purchasable","15":"product-type-simple"},"_links":{"self":[{"href":"https:\/\/tilefly.com\/fr\/wp-json\/wp\/v2\/product\/569971","targetHints":{"allow":["GET"]}}],"collection":[{"href":"https:\/\/tilefly.com\/fr\/wp-json\/wp\/v2\/product"}],"about":[{"href":"https:\/\/tilefly.com\/fr\/wp-json\/wp\/v2\/types\/product"}],"replies":[{"embeddable":true,"href":"https:\/\/tilefly.com\/fr\/wp-json\/wp\/v2\/comments?post=569971"}],"wp:featuredmedia":[{"embeddable":true,"href":"https:\/\/tilefly.com\/fr\/wp-json\/wp\/v2\/media\/569082"}],"wp:attachment":[{"href":"https:\/\/tilefly.com\/fr\/wp-json\/wp\/v2\/media?parent=569971"}],"wp:term":[{"taxonomy":"product_brand","embeddable":true,"href":"https:\/\/tilefly.com\/fr\/wp-json\/wp\/v2\/product_brand?post=569971"},{"taxonomy":"product_cat","embeddable":true,"href":"https:\/\/tilefly.com\/fr\/wp-json\/wp\/v2\/product_cat?post=569971"},{"taxonomy":"product_tag","embeddable":true,"href":"https:\/\/tilefly.com\/fr\/wp-json\/wp\/v2\/product_tag?post=569971"}],"curies":[{"name":"wp","href":"https:\/\/api.w.org\/{rel}","templated":true}]}}