{"id":569963,"date":"2025-03-06T21:52:25","date_gmt":"2025-03-06T20:52:25","guid":{"rendered":"https:\/\/tilefly.com\/producto\/sorolla-green-6x246\/"},"modified":"2025-03-10T13:37:50","modified_gmt":"2025-03-10T12:37:50","slug":"sorolla-green-6x246","status":"publish","type":"product","link":"https:\/\/tilefly.com\/fr\/produit\/sorolla-green-6x246\/","title":{"rendered":"SOROLLA GREEN 6X24,6"},"content":{"rendered":"<h2><strong>SOROLLA VERT 6X24,6<\/strong><\/h2><p>Plongez dans la s\u00e9r\u00e9nit\u00e9 et l&#8217;\u00e9l\u00e9gance avec le carlage SOROLLA GREEN 6X24,6. Cette pi\u00e8ce, inspir\u00e9e de l&#8217;\u0153uvre du ma\u00eetre Joaqu\u00edn Sorolla, capture l&#8217;essence de la M\u00e9diterran\u00e9e avec sa teinte vert olive fonc\u00e9 et sa finition brillante qui \u00e9voque la lumi\u00e8re et la vitalit\u00e9 de la nature. Id\u00e9al pour la Fa\u00efence murale, ce carreau de corps blanc, avec son format rectangulaire de 6&#215;24,6 cm, apporte une touche distinctive et sophistiqu\u00e9e \u00e0 n&#8217;importe quel espace.  <\/p><p>Sa surface pr\u00e9sente des variations de tonalit\u00e9 qui rappellent le marbre ou la pierre naturelle, avec des veines et des taches qui lui conf\u00e8rent un aspect rustique et \u00e9l\u00e9gant. La finition brillante met en valeur ces caract\u00e9ristiques, en refl\u00e9tant la lumi\u00e8re et en cr\u00e9ant une atmosph\u00e8re chaleureuse et accueillante. Parfait pour les environnements int\u00e9rieurs et ext\u00e9rieurs, le carreau SOROLLA GREEN est un choix polyvalent qui s&#8217;adapte \u00e0 diff\u00e9rents styles, des plus classiques aux plus contemporains.  <\/p><p>D\u00e9corez votre int\u00e9rieur avec une pi\u00e8ce qui non seulement embellit, mais rend \u00e9galement hommage \u00e0 l&#8217;art et \u00e0 la culture. D\u00e9couvrez la collection compl\u00e8te <a href=\"https:\/\/tilefly.com\/producto\/sorolla\">SOROLLA<\/a> et laissez-vous inspirer par la beaut\u00e9 de la M\u00e9diterran\u00e9e. <\/p>","protected":false},"excerpt":{"rendered":"<p>SOROLLA VERT 6X24,6Plongez dans la s\u00e9r\u00e9nit\u00e9 et l&#8217;\u00e9l\u00e9gance avec le carlage SOROLLA GREEN 6X24,6. Cette pi\u00e8ce, inspir\u00e9e de l&#8217;\u0153uvre du ma\u00eetre Joaqu\u00edn Sorolla, capture l&#8217;essence de la M\u00e9diterran\u00e9e avec sa teinte vert olive fonc\u00e9 et sa finition brillante qui \u00e9voque la lumi\u00e8re et la vitalit\u00e9 de la nature. Id\u00e9al pour la Fa\u00efence murale, ce carreau [&hellip;]<\/p>\n","protected":false},"featured_media":569409,"comment_status":"open","ping_status":"closed","template":"","meta":[],"product_brand":[],"product_cat":[355,356,354],"product_tag":[],"class_list":{"0":"post-569963","1":"product","2":"type-product","3":"status-publish","4":"has-post-thumbnail","6":"product_cat-cuisines","7":"product_cat-faiences","8":"product_cat-carrelage-salle-de-bain","10":"first","11":"instock","12":"shipping-taxable","13":"purchasable","14":"product-type-simple"},"_links":{"self":[{"href":"https:\/\/tilefly.com\/fr\/wp-json\/wp\/v2\/product\/569963","targetHints":{"allow":["GET"]}}],"collection":[{"href":"https:\/\/tilefly.com\/fr\/wp-json\/wp\/v2\/product"}],"about":[{"href":"https:\/\/tilefly.com\/fr\/wp-json\/wp\/v2\/types\/product"}],"replies":[{"embeddable":true,"href":"https:\/\/tilefly.com\/fr\/wp-json\/wp\/v2\/comments?post=569963"}],"wp:featuredmedia":[{"embeddable":true,"href":"https:\/\/tilefly.com\/fr\/wp-json\/wp\/v2\/media\/569409"}],"wp:attachment":[{"href":"https:\/\/tilefly.com\/fr\/wp-json\/wp\/v2\/media?parent=569963"}],"wp:term":[{"taxonomy":"product_brand","embeddable":true,"href":"https:\/\/tilefly.com\/fr\/wp-json\/wp\/v2\/product_brand?post=569963"},{"taxonomy":"product_cat","embeddable":true,"href":"https:\/\/tilefly.com\/fr\/wp-json\/wp\/v2\/product_cat?post=569963"},{"taxonomy":"product_tag","embeddable":true,"href":"https:\/\/tilefly.com\/fr\/wp-json\/wp\/v2\/product_tag?post=569963"}],"curies":[{"name":"wp","href":"https:\/\/api.w.org\/{rel}","templated":true}]}}