{"id":569958,"date":"2025-03-06T21:52:21","date_gmt":"2025-03-06T20:52:21","guid":{"rendered":"https:\/\/tilefly.com\/producto\/sorolla-ocher-6x246\/"},"modified":"2025-03-10T13:37:47","modified_gmt":"2025-03-10T12:37:47","slug":"sorolla-ocher-6x246","status":"publish","type":"product","link":"https:\/\/tilefly.com\/fr\/produit\/sorolla-ocher-6x246\/","title":{"rendered":"SOROLLA OCHER 6X24,6"},"content":{"rendered":"<h2><strong>SOROLLA OCRE 6X24,6<\/strong><\/h2><p>Plongez dans la chaleur et le charme rustique avec le carreau SOROLLA OCHER 6X24,6. Cette pi\u00e8ce, inspir\u00e9e par la lumi\u00e8re et les couleurs de la M\u00e9diterran\u00e9e, capture l&#8217;essence de l&#8217;h\u00e9ritage de Joaqu\u00edn Sorolla, rendant ainsi hommage \u00e0 son \u0153uvre immortelle. D\u00e9couvrez la s\u00e9rie <a href=\"https:\/\/tilefly.com\/producto\/sorolla\">SOROLLA<\/a>.  <\/p><p>Mesurant 6&#215;24,6 cm, cette dalle de Fa\u00efence \u00e0 corps blanc pr\u00e9sente une finition brillante captivante qui met en valeur sa teinte ocre-brun. Son design d\u00e9cor\u00e9, avec de subtiles variations de couleur et des mouchetures sombres, \u00e9voque la beaut\u00e9 naturelle du b\u00e9ton ou du gr\u00e8s vieilli, apportant un sentiment de chaleur et d&#8217;authenticit\u00e9 \u00e0 n&#8217;importe quel espace. Comme il n&#8217;est pas rectifi\u00e9, il conserve un charme artisanal qui renforce son caract\u00e8re unique.  <\/p><p>Le SOROLLA OCHER est id\u00e9al pour cr\u00e9er des ambiances cosy et pleines de personnalit\u00e9, que ce soit dans les cuisines, les salles de bains ou les salons. Sa surface brillante refl\u00e8te la lumi\u00e8re, agrandissant visuellement l&#8217;espace et apportant une touche d&#8217;\u00e9l\u00e9gance discr\u00e8te. Les variations d&#8217;intensit\u00e9 de la couleur et les petites imperfections de son dessin ajoutent un caract\u00e8re unique \u00e0 chaque carreau, cr\u00e9ant une atmosph\u00e8re riche en nuances et en textures.    <\/p><p>Imaginez votre mur carrel\u00e9 avec ce bijou de c\u00e9ramique, vous transportant dans les paysages ensoleill\u00e9s et vivants qui ont inspir\u00e9 le ma\u00eetre Sorolla. Chaque d\u00e9tail de ce carreau a \u00e9t\u00e9 soigneusement con\u00e7u pour capturer l&#8217;essence de son \u0153uvre et transmettre la lumi\u00e8re et la chaleur de la M\u00e9diterran\u00e9e \u00e0 votre int\u00e9rieur. Donnez une touche artistique et intemporelle \u00e0 vos espaces avec le SOROLLA OCHER 6X24,6, une pi\u00e8ce qui c\u00e9l\u00e8bre la beaut\u00e9 de la nature et l&#8217;h\u00e9ritage d&#8217;un g\u00e9nie.  <\/p>","protected":false},"excerpt":{"rendered":"<p>SOROLLA OCRE 6X24,6Plongez dans la chaleur et le charme rustique avec le carreau SOROLLA OCHER 6X24,6. Cette pi\u00e8ce, inspir\u00e9e par la lumi\u00e8re et les couleurs de la M\u00e9diterran\u00e9e, capture l&#8217;essence de l&#8217;h\u00e9ritage de Joaqu\u00edn Sorolla, rendant ainsi hommage \u00e0 son \u0153uvre immortelle. D\u00e9couvrez la s\u00e9rie SOROLLA. Mesurant 6&#215;24,6 cm, cette dalle de Fa\u00efence \u00e0 corps [&hellip;]<\/p>\n","protected":false},"featured_media":569396,"comment_status":"open","ping_status":"closed","template":"","meta":[],"product_brand":[],"product_cat":[355,356,354],"product_tag":[],"class_list":{"0":"post-569958","1":"product","2":"type-product","3":"status-publish","4":"has-post-thumbnail","6":"product_cat-cuisines","7":"product_cat-faiences","8":"product_cat-carrelage-salle-de-bain","10":"first","11":"instock","12":"shipping-taxable","13":"purchasable","14":"product-type-simple"},"_links":{"self":[{"href":"https:\/\/tilefly.com\/fr\/wp-json\/wp\/v2\/product\/569958","targetHints":{"allow":["GET"]}}],"collection":[{"href":"https:\/\/tilefly.com\/fr\/wp-json\/wp\/v2\/product"}],"about":[{"href":"https:\/\/tilefly.com\/fr\/wp-json\/wp\/v2\/types\/product"}],"replies":[{"embeddable":true,"href":"https:\/\/tilefly.com\/fr\/wp-json\/wp\/v2\/comments?post=569958"}],"wp:featuredmedia":[{"embeddable":true,"href":"https:\/\/tilefly.com\/fr\/wp-json\/wp\/v2\/media\/569396"}],"wp:attachment":[{"href":"https:\/\/tilefly.com\/fr\/wp-json\/wp\/v2\/media?parent=569958"}],"wp:term":[{"taxonomy":"product_brand","embeddable":true,"href":"https:\/\/tilefly.com\/fr\/wp-json\/wp\/v2\/product_brand?post=569958"},{"taxonomy":"product_cat","embeddable":true,"href":"https:\/\/tilefly.com\/fr\/wp-json\/wp\/v2\/product_cat?post=569958"},{"taxonomy":"product_tag","embeddable":true,"href":"https:\/\/tilefly.com\/fr\/wp-json\/wp\/v2\/product_tag?post=569958"}],"curies":[{"name":"wp","href":"https:\/\/api.w.org\/{rel}","templated":true}]}}