{"id":569946,"date":"2025-03-06T21:34:53","date_gmt":"2025-03-06T20:34:53","guid":{"rendered":"https:\/\/tilefly.com\/producto\/anti-slip-think-white-rect-60x60\/"},"modified":"2025-03-10T13:37:36","modified_gmt":"2025-03-10T12:37:36","slug":"anti-slip-think-white-rect-60x60","status":"publish","type":"product","link":"https:\/\/tilefly.com\/fr\/produit\/anti-slip-think-white-rect-60x60\/","title":{"rendered":"ANTI-SLIP THINK WHITE RECT 60X60"},"content":{"rendered":"<h2><strong>PENSEZ ANTID\u00c9RAPANT BLANC RECT 60X60<\/strong><\/h2><p>D\u00e9couvrez l&#8217;\u00e9l\u00e9gance et la fonctionnalit\u00e9 d&#8217;ANTI-SLIP THINK WHITE RECT 60X60, un carreau de gr\u00e8s c\u00e9rame qui red\u00e9finit les espaces gr\u00e2ce \u00e0 son esth\u00e9tique minimaliste et \u00e0 sa finition mate antid\u00e9rapante. Cette pi\u00e8ce, inspir\u00e9e par la s\u00e9r\u00e9nit\u00e9 des mat\u00e9riaux naturels, offre une surface qui \u00e9voque la texture lisse et les tons subtils du ciment. Sa couleur blanc cass\u00e9 ou gris clair, avec de l\u00e9g\u00e8res variations qui simulent le passage du temps, apporte luminosit\u00e9 et espace \u00e0 tout environnement, s&#8217;int\u00e9grant harmonieusement dans des styles d\u00e9coratifs allant de l&#8217;industriel au rustique. Son format de 60&#215;60 cm et son dessin rectifi\u00e9 garantissent une pose pr\u00e9cise et un aspect uniforme, id\u00e9al pour les rev\u00eatements de sol qui recherchent la perfection dans les moindres d\u00e9tails.   <\/p><p>Fabriqu\u00e9 \u00e0 partir de gr\u00e8s c\u00e9rame de haute qualit\u00e9, ce carrelage est non seulement visuellement attrayant, mais aussi r\u00e9sistant et durable, parfait pour les zones \u00e0 fort trafic qui n\u00e9cessitent un entretien facile. Sa caract\u00e9ristique antid\u00e9rapante en fait un choix s\u00fbr pour les salles de Bain, les cuisines et les espaces ext\u00e9rieurs o\u00f9 la s\u00e9curit\u00e9 est primordiale. En choisissant ANTI-SLIP THINK WHITE RECT 60X60, vous investissez dans un produit polyvalent qui allie beaut\u00e9, fonctionnalit\u00e9 et s\u00e9curit\u00e9 en un seul \u00e9l\u00e9ment.  <\/p><p>Laissez-vous inspirer par la collection <a href=\"https:\/\/tilefly.com\/producto\/think\">THINK<\/a> et transformez vos espaces gr\u00e2ce \u00e0 l&#8217;authenticit\u00e9 de mat\u00e9riaux r\u00e9interpr\u00e9t\u00e9s.<\/p>","protected":false},"excerpt":{"rendered":"<p>PENSEZ ANTID\u00c9RAPANT BLANC RECT 60X60D\u00e9couvrez l&#8217;\u00e9l\u00e9gance et la fonctionnalit\u00e9 d&#8217;ANTI-SLIP THINK WHITE RECT 60X60, un carreau de gr\u00e8s c\u00e9rame qui red\u00e9finit les espaces gr\u00e2ce \u00e0 son esth\u00e9tique minimaliste et \u00e0 sa finition mate antid\u00e9rapante. Cette pi\u00e8ce, inspir\u00e9e par la s\u00e9r\u00e9nit\u00e9 des mat\u00e9riaux naturels, offre une surface qui \u00e9voque la texture lisse et les tons subtils [&hellip;]<\/p>\n","protected":false},"featured_media":569290,"comment_status":"open","ping_status":"closed","template":"","meta":[],"product_brand":[],"product_cat":[353,355,356,354],"product_tag":[],"class_list":{"0":"post-569946","1":"product","2":"type-product","3":"status-publish","4":"has-post-thumbnail","6":"product_cat-carrelage","7":"product_cat-cuisines","8":"product_cat-faiences","9":"product_cat-carrelage-salle-de-bain","11":"first","12":"instock","13":"shipping-taxable","14":"purchasable","15":"product-type-simple"},"_links":{"self":[{"href":"https:\/\/tilefly.com\/fr\/wp-json\/wp\/v2\/product\/569946","targetHints":{"allow":["GET"]}}],"collection":[{"href":"https:\/\/tilefly.com\/fr\/wp-json\/wp\/v2\/product"}],"about":[{"href":"https:\/\/tilefly.com\/fr\/wp-json\/wp\/v2\/types\/product"}],"replies":[{"embeddable":true,"href":"https:\/\/tilefly.com\/fr\/wp-json\/wp\/v2\/comments?post=569946"}],"wp:featuredmedia":[{"embeddable":true,"href":"https:\/\/tilefly.com\/fr\/wp-json\/wp\/v2\/media\/569290"}],"wp:attachment":[{"href":"https:\/\/tilefly.com\/fr\/wp-json\/wp\/v2\/media?parent=569946"}],"wp:term":[{"taxonomy":"product_brand","embeddable":true,"href":"https:\/\/tilefly.com\/fr\/wp-json\/wp\/v2\/product_brand?post=569946"},{"taxonomy":"product_cat","embeddable":true,"href":"https:\/\/tilefly.com\/fr\/wp-json\/wp\/v2\/product_cat?post=569946"},{"taxonomy":"product_tag","embeddable":true,"href":"https:\/\/tilefly.com\/fr\/wp-json\/wp\/v2\/product_tag?post=569946"}],"curies":[{"name":"wp","href":"https:\/\/api.w.org\/{rel}","templated":true}]}}