{"id":569943,"date":"2025-03-06T23:16:44","date_gmt":"2025-03-06T22:16:44","guid":{"rendered":"https:\/\/tilefly.com\/producto\/boiserie-limestone-grey-25x75\/"},"modified":"2025-03-10T13:37:18","modified_gmt":"2025-03-10T12:37:18","slug":"boiserie-limestone-grey-25x75","status":"publish","type":"product","link":"https:\/\/tilefly.com\/fr\/produit\/boiserie-limestone-grey-25x75\/","title":{"rendered":"BOISERIE LIMESTONE GREY 25X75"},"content":{"rendered":"<h2><strong>BOISERIE GRIS CALCAIRE 25X75<\/strong><\/h2><p>D\u00e9couvrez l&#8217;\u00e9l\u00e9gance intemporelle avec BOISERIE LIMESTONE GREY 25X75, un carrelage mural \u00e0 p\u00e2te blanche qui red\u00e9finit le concept de sophistication dans vos espaces. Son ton gris\u00e2tre, inspir\u00e9 de la noble pierre calcaire, apporte s\u00e9r\u00e9nit\u00e9 et une touche de distinction \u00e0 tout environnement. Le format 25&#215;75 cm est parfait pour cr\u00e9er des compositions visuellement attrayantes, tandis que sa finition mate met en valeur la beaut\u00e9 naturelle de l&#8217;imitation pierre, transmettant chaleur et confort.  <\/p><p>L&#8217;image du produit r\u00e9v\u00e8le un carreau rectangulaire m\u00e9ticuleusement con\u00e7u pour le rev\u00eatement des murs ou des sols. Sa couleur gris clair \u00e9voque une finition vieillie, semblable \u00e0 la pierre naturelle ou au ciment poli. Le design pr\u00e9sente un cadre gaufr\u00e9 sur tout le p\u00e9rim\u00e8tre, cr\u00e9ant un effet de panneau ou de moulure classique. Ce cadre, compos\u00e9 de lignes parall\u00e8les en relief, ajoute de la profondeur et un aspect d\u00e9coratif \u00e9labor\u00e9. La surface centrale, plus claire, pr\u00e9sente de subtiles variations de couleur, imitant les veines et les marques de mat\u00e9riaux tels que le marbre ou la pierre calcaire.    <\/p><p>Ce bardage non rectifi\u00e9 se distingue par sa polyvalence, s&#8217;adaptant aux styles classique, rustique et moderne. Son design imitant la pierre capture l&#8217;essence de la nature, offrant une alternative pratique et durable aux mat\u00e9riaux d&#8217;origine. Chaque carreau raconte une histoire, vous invitant \u00e0 cr\u00e9er des espaces uniques et pleins de personnalit\u00e9. Pour explorer la collection compl\u00e8te et d\u00e9couvrir comment BOISERIE LIMESTONE GREY peut transformer votre int\u00e9rieur, visitez <a href=\"https:\/\/tilefly.com\/producto\/limestone\">LIMESTONE<\/a>.   <\/p>","protected":false},"excerpt":{"rendered":"<p>BOISERIE GRIS CALCAIRE 25X75D\u00e9couvrez l&#8217;\u00e9l\u00e9gance intemporelle avec BOISERIE LIMESTONE GREY 25X75, un carrelage mural \u00e0 p\u00e2te blanche qui red\u00e9finit le concept de sophistication dans vos espaces. Son ton gris\u00e2tre, inspir\u00e9 de la noble pierre calcaire, apporte s\u00e9r\u00e9nit\u00e9 et une touche de distinction \u00e0 tout environnement. Le format 25&#215;75 cm est parfait pour cr\u00e9er des compositions [&hellip;]<\/p>\n","protected":false},"featured_media":569829,"comment_status":"open","ping_status":"closed","template":"","meta":[],"product_brand":[],"product_cat":[355,356,354],"product_tag":[],"class_list":{"0":"post-569943","1":"product","2":"type-product","3":"status-publish","4":"has-post-thumbnail","6":"product_cat-cuisines","7":"product_cat-faiences","8":"product_cat-carrelage-salle-de-bain","10":"first","11":"instock","12":"shipping-taxable","13":"purchasable","14":"product-type-simple"},"_links":{"self":[{"href":"https:\/\/tilefly.com\/fr\/wp-json\/wp\/v2\/product\/569943","targetHints":{"allow":["GET"]}}],"collection":[{"href":"https:\/\/tilefly.com\/fr\/wp-json\/wp\/v2\/product"}],"about":[{"href":"https:\/\/tilefly.com\/fr\/wp-json\/wp\/v2\/types\/product"}],"replies":[{"embeddable":true,"href":"https:\/\/tilefly.com\/fr\/wp-json\/wp\/v2\/comments?post=569943"}],"wp:featuredmedia":[{"embeddable":true,"href":"https:\/\/tilefly.com\/fr\/wp-json\/wp\/v2\/media\/569829"}],"wp:attachment":[{"href":"https:\/\/tilefly.com\/fr\/wp-json\/wp\/v2\/media?parent=569943"}],"wp:term":[{"taxonomy":"product_brand","embeddable":true,"href":"https:\/\/tilefly.com\/fr\/wp-json\/wp\/v2\/product_brand?post=569943"},{"taxonomy":"product_cat","embeddable":true,"href":"https:\/\/tilefly.com\/fr\/wp-json\/wp\/v2\/product_cat?post=569943"},{"taxonomy":"product_tag","embeddable":true,"href":"https:\/\/tilefly.com\/fr\/wp-json\/wp\/v2\/product_tag?post=569943"}],"curies":[{"name":"wp","href":"https:\/\/api.w.org\/{rel}","templated":true}]}}