{"id":569931,"date":"2025-03-06T23:16:31","date_gmt":"2025-03-06T22:16:31","guid":{"rendered":"https:\/\/tilefly.com\/producto\/limestone-grey-rect-60x60\/"},"modified":"2025-03-10T13:37:05","modified_gmt":"2025-03-10T12:37:05","slug":"limestone-grey-rect-60x60","status":"publish","type":"product","link":"https:\/\/tilefly.com\/fr\/produit\/limestone-grey-rect-60x60\/","title":{"rendered":"LIMESTONE GREY RECT 60X60"},"content":{"rendered":"<h2><strong>GRIS CALCAIRE RECT 60X60<\/strong><\/h2><p>D\u00e9couvrez une \u00e9l\u00e9gance intemporelle avec le carrelage <a href=\"https:\/\/tilefly.com\/producto\/limestone\">LIMESTONE<\/a> GREY RECT 60X60. Cette pi\u00e8ce, dans un ton gris sophistiqu\u00e9 qui \u00e9voque la s\u00e9r\u00e9nit\u00e9 de la pierre naturelle, red\u00e9finit l&#8217;esth\u00e9tique de vos espaces par sa beaut\u00e9 subtile. Son format 60&#215;60 cm, id\u00e9al pour le sol, apporte de l&#8217;espace et une continuit\u00e9 visuelle \u00e0 tous les environnements, du salon \u00e0 la cuisine en passant par la salle de Bain.  <\/p><p>Fabriqu\u00e9 en gr\u00e8s c\u00e9rame de haute qualit\u00e9, ce carrelage se distingue non seulement par son esth\u00e9tique, mais aussi par sa durabilit\u00e9 et sa r\u00e9sistance. Parfait pour les zones \u00e0 fort trafic, il r\u00e9siste \u00e0 l&#8217;usure quotidienne tout en conservant un aspect impeccable au fil du temps. Sa finition mate offre une surface antid\u00e9rapante et facile \u00e0 nettoyer, assurant s\u00e9curit\u00e9 et confort dans votre maison.  <\/p><p>La technologie de meulage utilis\u00e9e pour sa fabrication garantit des bords pr\u00e9cis et uniformes, permettant une installation avec un minimum de joints et une finition plus polie et moderne. L&#8217;imitation pierre, avec ses veines d\u00e9licates et ses nuances de gris, apporte une touche d&#8217;authenticit\u00e9 et de chaleur \u00e0 vos espaces, cr\u00e9ant une atmosph\u00e8re accueillante et relaxante. <\/p><p><a href=\"https:\/\/tilefly.com\/producto\/limestone\">LIMESTONE<\/a> GREY RECT 60X60 est le choix id\u00e9al pour ceux qui recherchent un \u00e9quilibre entre style et fonctionnalit\u00e9. Sa polyvalence lui permet de s&#8217;adapter \u00e0 diff\u00e9rents styles d\u00e9coratifs, du plus minimaliste au plus rustique. Transformez vos espaces avec ce carrelage qui capture l&#8217;essence de la pierre naturelle avec la praticit\u00e9 de la porcelaine.  <\/p>","protected":false},"excerpt":{"rendered":"<p>GRIS CALCAIRE RECT 60X60D\u00e9couvrez une \u00e9l\u00e9gance intemporelle avec le carrelage LIMESTONE GREY RECT 60X60. Cette pi\u00e8ce, dans un ton gris sophistiqu\u00e9 qui \u00e9voque la s\u00e9r\u00e9nit\u00e9 de la pierre naturelle, red\u00e9finit l&#8217;esth\u00e9tique de vos espaces par sa beaut\u00e9 subtile. Son format 60&#215;60 cm, id\u00e9al pour le sol, apporte de l&#8217;espace et une continuit\u00e9 visuelle \u00e0 tous [&hellip;]<\/p>\n","protected":false},"featured_media":569777,"comment_status":"open","ping_status":"closed","template":"","meta":[],"product_brand":[],"product_cat":[353,355,356,354],"product_tag":[],"class_list":{"0":"post-569931","1":"product","2":"type-product","3":"status-publish","4":"has-post-thumbnail","6":"product_cat-carrelage","7":"product_cat-cuisines","8":"product_cat-faiences","9":"product_cat-carrelage-salle-de-bain","11":"first","12":"instock","13":"shipping-taxable","14":"purchasable","15":"product-type-simple"},"_links":{"self":[{"href":"https:\/\/tilefly.com\/fr\/wp-json\/wp\/v2\/product\/569931","targetHints":{"allow":["GET"]}}],"collection":[{"href":"https:\/\/tilefly.com\/fr\/wp-json\/wp\/v2\/product"}],"about":[{"href":"https:\/\/tilefly.com\/fr\/wp-json\/wp\/v2\/types\/product"}],"replies":[{"embeddable":true,"href":"https:\/\/tilefly.com\/fr\/wp-json\/wp\/v2\/comments?post=569931"}],"wp:featuredmedia":[{"embeddable":true,"href":"https:\/\/tilefly.com\/fr\/wp-json\/wp\/v2\/media\/569777"}],"wp:attachment":[{"href":"https:\/\/tilefly.com\/fr\/wp-json\/wp\/v2\/media?parent=569931"}],"wp:term":[{"taxonomy":"product_brand","embeddable":true,"href":"https:\/\/tilefly.com\/fr\/wp-json\/wp\/v2\/product_brand?post=569931"},{"taxonomy":"product_cat","embeddable":true,"href":"https:\/\/tilefly.com\/fr\/wp-json\/wp\/v2\/product_cat?post=569931"},{"taxonomy":"product_tag","embeddable":true,"href":"https:\/\/tilefly.com\/fr\/wp-json\/wp\/v2\/product_tag?post=569931"}],"curies":[{"name":"wp","href":"https:\/\/api.w.org\/{rel}","templated":true}]}}