{"id":569925,"date":"2025-03-06T23:16:27","date_gmt":"2025-03-06T22:16:27","guid":{"rendered":"https:\/\/tilefly.com\/producto\/limestone-cream-25x75\/"},"modified":"2025-03-10T13:37:01","modified_gmt":"2025-03-10T12:37:01","slug":"limestone-cream-25x75","status":"publish","type":"product","link":"https:\/\/tilefly.com\/fr\/produit\/limestone-cream-25x75\/","title":{"rendered":"LIMESTONE CREAM 25X75"},"content":{"rendered":"<h2><strong>CR\u00c8ME CALCAIRE 25X75<\/strong><\/h2><p>D\u00e9couvrez l&#8217;\u00e9l\u00e9gance naturelle avec le Carrelage <a href=\"https:\/\/tilefly.com\/producto\/limestone\">LIMESTONE<\/a> CREAM 25X75. Cette Fa\u00efence, au format 25&#215;75 cm, capture l&#8217;essence de la pierre calcaire dans un ton cr\u00e8me d\u00e9licat qui illumine n&#8217;importe quel espace. Son design imitant la pierre, rendu dans un corps blanc de haute qualit\u00e9, offre une esth\u00e9tique intemporelle avec la praticit\u00e9 d&#8217;un mat\u00e9riau moderne. La finition mate rehausse l&#8217;authenticit\u00e9 de la pierre, apportant chaleur et sophistication \u00e0 vos murs.   <\/p><p>Le carreau pr\u00e9sente un veinage subtil et des variations de couleur qui imitent la texture naturelle du marbre ou de la pierre calcaire, cr\u00e9ant ainsi une impression de profondeur et de r\u00e9alisme. Les l\u00e9g\u00e8res imperfections et marques simulent l&#8217;usure naturelle de la pierre, ajoutant une touche rustique et authentique. La surface l\u00e9g\u00e8rement textur\u00e9e am\u00e9liore non seulement la prise en main, mais ajoute \u00e9galement un charme tactile qui invite \u00e0 l&#8217;appr\u00e9ciation.  <\/p><p>Id\u00e9al pour recouvrir les murs des salles de bains, des cuisines ou de tout espace int\u00e9rieur, le carreau LIMESTONE CREAM transformera vos environnements gr\u00e2ce \u00e0 sa s\u00e9r\u00e9nit\u00e9 et \u00e0 son style. Sa polyvalence lui permet de s&#8217;associer \u00e0 diff\u00e9rents styles de d\u00e9coration, des plus classiques aux plus contemporains. D\u00e9couvrez la beaut\u00e9 de la pierre naturelle sans sacrifier la facilit\u00e9 d&#8217;entretien et la durabilit\u00e9 offertes par la c\u00e9ramique \u00e0 p\u00e2te blanche. \u00c9levez vos espaces avec la sophistication et le charme de la collection <a href=\"https:\/\/tilefly.com\/producto\/limestone\">LIMESTONE<\/a>.   <\/p>","protected":false},"excerpt":{"rendered":"<p>CR\u00c8ME CALCAIRE 25X75D\u00e9couvrez l&#8217;\u00e9l\u00e9gance naturelle avec le Carrelage LIMESTONE CREAM 25X75. Cette Fa\u00efence, au format 25&#215;75 cm, capture l&#8217;essence de la pierre calcaire dans un ton cr\u00e8me d\u00e9licat qui illumine n&#8217;importe quel espace. Son design imitant la pierre, rendu dans un corps blanc de haute qualit\u00e9, offre une esth\u00e9tique intemporelle avec la praticit\u00e9 d&#8217;un mat\u00e9riau [&hellip;]<\/p>\n","protected":false},"featured_media":569764,"comment_status":"open","ping_status":"closed","template":"","meta":[],"product_brand":[],"product_cat":[355,356,354],"product_tag":[],"class_list":{"0":"post-569925","1":"product","2":"type-product","3":"status-publish","4":"has-post-thumbnail","6":"product_cat-cuisines","7":"product_cat-faiences","8":"product_cat-carrelage-salle-de-bain","10":"first","11":"instock","12":"shipping-taxable","13":"purchasable","14":"product-type-simple"},"_links":{"self":[{"href":"https:\/\/tilefly.com\/fr\/wp-json\/wp\/v2\/product\/569925","targetHints":{"allow":["GET"]}}],"collection":[{"href":"https:\/\/tilefly.com\/fr\/wp-json\/wp\/v2\/product"}],"about":[{"href":"https:\/\/tilefly.com\/fr\/wp-json\/wp\/v2\/types\/product"}],"replies":[{"embeddable":true,"href":"https:\/\/tilefly.com\/fr\/wp-json\/wp\/v2\/comments?post=569925"}],"wp:featuredmedia":[{"embeddable":true,"href":"https:\/\/tilefly.com\/fr\/wp-json\/wp\/v2\/media\/569764"}],"wp:attachment":[{"href":"https:\/\/tilefly.com\/fr\/wp-json\/wp\/v2\/media?parent=569925"}],"wp:term":[{"taxonomy":"product_brand","embeddable":true,"href":"https:\/\/tilefly.com\/fr\/wp-json\/wp\/v2\/product_brand?post=569925"},{"taxonomy":"product_cat","embeddable":true,"href":"https:\/\/tilefly.com\/fr\/wp-json\/wp\/v2\/product_cat?post=569925"},{"taxonomy":"product_tag","embeddable":true,"href":"https:\/\/tilefly.com\/fr\/wp-json\/wp\/v2\/product_tag?post=569925"}],"curies":[{"name":"wp","href":"https:\/\/api.w.org\/{rel}","templated":true}]}}