{"id":569922,"date":"2025-03-06T23:05:09","date_gmt":"2025-03-06T22:05:09","guid":{"rendered":"https:\/\/tilefly.com\/producto\/ceppo-party-lap-rect-60x120\/"},"modified":"2025-03-10T13:37:00","modified_gmt":"2025-03-10T12:37:00","slug":"ceppo-party-lap-rect-60x120","status":"publish","type":"product","link":"https:\/\/tilefly.com\/fr\/produit\/ceppo-party-lap-rect-60x120\/","title":{"rendered":"CEPPO PARTY LAP RECT 60X120"},"content":{"rendered":"<h2><strong>CEPPO PARTY LAP RECT 60X120<\/strong><\/h2><p>D\u00e9couvrez l&#8217;\u00e9l\u00e9gance et la sophistication de <a href=\"https:\/\/tilefly.com\/producto\/ceppo\">CEPPO<\/a> PARTY LAP RECT 60X120, un carreau de porcelaine qui red\u00e9finit le concept de la d\u00e9coration d&#8217;int\u00e9rieur. Sa couleur gris\u00e2tre sert de toile parfaite pour une myriade d&#8217;incrustations multicolores, \u00e9voquant l&#8217;esth\u00e9tique du terrazzo v\u00e9nitien avec une touche moderne et vibrante. Chaque carreau est une \u0153uvre d&#8217;art en soi, avec des fragments de blanc, de noir, de beige, de bleu et de jaune qui s&#8217;entrem\u00ealent dans une danse visuelle captivante.  <\/p><p>D&#8217;un format de 60&#215;120 cm et d&#8217;une finition lapado, cette pi\u00e8ce se distingue par sa brillance subtile qui met en valeur la profondeur de ses couleurs et de ses textures. Comme elle est rectifi\u00e9e, elle permet une installation impeccable avec un minimum de joints, cr\u00e9ant ainsi une surface continue et harmonieuse. Son mat\u00e9riau en gr\u00e8s c\u00e9rame garantit durabilit\u00e9 et r\u00e9sistance, ce qui en fait un choix id\u00e9al aussi bien pour les sols que pour les murs. L&#8217;imitation pierre de CEPPO PARTY apporte une touche naturelle et authentique \u00e0 tout espace, tandis que sa surface l\u00e9g\u00e8rement rugueuse offre une s\u00e9curit\u00e9 antid\u00e9rapante.     <\/p><p>Transformez votre maison ou votre bureau avec ce carrelage qui fusionne la beaut\u00e9 classique du terrazzo avec l&#8217;innovation du design contemporain. CEPPO PARTY LAP RECT 60X120 est le choix parfait pour ceux qui recherchent une Fa\u00efence unique, pleine de personnalit\u00e9 et de style. <\/p>","protected":false},"excerpt":{"rendered":"<p>CEPPO PARTY LAP RECT 60X120D\u00e9couvrez l&#8217;\u00e9l\u00e9gance et la sophistication de CEPPO PARTY LAP RECT 60X120, un carreau de porcelaine qui red\u00e9finit le concept de la d\u00e9coration d&#8217;int\u00e9rieur. Sa couleur gris\u00e2tre sert de toile parfaite pour une myriade d&#8217;incrustations multicolores, \u00e9voquant l&#8217;esth\u00e9tique du terrazzo v\u00e9nitien avec une touche moderne et vibrante. Chaque carreau est une \u0153uvre [&hellip;]<\/p>\n","protected":false},"featured_media":569737,"comment_status":"open","ping_status":"closed","template":"","meta":[],"product_brand":[],"product_cat":[353,355,356,354],"product_tag":[],"class_list":{"0":"post-569922","1":"product","2":"type-product","3":"status-publish","4":"has-post-thumbnail","6":"product_cat-carrelage","7":"product_cat-cuisines","8":"product_cat-faiences","9":"product_cat-carrelage-salle-de-bain","11":"first","12":"instock","13":"shipping-taxable","14":"purchasable","15":"product-type-simple"},"_links":{"self":[{"href":"https:\/\/tilefly.com\/fr\/wp-json\/wp\/v2\/product\/569922","targetHints":{"allow":["GET"]}}],"collection":[{"href":"https:\/\/tilefly.com\/fr\/wp-json\/wp\/v2\/product"}],"about":[{"href":"https:\/\/tilefly.com\/fr\/wp-json\/wp\/v2\/types\/product"}],"replies":[{"embeddable":true,"href":"https:\/\/tilefly.com\/fr\/wp-json\/wp\/v2\/comments?post=569922"}],"wp:featuredmedia":[{"embeddable":true,"href":"https:\/\/tilefly.com\/fr\/wp-json\/wp\/v2\/media\/569737"}],"wp:attachment":[{"href":"https:\/\/tilefly.com\/fr\/wp-json\/wp\/v2\/media?parent=569922"}],"wp:term":[{"taxonomy":"product_brand","embeddable":true,"href":"https:\/\/tilefly.com\/fr\/wp-json\/wp\/v2\/product_brand?post=569922"},{"taxonomy":"product_cat","embeddable":true,"href":"https:\/\/tilefly.com\/fr\/wp-json\/wp\/v2\/product_cat?post=569922"},{"taxonomy":"product_tag","embeddable":true,"href":"https:\/\/tilefly.com\/fr\/wp-json\/wp\/v2\/product_tag?post=569922"}],"curies":[{"name":"wp","href":"https:\/\/api.w.org\/{rel}","templated":true}]}}