{"id":569917,"date":"2025-03-06T23:05:05","date_gmt":"2025-03-06T22:05:05","guid":{"rendered":"https:\/\/tilefly.com\/producto\/ceppo-party-rect-60x120\/"},"modified":"2025-03-10T13:36:55","modified_gmt":"2025-03-10T12:36:55","slug":"ceppo-party-rect-60x120","status":"publish","type":"product","link":"https:\/\/tilefly.com\/fr\/produit\/ceppo-party-rect-60x120\/","title":{"rendered":"CEPPO PARTY RECT 60X120"},"content":{"rendered":"<h2><strong>CEPPO PARTY RECT 60X120<\/strong><\/h2><p>D\u00e9couvrez l&#8217;\u00e9l\u00e9gance industrielle avec le carreau <b>CEPPO PARTY RECT 60X120<\/b>. Son design gris ciment, enrichi d&#8217;une dispersion de fragments de diff\u00e9rentes couleurs et tailles, apporte une touche unique et sophistiqu\u00e9e \u00e0 n&#8217;importe quel espace. Le blanc, le gris fonc\u00e9, le noir, le beige et de subtiles touches de bleu et de jaune cr\u00e9ent une esth\u00e9tique h\u00e9t\u00e9rog\u00e8ne et textur\u00e9e, \u00e9voquant la beaut\u00e9 naturelle du terrazzo. Sa finition mate et sa surface l\u00e9g\u00e8rement grain\u00e9e renforcent non seulement son aspect organique, mais lui conf\u00e8rent \u00e9galement des propri\u00e9t\u00e9s antid\u00e9rapantes, ce qui en fait le rev\u00eatement de sol id\u00e9al, \u00e0 la fois \u00e9l\u00e9gant et s\u00fbr. Fabriqu\u00e9 en gr\u00e8s c\u00e9rame de haute qualit\u00e9, ce carreau rectifi\u00e9 de 60&#215;120 cm est parfait pour les sols et les murs, apportant une durabilit\u00e9 et une touche de modernit\u00e9 \u00e0 votre maison ou \u00e0 votre projet commercial.      <\/p><p>Si vous cherchez une fa\u00e7on originale, moderne et amusante de d\u00e9corer, n&#8217;h\u00e9sitez pas \u00e0 explorer la s\u00e9rie <a href=\"https:\/\/tilefly.com\/producto\/ceppo\">CEPPO<\/a>, o\u00f9 vous trouverez l&#8217;inspiration pour vos projets les plus audacieux.<\/p>","protected":false},"excerpt":{"rendered":"<p>CEPPO PARTY RECT 60X120D\u00e9couvrez l&#8217;\u00e9l\u00e9gance industrielle avec le carreau CEPPO PARTY RECT 60X120. Son design gris ciment, enrichi d&#8217;une dispersion de fragments de diff\u00e9rentes couleurs et tailles, apporte une touche unique et sophistiqu\u00e9e \u00e0 n&#8217;importe quel espace. Le blanc, le gris fonc\u00e9, le noir, le beige et de subtiles touches de bleu et de jaune [&hellip;]<\/p>\n","protected":false},"featured_media":569724,"comment_status":"open","ping_status":"closed","template":"","meta":[],"product_brand":[],"product_cat":[353,355,356,354],"product_tag":[],"class_list":{"0":"post-569917","1":"product","2":"type-product","3":"status-publish","4":"has-post-thumbnail","6":"product_cat-carrelage","7":"product_cat-cuisines","8":"product_cat-faiences","9":"product_cat-carrelage-salle-de-bain","11":"first","12":"outofstock","13":"shipping-taxable","14":"purchasable","15":"product-type-simple"},"_links":{"self":[{"href":"https:\/\/tilefly.com\/fr\/wp-json\/wp\/v2\/product\/569917","targetHints":{"allow":["GET"]}}],"collection":[{"href":"https:\/\/tilefly.com\/fr\/wp-json\/wp\/v2\/product"}],"about":[{"href":"https:\/\/tilefly.com\/fr\/wp-json\/wp\/v2\/types\/product"}],"replies":[{"embeddable":true,"href":"https:\/\/tilefly.com\/fr\/wp-json\/wp\/v2\/comments?post=569917"}],"wp:featuredmedia":[{"embeddable":true,"href":"https:\/\/tilefly.com\/fr\/wp-json\/wp\/v2\/media\/569724"}],"wp:attachment":[{"href":"https:\/\/tilefly.com\/fr\/wp-json\/wp\/v2\/media?parent=569917"}],"wp:term":[{"taxonomy":"product_brand","embeddable":true,"href":"https:\/\/tilefly.com\/fr\/wp-json\/wp\/v2\/product_brand?post=569917"},{"taxonomy":"product_cat","embeddable":true,"href":"https:\/\/tilefly.com\/fr\/wp-json\/wp\/v2\/product_cat?post=569917"},{"taxonomy":"product_tag","embeddable":true,"href":"https:\/\/tilefly.com\/fr\/wp-json\/wp\/v2\/product_tag?post=569917"}],"curies":[{"name":"wp","href":"https:\/\/api.w.org\/{rel}","templated":true}]}}