{"id":569909,"date":"2025-03-06T22:56:29","date_gmt":"2025-03-06T21:56:29","guid":{"rendered":"https:\/\/tilefly.com\/producto\/glass-mosaic-pierre-de-bali-315x396-25x25\/"},"modified":"2025-03-10T13:36:47","modified_gmt":"2025-03-10T12:36:47","slug":"glass-mosaic-pierre-de-bali-315x396-25x25","status":"publish","type":"product","link":"https:\/\/tilefly.com\/fr\/produit\/glass-mosaic-pierre-de-bali-315x396-25x25\/","title":{"rendered":"GLASS MOSAIC PIERRE DE BALI 31,5X39,6 (2,5X2,5)"},"content":{"rendered":"<h2><strong>MOSA\u00cfQUE DE VERRE PIERRE DE BALI 31,5X39,6 (2,5X2,5)<\/strong><\/h2><p>D\u00e9couvrez la beaut\u00e9 naturelle et la s\u00e9r\u00e9nit\u00e9 offertes par le <b>GLASS MOSAIC PIERRE DE BALI<\/b> en gris. Cette dalle en gresite de format 31,5X39,6 (2,5X2,5) cm capture l&#8217;essence de la pierre naturelle de Bali, transformant n&#8217;importe quel espace en un havre de tranquillit\u00e9. Son design antid\u00e9rapant et sa finition mate en font un produit id\u00e9al pour les endroits o\u00f9 la s\u00e9curit\u00e9 et l&#8217;esth\u00e9tique sont primordiales.  <\/p><p>Chaque pi\u00e8ce de cette mosa\u00efque reproduit fid\u00e8lement les textures et les nuances de la pierre originale, avec une palette de couleurs comprenant des gris, des bruns, des verts et des beiges. Les variations de couleurs et les motifs simulent les veines et les taches, cr\u00e9ant ainsi une surface organique et terreuse. Des joints clairs entre les carrelages d\u00e9finissent chaque pi\u00e8ce et renforcent l&#8217;aspect naturel de l&#8217;ensemble.  <\/p><p>Id\u00e9ale pour les sols ou les murs, cette mosa\u00efque apporte une touche rustique et polyvalente \u00e0 tout environnement. Sa finition mate r\u00e9duit la brillance, soulignant la beaut\u00e9 naturelle de la pierre et cr\u00e9ant une ambiance accueillante et relaxante. Int\u00e9grez l&#8217;\u00e9l\u00e9gance exotique de Bali dans votre int\u00e9rieur avec cette collection qui vous invite \u00e0 vous connecter \u00e0 la nature. Explorez la s\u00e9rie compl\u00e8te et trouvez l&#8217;inspiration dont vous avez besoin pour votre prochain projet chez <a href=\"https:\/\/tilefly.com\/producto\/pierre-de-bali\">PIERRE DE BALI<\/a>.   <\/p>","protected":false},"excerpt":{"rendered":"<p>MOSA\u00cfQUE DE VERRE PIERRE DE BALI 31,5X39,6 (2,5X2,5)D\u00e9couvrez la beaut\u00e9 naturelle et la s\u00e9r\u00e9nit\u00e9 offertes par le GLASS MOSAIC PIERRE DE BALI en gris. Cette dalle en gresite de format 31,5X39,6 (2,5X2,5) cm capture l&#8217;essence de la pierre naturelle de Bali, transformant n&#8217;importe quel espace en un havre de tranquillit\u00e9. Son design antid\u00e9rapant et sa [&hellip;]<\/p>\n","protected":false},"featured_media":569684,"comment_status":"open","ping_status":"closed","template":"","meta":[],"product_brand":[],"product_cat":[353,355,356,354],"product_tag":[],"class_list":{"0":"post-569909","1":"product","2":"type-product","3":"status-publish","4":"has-post-thumbnail","6":"product_cat-carrelage","7":"product_cat-cuisines","8":"product_cat-faiences","9":"product_cat-carrelage-salle-de-bain","11":"first","12":"instock","13":"shipping-taxable","14":"purchasable","15":"product-type-simple"},"_links":{"self":[{"href":"https:\/\/tilefly.com\/fr\/wp-json\/wp\/v2\/product\/569909","targetHints":{"allow":["GET"]}}],"collection":[{"href":"https:\/\/tilefly.com\/fr\/wp-json\/wp\/v2\/product"}],"about":[{"href":"https:\/\/tilefly.com\/fr\/wp-json\/wp\/v2\/types\/product"}],"replies":[{"embeddable":true,"href":"https:\/\/tilefly.com\/fr\/wp-json\/wp\/v2\/comments?post=569909"}],"wp:featuredmedia":[{"embeddable":true,"href":"https:\/\/tilefly.com\/fr\/wp-json\/wp\/v2\/media\/569684"}],"wp:attachment":[{"href":"https:\/\/tilefly.com\/fr\/wp-json\/wp\/v2\/media?parent=569909"}],"wp:term":[{"taxonomy":"product_brand","embeddable":true,"href":"https:\/\/tilefly.com\/fr\/wp-json\/wp\/v2\/product_brand?post=569909"},{"taxonomy":"product_cat","embeddable":true,"href":"https:\/\/tilefly.com\/fr\/wp-json\/wp\/v2\/product_cat?post=569909"},{"taxonomy":"product_tag","embeddable":true,"href":"https:\/\/tilefly.com\/fr\/wp-json\/wp\/v2\/product_tag?post=569909"}],"curies":[{"name":"wp","href":"https:\/\/api.w.org\/{rel}","templated":true}]}}