{"id":569903,"date":"2025-03-06T22:40:31","date_gmt":"2025-03-06T21:40:31","guid":{"rendered":"https:\/\/tilefly.com\/producto\/anti-slip-hijau-green-30x60\/"},"modified":"2025-03-10T13:36:43","modified_gmt":"2025-03-10T12:36:43","slug":"anti-slip-hijau-green-30x60","status":"publish","type":"product","link":"https:\/\/tilefly.com\/fr\/produit\/anti-slip-hijau-green-30x60\/","title":{"rendered":"ANTI-SLIP HIJAU GREEN 30X60"},"content":{"rendered":"<h2><strong>ANTID\u00c9RAPANT HIJAU VERT 30X60<\/strong><\/h2><p>D\u00e9couvrez la s\u00e9r\u00e9nit\u00e9 et l&#8217;exotisme avec ANTI-SLIP HIJAU GREEN 30X60, un carrelage en gr\u00e8s c\u00e9rame qui capture l&#8217;essence de la for\u00eat tropicale et des plages paradisiaques d&#8217;Indon\u00e9sie. Inspir\u00e9e par la beaut\u00e9 naturelle du min\u00e9ral de Sukabumi, connu localement sous le nom de &#8220;hijau&#8221; pour sa teinte verte caract\u00e9ristique au contact de l&#8217;eau, cette collection vous transportera dans une oasis de tranquillit\u00e9 dans votre propre maison. L&#8217;image du produit \u00e9voque une surface qui imite la texture du ciment ou de la pierre naturelle, principalement un gris clair avec de subtiles taches et mouchetures dans les tons gris fonc\u00e9, avec des touches de bleu ou de vert, cr\u00e9ant une esth\u00e9tique moderne et industrielle qui s&#8217;adapte \u00e0 une vari\u00e9t\u00e9 de styles d\u00e9coratifs.  <\/p><p>D&#8217;un format de 30&#215;60 cm, ce carrelage non rectifi\u00e9 est parfait pour les sols int\u00e9rieurs et ext\u00e9rieurs, apportant une touche de sophistication et de naturel \u00e0 tous les espaces. Sa finition mate et ses propri\u00e9t\u00e9s antid\u00e9rapantes le rendent id\u00e9al pour les zones o\u00f9 la s\u00e9curit\u00e9 est primordiale, comme les salles de Bain, les cuisines ou les terrasses. Le mat\u00e9riau gr\u00e8s c\u00e9rame garantit une grande r\u00e9sistance \u00e0 l&#8217;usure, aux taches et \u00e0 l&#8217;humidit\u00e9, assurant une longue dur\u00e9e de vie et un entretien facile. Osez transformer vos environnements avec la magie de <a href=\"https:\/\/tilefly.com\/producto\/hijau\">HIJAU<\/a>, une collection qui respire l&#8217;exotisme et l&#8217;exclusivit\u00e9 dans les moindres d\u00e9tails.   <\/p>","protected":false},"excerpt":{"rendered":"<p>ANTID\u00c9RAPANT HIJAU VERT 30X60D\u00e9couvrez la s\u00e9r\u00e9nit\u00e9 et l&#8217;exotisme avec ANTI-SLIP HIJAU GREEN 30X60, un carrelage en gr\u00e8s c\u00e9rame qui capture l&#8217;essence de la for\u00eat tropicale et des plages paradisiaques d&#8217;Indon\u00e9sie. Inspir\u00e9e par la beaut\u00e9 naturelle du min\u00e9ral de Sukabumi, connu localement sous le nom de &#8220;hijau&#8221; pour sa teinte verte caract\u00e9ristique au contact de l&#8217;eau, [&hellip;]<\/p>\n","protected":false},"featured_media":569604,"comment_status":"open","ping_status":"closed","template":"","meta":[],"product_brand":[],"product_cat":[353,355,356,354],"product_tag":[],"class_list":{"0":"post-569903","1":"product","2":"type-product","3":"status-publish","4":"has-post-thumbnail","6":"product_cat-carrelage","7":"product_cat-cuisines","8":"product_cat-faiences","9":"product_cat-carrelage-salle-de-bain","11":"first","12":"instock","13":"shipping-taxable","14":"purchasable","15":"product-type-simple"},"_links":{"self":[{"href":"https:\/\/tilefly.com\/fr\/wp-json\/wp\/v2\/product\/569903","targetHints":{"allow":["GET"]}}],"collection":[{"href":"https:\/\/tilefly.com\/fr\/wp-json\/wp\/v2\/product"}],"about":[{"href":"https:\/\/tilefly.com\/fr\/wp-json\/wp\/v2\/types\/product"}],"replies":[{"embeddable":true,"href":"https:\/\/tilefly.com\/fr\/wp-json\/wp\/v2\/comments?post=569903"}],"wp:featuredmedia":[{"embeddable":true,"href":"https:\/\/tilefly.com\/fr\/wp-json\/wp\/v2\/media\/569604"}],"wp:attachment":[{"href":"https:\/\/tilefly.com\/fr\/wp-json\/wp\/v2\/media?parent=569903"}],"wp:term":[{"taxonomy":"product_brand","embeddable":true,"href":"https:\/\/tilefly.com\/fr\/wp-json\/wp\/v2\/product_brand?post=569903"},{"taxonomy":"product_cat","embeddable":true,"href":"https:\/\/tilefly.com\/fr\/wp-json\/wp\/v2\/product_cat?post=569903"},{"taxonomy":"product_tag","embeddable":true,"href":"https:\/\/tilefly.com\/fr\/wp-json\/wp\/v2\/product_tag?post=569903"}],"curies":[{"name":"wp","href":"https:\/\/api.w.org\/{rel}","templated":true}]}}