{"id":569894,"date":"2025-03-06T21:53:29","date_gmt":"2025-03-06T20:53:29","guid":{"rendered":"https:\/\/tilefly.com\/producto\/sorolla-aqua-132x132\/"},"modified":"2025-03-10T13:36:35","modified_gmt":"2025-03-10T12:36:35","slug":"sorolla-aqua-132x132","status":"publish","type":"product","link":"https:\/\/tilefly.com\/fr\/produit\/sorolla-aqua-132x132\/","title":{"rendered":"SOROLLA AQUA 13,2X13,2"},"content":{"rendered":"<h2><strong>SOROLLA AQUA 13,2X13,2<\/strong><\/h2><p>Plongez dans la s\u00e9r\u00e9nit\u00e9 de la M\u00e9diterran\u00e9e avec le carreau SOROLLA AQUA de 13,2&#215;13,2 cm. Cette pi\u00e8ce, qui fait partie de la c\u00e9l\u00e8bre s\u00e9rie <a href=\"https:\/\/tilefly.com\/producto\/sorolla\">SOROLLA<\/a>, capture l&#8217;essence de l&#8217;eau de mer dans un petit format, parfait pour apporter une touche de fra\u00eecheur et de vitalit\u00e9 \u00e0 vos espaces. Sa couleur aqua, un doux bleu verd\u00e2tre, \u00e9voque le calme des vagues et la profondeur de l&#8217;oc\u00e9an.  <\/p><p>R\u00e9alis\u00e9e en corps blanc et con\u00e7ue pour la Fa\u00efence, cette tuile d\u00e9cor\u00e9e pr\u00e9sente une finition brillante qui rehausse son ton et apporte de la luminosit\u00e9 \u00e0 n&#8217;importe quel environnement. Sa surface textur\u00e9e, avec des variations de couleur qui imitent le ciment vieilli ou une patine naturelle, lui conf\u00e8re un caract\u00e8re unique et imparfait, id\u00e9al pour les styles rustique, vintage ou industriel.   <\/p><p>SOROLLA AQUA n&#8217;est pas rectifi\u00e9, ce qui lui conf\u00e8re un charme artisanal et une l\u00e9g\u00e8re irr\u00e9gularit\u00e9 sur les bords, ajoutant de l&#8217;authenticit\u00e9 \u00e0 votre projet. Imaginez ce carreau dans votre cuisine, votre salle de bain ou m\u00eame dans un espace commercial, apportant une touche de couleur et de sophistication \u00e0 nulle autre pareille. Sa polyvalence en fait le choix id\u00e9al pour cr\u00e9er des environnements pleins de personnalit\u00e9 et de style.  <\/p>","protected":false},"excerpt":{"rendered":"<p>SOROLLA AQUA 13,2X13,2Plongez dans la s\u00e9r\u00e9nit\u00e9 de la M\u00e9diterran\u00e9e avec le carreau SOROLLA AQUA de 13,2&#215;13,2 cm. Cette pi\u00e8ce, qui fait partie de la c\u00e9l\u00e8bre s\u00e9rie SOROLLA, capture l&#8217;essence de l&#8217;eau de mer dans un petit format, parfait pour apporter une touche de fra\u00eecheur et de vitalit\u00e9 \u00e0 vos espaces. Sa couleur aqua, un doux [&hellip;]<\/p>\n","protected":false},"featured_media":569565,"comment_status":"open","ping_status":"closed","template":"","meta":[],"product_brand":[],"product_cat":[355,356,354],"product_tag":[],"class_list":{"0":"post-569894","1":"product","2":"type-product","3":"status-publish","4":"has-post-thumbnail","6":"product_cat-cuisines","7":"product_cat-faiences","8":"product_cat-carrelage-salle-de-bain","10":"first","11":"instock","12":"shipping-taxable","13":"purchasable","14":"product-type-simple"},"_links":{"self":[{"href":"https:\/\/tilefly.com\/fr\/wp-json\/wp\/v2\/product\/569894","targetHints":{"allow":["GET"]}}],"collection":[{"href":"https:\/\/tilefly.com\/fr\/wp-json\/wp\/v2\/product"}],"about":[{"href":"https:\/\/tilefly.com\/fr\/wp-json\/wp\/v2\/types\/product"}],"replies":[{"embeddable":true,"href":"https:\/\/tilefly.com\/fr\/wp-json\/wp\/v2\/comments?post=569894"}],"wp:featuredmedia":[{"embeddable":true,"href":"https:\/\/tilefly.com\/fr\/wp-json\/wp\/v2\/media\/569565"}],"wp:attachment":[{"href":"https:\/\/tilefly.com\/fr\/wp-json\/wp\/v2\/media?parent=569894"}],"wp:term":[{"taxonomy":"product_brand","embeddable":true,"href":"https:\/\/tilefly.com\/fr\/wp-json\/wp\/v2\/product_brand?post=569894"},{"taxonomy":"product_cat","embeddable":true,"href":"https:\/\/tilefly.com\/fr\/wp-json\/wp\/v2\/product_cat?post=569894"},{"taxonomy":"product_tag","embeddable":true,"href":"https:\/\/tilefly.com\/fr\/wp-json\/wp\/v2\/product_tag?post=569894"}],"curies":[{"name":"wp","href":"https:\/\/api.w.org\/{rel}","templated":true}]}}