{"id":569887,"date":"2025-03-06T21:53:14","date_gmt":"2025-03-06T20:53:14","guid":{"rendered":"https:\/\/tilefly.com\/producto\/sorolla-green-132x132\/"},"modified":"2025-03-10T13:36:28","modified_gmt":"2025-03-10T12:36:28","slug":"sorolla-green-132x132","status":"publish","type":"product","link":"https:\/\/tilefly.com\/fr\/produit\/sorolla-green-132x132\/","title":{"rendered":"SOROLLA GREEN 13,2X13,2"},"content":{"rendered":"<h2><strong>SOROLLA VERT 13,2X13,2<\/strong><\/h2><p>Plongez dans la s\u00e9r\u00e9nit\u00e9 et le charme naturel avec le carreau <a href=\"https:\/\/tilefly.com\/producto\/sorolla\">SOROLLA<\/a> GREEN 13,2X13,2. Cette pi\u00e8ce, inspir\u00e9e par la palette de couleurs du ma\u00eetre Joaqu\u00edn Sorolla, capture l&#8217;essence de la nature dans un format petit et maniable. Son ton vert olive fonc\u00e9 \u00e9voque la tranquillit\u00e9 des oliveraies m\u00e9diterran\u00e9ennes, apportant une touche de fra\u00eecheur et de sophistication \u00e0 tout espace.    <\/p><p>Fabriqu\u00e9e en p\u00e2te blanche de haute qualit\u00e9, cette dalle de Fa\u00efence se distingue par sa finition brillante, qui rehausse l&#8217;intensit\u00e9 de la couleur et cr\u00e9e un jeu d&#8217;ombres et de lumi\u00e8res captivant. Sa surface volontairement irr\u00e9guli\u00e8re pr\u00e9sente de subtiles variations de ton et de texture qui lui conf\u00e8rent un caract\u00e8re artisanal et authentique, loin de la monotonie des finitions industrielles.   <\/p><p>Avec un format de 13,2X13,2 cm, le carreau SOROLLA GREEN est id\u00e9al pour cr\u00e9er des compositions originales et personnalis\u00e9es sur les murs des salles de Bain, des cuisines ou de tout espace que vous souhaitez r\u00e9nover avec une touche de distinction. Son design d\u00e9cor\u00e9 ajoute un plus \u00e0 l&#8217;int\u00e9r\u00eat visuel, ce qui en fait une pi\u00e8ce ma\u00eetresse de la d\u00e9coration.   <\/p><p>Gr\u00e2ce \u00e0 sa fabrication soign\u00e9e et \u00e0 la qualit\u00e9 de ses mat\u00e9riaux, ce carrelage est r\u00e9sistant et durable, garantissant une finition impeccable pendant des ann\u00e9es. Sa facilit\u00e9 de nettoyage et d&#8217;entretien en fait une option pratique et fonctionnelle pour n&#8217;importe quelle maison. Laissez le carrelage SOROLLA GREEN vous transporter vers des paysages m\u00e9diterran\u00e9ens et remplissez votre maison de lumi\u00e8re et de couleurs.  <\/p>","protected":false},"excerpt":{"rendered":"<p>SOROLLA VERT 13,2X13,2Plongez dans la s\u00e9r\u00e9nit\u00e9 et le charme naturel avec le carreau SOROLLA GREEN 13,2X13,2. Cette pi\u00e8ce, inspir\u00e9e par la palette de couleurs du ma\u00eetre Joaqu\u00edn Sorolla, capture l&#8217;essence de la nature dans un format petit et maniable. Son ton vert olive fonc\u00e9 \u00e9voque la tranquillit\u00e9 des oliveraies m\u00e9diterran\u00e9ennes, apportant une touche de fra\u00eecheur [&hellip;]<\/p>\n","protected":false},"featured_media":569526,"comment_status":"open","ping_status":"closed","template":"","meta":[],"product_brand":[],"product_cat":[355,356,354],"product_tag":[],"class_list":{"0":"post-569887","1":"product","2":"type-product","3":"status-publish","4":"has-post-thumbnail","6":"product_cat-cuisines","7":"product_cat-faiences","8":"product_cat-carrelage-salle-de-bain","10":"first","11":"instock","12":"shipping-taxable","13":"purchasable","14":"product-type-simple"},"_links":{"self":[{"href":"https:\/\/tilefly.com\/fr\/wp-json\/wp\/v2\/product\/569887","targetHints":{"allow":["GET"]}}],"collection":[{"href":"https:\/\/tilefly.com\/fr\/wp-json\/wp\/v2\/product"}],"about":[{"href":"https:\/\/tilefly.com\/fr\/wp-json\/wp\/v2\/types\/product"}],"replies":[{"embeddable":true,"href":"https:\/\/tilefly.com\/fr\/wp-json\/wp\/v2\/comments?post=569887"}],"wp:featuredmedia":[{"embeddable":true,"href":"https:\/\/tilefly.com\/fr\/wp-json\/wp\/v2\/media\/569526"}],"wp:attachment":[{"href":"https:\/\/tilefly.com\/fr\/wp-json\/wp\/v2\/media?parent=569887"}],"wp:term":[{"taxonomy":"product_brand","embeddable":true,"href":"https:\/\/tilefly.com\/fr\/wp-json\/wp\/v2\/product_brand?post=569887"},{"taxonomy":"product_cat","embeddable":true,"href":"https:\/\/tilefly.com\/fr\/wp-json\/wp\/v2\/product_cat?post=569887"},{"taxonomy":"product_tag","embeddable":true,"href":"https:\/\/tilefly.com\/fr\/wp-json\/wp\/v2\/product_tag?post=569887"}],"curies":[{"name":"wp","href":"https:\/\/api.w.org\/{rel}","templated":true}]}}