{"id":569883,"date":"2025-03-06T21:53:20","date_gmt":"2025-03-06T20:53:20","guid":{"rendered":"https:\/\/tilefly.com\/producto\/sorolla-bouquet-132x132\/"},"modified":"2025-03-10T13:36:25","modified_gmt":"2025-03-10T12:36:25","slug":"sorolla-bouquet-132x132","status":"publish","type":"product","link":"https:\/\/tilefly.com\/fr\/produit\/sorolla-bouquet-132x132\/","title":{"rendered":"SOROLLA BOUQUET 13,2X13,2"},"content":{"rendered":"<h2><strong>SOROLLA BOUQUET 13,2X13,2<\/strong><\/h2><p>Plongez dans la d\u00e9licatesse du design avec le carreau SOROLLA BOUQUET, un carreau mural de format 13,2&#215;13,2 qui \u00e9voque la s\u00e9r\u00e9nit\u00e9 et le bon go\u00fbt. Son ton beige, doux et accueillant, s&#8217;inspire des couleurs terreuses et de la lumi\u00e8re m\u00e9diterran\u00e9enne si pr\u00e9sentes dans l&#8217;\u0153uvre de Joaqu\u00edn Sorolla. La finition brillante de ce carreau de corps blanc renforce la luminosit\u00e9 de l&#8217;espace, en refl\u00e9tant la lumi\u00e8re et en procurant une sensation d&#8217;espace et de clart\u00e9.    <\/p><p>La surface de ce carlage pr\u00e9sente un motif d\u00e9cor\u00e9 qui imite la beaut\u00e9 naturelle de la pierre ou du ciment vieilli. De subtiles variations de tons, des veines et des taches d\u00e9licatement r\u00e9parties conf\u00e8rent \u00e0 chaque pi\u00e8ce un caract\u00e8re unique et artisanal. Il en r\u00e9sulte une Fa\u00efence qui allie une esth\u00e9tique rustique \u00e0 une touche d&#8217;\u00e9l\u00e9gance contemporaine.    <\/p><p>Id\u00e9al pour cr\u00e9er des atmosph\u00e8res chaleureuses et sophistiqu\u00e9es, le carreau SOROLLA BOUQUET est parfait pour la Fa\u00efence des murs de la cuisine, de la salle de Bain ou de tout espace qui cherche \u00e0 transmettre un sentiment de calme et d&#8217;harmonie. Son format r\u00e9duit et pratique facilite la pose et permet de cr\u00e9er des compositions originales et personnalis\u00e9es. D\u00e9couvrez la magie de la s\u00e9rie <a href=\"https:\/\/tilefly.com\/producto\/sorolla\">SOROLLA<\/a> et transformez vos espaces avec la lumi\u00e8re et la couleur de la M\u00e9diterran\u00e9e.  <\/p>","protected":false},"excerpt":{"rendered":"<p>SOROLLA BOUQUET 13,2X13,2Plongez dans la d\u00e9licatesse du design avec le carreau SOROLLA BOUQUET, un carreau mural de format 13,2&#215;13,2 qui \u00e9voque la s\u00e9r\u00e9nit\u00e9 et le bon go\u00fbt. Son ton beige, doux et accueillant, s&#8217;inspire des couleurs terreuses et de la lumi\u00e8re m\u00e9diterran\u00e9enne si pr\u00e9sentes dans l&#8217;\u0153uvre de Joaqu\u00edn Sorolla. La finition brillante de ce carreau [&hellip;]<\/p>\n","protected":false},"featured_media":569539,"comment_status":"open","ping_status":"closed","template":"","meta":[],"product_brand":[],"product_cat":[355,356,354],"product_tag":[],"class_list":{"0":"post-569883","1":"product","2":"type-product","3":"status-publish","4":"has-post-thumbnail","6":"product_cat-cuisines","7":"product_cat-faiences","8":"product_cat-carrelage-salle-de-bain","10":"first","11":"instock","12":"shipping-taxable","13":"purchasable","14":"product-type-simple"},"_links":{"self":[{"href":"https:\/\/tilefly.com\/fr\/wp-json\/wp\/v2\/product\/569883","targetHints":{"allow":["GET"]}}],"collection":[{"href":"https:\/\/tilefly.com\/fr\/wp-json\/wp\/v2\/product"}],"about":[{"href":"https:\/\/tilefly.com\/fr\/wp-json\/wp\/v2\/types\/product"}],"replies":[{"embeddable":true,"href":"https:\/\/tilefly.com\/fr\/wp-json\/wp\/v2\/comments?post=569883"}],"wp:featuredmedia":[{"embeddable":true,"href":"https:\/\/tilefly.com\/fr\/wp-json\/wp\/v2\/media\/569539"}],"wp:attachment":[{"href":"https:\/\/tilefly.com\/fr\/wp-json\/wp\/v2\/media?parent=569883"}],"wp:term":[{"taxonomy":"product_brand","embeddable":true,"href":"https:\/\/tilefly.com\/fr\/wp-json\/wp\/v2\/product_brand?post=569883"},{"taxonomy":"product_cat","embeddable":true,"href":"https:\/\/tilefly.com\/fr\/wp-json\/wp\/v2\/product_cat?post=569883"},{"taxonomy":"product_tag","embeddable":true,"href":"https:\/\/tilefly.com\/fr\/wp-json\/wp\/v2\/product_tag?post=569883"}],"curies":[{"name":"wp","href":"https:\/\/api.w.org\/{rel}","templated":true}]}}