{"id":569881,"date":"2025-03-06T21:53:09","date_gmt":"2025-03-06T20:53:09","guid":{"rendered":"https:\/\/tilefly.com\/producto\/sorolla-ocher-132x132\/"},"modified":"2025-03-10T13:36:21","modified_gmt":"2025-03-10T12:36:21","slug":"sorolla-ocher-132x132","status":"publish","type":"product","link":"https:\/\/tilefly.com\/fr\/produit\/sorolla-ocher-132x132\/","title":{"rendered":"SOROLLA OCHER 13,2X13,2"},"content":{"rendered":"<h2><strong>SOROLLA OCHER 13,2X13,2<\/strong><\/h2><p>Plongez dans la chaleur de la terre avec le carreau SOROLLA OCHER 13,2X13,2. Cette pi\u00e8ce, d&#8217;un brun ocre qui \u00e9voque la s\u00e9r\u00e9nit\u00e9 de la terre, est un hommage \u00e0 la palette de couleurs du ma\u00eetre Joaqu\u00edn Sorolla. <a href=\"https:\/\/tilefly.com\/producto\/sorolla\">SOROLLA<\/a>, cette s\u00e9rie capture l&#8217;essence de la M\u00e9diterran\u00e9e dans les moindres d\u00e9tails. <\/p><p>D&#8217;un format de 13,2X13,2 cm, cette dalle de Fa\u00efence non rectifi\u00e9e apporte une touche artisanale et authentique \u00e0 vos espaces. Sa mati\u00e8re blanche garantit une surface lisse et homog\u00e8ne, id\u00e9ale pour les murs \u00e0 la recherche d&#8217;une finition impeccable. <\/p><p>La finition brillante de la SOROLLA OCHER rehausse sa couleur et lui donne vie, cr\u00e9ant un jeu de lumi\u00e8re subtil qui illumine n&#8217;importe quel environnement. Sa particularit\u00e9, le d\u00e9cor, se manifeste par des variations de ton et de texture qui lui donnent un aspect vieilli et us\u00e9, comme s&#8217;il portait en lui l&#8217;histoire du temps. <\/p><p>Visualisez un carreau avec des zones plus claires et plus fonc\u00e9es, des petites imperfections qui parlent d&#8217;une fabrication presque manuelle. Imaginez la chaleur qu&#8217;il apporte \u00e0 vos murs, vous transportant dans des ambiances rustiques, m\u00e9diterran\u00e9ennes ou vintage. SOROLLA OCHER est le choix id\u00e9al pour ceux qui recherchent une touche d&#8217;authenticit\u00e9 et de confort dans leur int\u00e9rieur. D\u00e9couvrez la collection compl\u00e8te <a href=\"https:\/\/tilefly.com\/producto\/sorolla\">SOROLLA<\/a> et laissez-vous inspirer par la lumi\u00e8re m\u00e9diterran\u00e9enne.   <\/p>","protected":false},"excerpt":{"rendered":"<p>SOROLLA OCHER 13,2X13,2Plongez dans la chaleur de la terre avec le carreau SOROLLA OCHER 13,2X13,2. Cette pi\u00e8ce, d&#8217;un brun ocre qui \u00e9voque la s\u00e9r\u00e9nit\u00e9 de la terre, est un hommage \u00e0 la palette de couleurs du ma\u00eetre Joaqu\u00edn Sorolla. SOROLLA, cette s\u00e9rie capture l&#8217;essence de la M\u00e9diterran\u00e9e dans les moindres d\u00e9tails. D&#8217;un format de 13,2X13,2 [&hellip;]<\/p>\n","protected":false},"featured_media":569513,"comment_status":"open","ping_status":"closed","template":"","meta":[],"product_brand":[],"product_cat":[355,356,354],"product_tag":[],"class_list":{"0":"post-569881","1":"product","2":"type-product","3":"status-publish","4":"has-post-thumbnail","6":"product_cat-cuisines","7":"product_cat-faiences","8":"product_cat-carrelage-salle-de-bain","10":"first","11":"instock","12":"shipping-taxable","13":"purchasable","14":"product-type-simple"},"_links":{"self":[{"href":"https:\/\/tilefly.com\/fr\/wp-json\/wp\/v2\/product\/569881","targetHints":{"allow":["GET"]}}],"collection":[{"href":"https:\/\/tilefly.com\/fr\/wp-json\/wp\/v2\/product"}],"about":[{"href":"https:\/\/tilefly.com\/fr\/wp-json\/wp\/v2\/types\/product"}],"replies":[{"embeddable":true,"href":"https:\/\/tilefly.com\/fr\/wp-json\/wp\/v2\/comments?post=569881"}],"wp:featuredmedia":[{"embeddable":true,"href":"https:\/\/tilefly.com\/fr\/wp-json\/wp\/v2\/media\/569513"}],"wp:attachment":[{"href":"https:\/\/tilefly.com\/fr\/wp-json\/wp\/v2\/media?parent=569881"}],"wp:term":[{"taxonomy":"product_brand","embeddable":true,"href":"https:\/\/tilefly.com\/fr\/wp-json\/wp\/v2\/product_brand?post=569881"},{"taxonomy":"product_cat","embeddable":true,"href":"https:\/\/tilefly.com\/fr\/wp-json\/wp\/v2\/product_cat?post=569881"},{"taxonomy":"product_tag","embeddable":true,"href":"https:\/\/tilefly.com\/fr\/wp-json\/wp\/v2\/product_tag?post=569881"}],"curies":[{"name":"wp","href":"https:\/\/api.w.org\/{rel}","templated":true}]}}