{"id":569872,"date":"2025-03-06T21:52:49","date_gmt":"2025-03-06T20:52:49","guid":{"rendered":"https:\/\/tilefly.com\/producto\/sorolla-blue-132x132\/"},"modified":"2025-03-10T13:36:15","modified_gmt":"2025-03-10T12:36:15","slug":"sorolla-blue-132x132","status":"publish","type":"product","link":"https:\/\/tilefly.com\/fr\/produit\/sorolla-blue-132x132\/","title":{"rendered":"SOROLLA BLUE 13,2X13,2"},"content":{"rendered":"<h2><strong>SOROLLA BLEU 13,2X13,2<\/strong><\/h2><p>Plongez dans la s\u00e9r\u00e9nit\u00e9 de la M\u00e9diterran\u00e9e avec le carreau SOROLLA BLUE 13,2X13,2. Cette pi\u00e8ce, qui fait partie de la collection <a href=\"https:\/\/tilefly.com\/producto\/sorolla\">SOROLLA<\/a> rendant hommage au ma\u00eetre Joaqu\u00edn Sorolla, capture l&#8217;essence de ses lumineuses peintures c\u00f4ti\u00e8res. <\/p><p>D&#8217;un format de 13,2X13,2 cm et r\u00e9alis\u00e9e en p\u00e2te blanche, cette dalle de Fa\u00efence se distingue par sa finition brillante qui met en valeur la vivacit\u00e9 de sa couleur bleu ciel. Son d\u00e9cor imite la texture du ciment, pr\u00e9sentant diff\u00e9rentes nuances de bleu allant du bleu clair au bleu plus profond, cr\u00e9ant un effet visuel d&#8217;irr\u00e9gularit\u00e9s et de veines caract\u00e9ristiques du ciment vieilli. La surface l\u00e9g\u00e8rement rugueuse avec de petites imperfections renforce son authenticit\u00e9 et son style industriel ou urbain.  <\/p><p>Id\u00e9al pour les environnements modernes et minimalistes, le carrelage SOROLLA BLUE apporte une touche de fra\u00eecheur et de luminosit\u00e9 \u00e0 tous les espaces. Son charme r\u00e9side dans sa capacit\u00e9 \u00e0 \u00e9voquer la beaut\u00e9 naturelle et la lumi\u00e8re de la M\u00e9diterran\u00e9e, invitant au calme et \u00e0 la contemplation. <\/p>","protected":false},"excerpt":{"rendered":"<p>SOROLLA BLEU 13,2X13,2Plongez dans la s\u00e9r\u00e9nit\u00e9 de la M\u00e9diterran\u00e9e avec le carreau SOROLLA BLUE 13,2X13,2. Cette pi\u00e8ce, qui fait partie de la collection SOROLLA rendant hommage au ma\u00eetre Joaqu\u00edn Sorolla, capture l&#8217;essence de ses lumineuses peintures c\u00f4ti\u00e8res. D&#8217;un format de 13,2X13,2 cm et r\u00e9alis\u00e9e en p\u00e2te blanche, cette dalle de Fa\u00efence se distingue par sa [&hellip;]<\/p>\n","protected":false},"featured_media":569474,"comment_status":"open","ping_status":"closed","template":"","meta":[],"product_brand":[],"product_cat":[355,356,354],"product_tag":[],"class_list":{"0":"post-569872","1":"product","2":"type-product","3":"status-publish","4":"has-post-thumbnail","6":"product_cat-cuisines","7":"product_cat-faiences","8":"product_cat-carrelage-salle-de-bain","10":"first","11":"instock","12":"shipping-taxable","13":"purchasable","14":"product-type-simple"},"_links":{"self":[{"href":"https:\/\/tilefly.com\/fr\/wp-json\/wp\/v2\/product\/569872","targetHints":{"allow":["GET"]}}],"collection":[{"href":"https:\/\/tilefly.com\/fr\/wp-json\/wp\/v2\/product"}],"about":[{"href":"https:\/\/tilefly.com\/fr\/wp-json\/wp\/v2\/types\/product"}],"replies":[{"embeddable":true,"href":"https:\/\/tilefly.com\/fr\/wp-json\/wp\/v2\/comments?post=569872"}],"wp:featuredmedia":[{"embeddable":true,"href":"https:\/\/tilefly.com\/fr\/wp-json\/wp\/v2\/media\/569474"}],"wp:attachment":[{"href":"https:\/\/tilefly.com\/fr\/wp-json\/wp\/v2\/media?parent=569872"}],"wp:term":[{"taxonomy":"product_brand","embeddable":true,"href":"https:\/\/tilefly.com\/fr\/wp-json\/wp\/v2\/product_brand?post=569872"},{"taxonomy":"product_cat","embeddable":true,"href":"https:\/\/tilefly.com\/fr\/wp-json\/wp\/v2\/product_cat?post=569872"},{"taxonomy":"product_tag","embeddable":true,"href":"https:\/\/tilefly.com\/fr\/wp-json\/wp\/v2\/product_tag?post=569872"}],"curies":[{"name":"wp","href":"https:\/\/api.w.org\/{rel}","templated":true}]}}