{"id":569853,"date":"2025-03-06T22:56:14","date_gmt":"2025-03-06T21:56:14","guid":{"rendered":"https:\/\/tilefly.com\/producto\/deep-blue-pink-15x15\/"},"modified":"2025-03-10T13:35:12","modified_gmt":"2025-03-10T12:35:12","slug":"deep-blue-pink-15x15","status":"publish","type":"product","link":"https:\/\/tilefly.com\/fr\/produit\/deep-blue-pink-15x15\/","title":{"rendered":"DEEP BLUE PINK 15X15"},"content":{"rendered":"<h2><strong>BLEU FONC\u00c9 ROSE 15X15<\/strong><\/h2><p>D\u00e9couvrez la beaut\u00e9 naturelle avec le carrelage DEEP BLUE PINK 15X15. Ce carreau de sol en gr\u00e8s c\u00e9rame, avec son format 15&#215;15 et son design imitant la pierre, apportera une touche de sophistication et de r\u00e9alisme \u00e0 vos espaces. Sa finition mate met en valeur le naturel de la pierre, tandis que les veines dans les tons gris fonc\u00e9 avec de subtiles touches de rose cr\u00e9ent un effet visuel unique et \u00e9l\u00e9gant. Id\u00e9al pour ceux qui recherchent un style contemporain et naturel pour les sols ou les murs int\u00e9rieurs. Pour trouver l&#8217;inspiration et d&#8217;autres options pour compl\u00e9ter votre design, visitez la s\u00e9rie <a href=\"https:\/\/tilefly.com\/producto\/deep-blue\">DEEP BLUE<\/a>.    <\/p>","protected":false},"excerpt":{"rendered":"<p>BLEU FONC\u00c9 ROSE 15X15D\u00e9couvrez la beaut\u00e9 naturelle avec le carrelage DEEP BLUE PINK 15X15. Ce carreau de sol en gr\u00e8s c\u00e9rame, avec son format 15&#215;15 et son design imitant la pierre, apportera une touche de sophistication et de r\u00e9alisme \u00e0 vos espaces. Sa finition mate met en valeur le naturel de la pierre, tandis que [&hellip;]<\/p>\n","protected":false},"featured_media":569632,"comment_status":"open","ping_status":"closed","template":"","meta":[],"product_brand":[],"product_cat":[353,355,356,354],"product_tag":[],"class_list":{"0":"post-569853","1":"product","2":"type-product","3":"status-publish","4":"has-post-thumbnail","6":"product_cat-carrelage","7":"product_cat-cuisines","8":"product_cat-faiences","9":"product_cat-carrelage-salle-de-bain","11":"first","12":"instock","13":"shipping-taxable","14":"purchasable","15":"product-type-simple"},"_links":{"self":[{"href":"https:\/\/tilefly.com\/fr\/wp-json\/wp\/v2\/product\/569853","targetHints":{"allow":["GET"]}}],"collection":[{"href":"https:\/\/tilefly.com\/fr\/wp-json\/wp\/v2\/product"}],"about":[{"href":"https:\/\/tilefly.com\/fr\/wp-json\/wp\/v2\/types\/product"}],"replies":[{"embeddable":true,"href":"https:\/\/tilefly.com\/fr\/wp-json\/wp\/v2\/comments?post=569853"}],"wp:featuredmedia":[{"embeddable":true,"href":"https:\/\/tilefly.com\/fr\/wp-json\/wp\/v2\/media\/569632"}],"wp:attachment":[{"href":"https:\/\/tilefly.com\/fr\/wp-json\/wp\/v2\/media?parent=569853"}],"wp:term":[{"taxonomy":"product_brand","embeddable":true,"href":"https:\/\/tilefly.com\/fr\/wp-json\/wp\/v2\/product_brand?post=569853"},{"taxonomy":"product_cat","embeddable":true,"href":"https:\/\/tilefly.com\/fr\/wp-json\/wp\/v2\/product_cat?post=569853"},{"taxonomy":"product_tag","embeddable":true,"href":"https:\/\/tilefly.com\/fr\/wp-json\/wp\/v2\/product_tag?post=569853"}],"curies":[{"name":"wp","href":"https:\/\/api.w.org\/{rel}","templated":true}]}}