{"id":568696,"date":"2025-02-27T00:38:01","date_gmt":"2025-02-26T23:38:01","guid":{"rendered":"https:\/\/tilefly.com\/producto\/loop-night-63x25\/"},"modified":"2025-02-27T01:02:31","modified_gmt":"2025-02-27T00:02:31","slug":"loop-night-63x25","status":"publish","type":"product","link":"https:\/\/tilefly.com\/fr\/produit\/loop-night-63x25\/","title":{"rendered":"LOOP NIGHT 6,3X25"},"content":{"rendered":"<h2><strong>BOUCLE DE NUIT 6,3X25<\/strong><\/h2><p>Plongez dans une \u00e9l\u00e9gance discr\u00e8te avec le carrelage LOOP NIGHT, une pi\u00e8ce qui red\u00e9finit le concept de sophistication dans votre int\u00e9rieur. Inspir\u00e9 par l&#8217;architecture et la technologie 3D, <a href=\"https:\/\/tilefly.com\/producto\/loop\">LOOP<\/a> vous offre la possibilit\u00e9 de transformer vos espaces avec un design minimaliste et contemporain. Sa couleur noire profonde, teint\u00e9e de subtiles variations tonales, cr\u00e9e une atmosph\u00e8re enveloppante et myst\u00e9rieuse, parfaite pour les environnements qui recherchent une touche de distinction. <\/p><p>D&#8217;un format de 6,3&#215;25 cm, ce carreau de corps blanc est id\u00e9al pour le rev\u00eatement mural, ajoutant une texture granuleuse douce au toucher et \u00e0 l&#8217;\u0153il. La finition mate intensifie la sensation de chaleur et de confort, en \u00e9vitant les reflets ind\u00e9sirables et en cr\u00e9ant une atmosph\u00e8re chaleureuse. Comme il n&#8217;est pas rectifi\u00e9, son installation apporte un caract\u00e8re artisanal et authentique \u00e0 vos projets.  <\/p><p>LOOP NIGHT n&#8217;est pas seulement un carreau, c&#8217;est une d\u00e9claration de style. Son design d\u00e9coratif mais subtil ajoute une touche de personnalit\u00e9 et d&#8217;originalit\u00e9 \u00e0 n&#8217;importe quel espace. Imaginez ce carreau dans votre salle de bain, votre cuisine ou votre salon, cr\u00e9ant une ambiance moderne et \u00e9l\u00e9gante qui refl\u00e8te votre go\u00fbt pour l&#8217;exclusivit\u00e9. Osez exp\u00e9rimenter l&#8217;ombre et la lumi\u00e8re et d\u00e9couvrez comment LOOP NIGHT peut transformer votre maison en un espace unique et charmant.   <\/p>","protected":false},"excerpt":{"rendered":"<p>BOUCLE DE NUIT 6,3X25Plongez dans une \u00e9l\u00e9gance discr\u00e8te avec le carrelage LOOP NIGHT, une pi\u00e8ce qui red\u00e9finit le concept de sophistication dans votre int\u00e9rieur. Inspir\u00e9 par l&#8217;architecture et la technologie 3D, LOOP vous offre la possibilit\u00e9 de transformer vos espaces avec un design minimaliste et contemporain. Sa couleur noire profonde, teint\u00e9e de subtiles variations tonales, [&hellip;]<\/p>\n","protected":false},"featured_media":568574,"comment_status":"open","ping_status":"closed","template":"","meta":[],"product_brand":[],"product_cat":[355,356,354],"product_tag":[],"class_list":{"0":"post-568696","1":"product","2":"type-product","3":"status-publish","4":"has-post-thumbnail","6":"product_cat-cuisines","7":"product_cat-faiences","8":"product_cat-carrelage-salle-de-bain","10":"first","11":"instock","12":"shipping-taxable","13":"purchasable","14":"product-type-simple"},"_links":{"self":[{"href":"https:\/\/tilefly.com\/fr\/wp-json\/wp\/v2\/product\/568696","targetHints":{"allow":["GET"]}}],"collection":[{"href":"https:\/\/tilefly.com\/fr\/wp-json\/wp\/v2\/product"}],"about":[{"href":"https:\/\/tilefly.com\/fr\/wp-json\/wp\/v2\/types\/product"}],"replies":[{"embeddable":true,"href":"https:\/\/tilefly.com\/fr\/wp-json\/wp\/v2\/comments?post=568696"}],"wp:featuredmedia":[{"embeddable":true,"href":"https:\/\/tilefly.com\/fr\/wp-json\/wp\/v2\/media\/568574"}],"wp:attachment":[{"href":"https:\/\/tilefly.com\/fr\/wp-json\/wp\/v2\/media?parent=568696"}],"wp:term":[{"taxonomy":"product_brand","embeddable":true,"href":"https:\/\/tilefly.com\/fr\/wp-json\/wp\/v2\/product_brand?post=568696"},{"taxonomy":"product_cat","embeddable":true,"href":"https:\/\/tilefly.com\/fr\/wp-json\/wp\/v2\/product_cat?post=568696"},{"taxonomy":"product_tag","embeddable":true,"href":"https:\/\/tilefly.com\/fr\/wp-json\/wp\/v2\/product_tag?post=568696"}],"curies":[{"name":"wp","href":"https:\/\/api.w.org\/{rel}","templated":true}]}}