{"id":568688,"date":"2025-02-27T00:37:56","date_gmt":"2025-02-26T23:37:56","guid":{"rendered":"https:\/\/tilefly.com\/producto\/loop-pumice-63x25\/"},"modified":"2025-02-27T01:02:24","modified_gmt":"2025-02-27T00:02:24","slug":"loop-pumice-63x25","status":"publish","type":"product","link":"https:\/\/tilefly.com\/fr\/produit\/loop-pumice-63x25\/","title":{"rendered":"LOOP PUMICE 6,3X25"},"content":{"rendered":"<h2><strong>PONCE EN BOUCLE 6,3X25<\/strong><\/h2><p>D\u00e9couvrez la subtilit\u00e9 et l&#8217;\u00e9l\u00e9gance de LOOP PUMICE 6,3X25, une pi\u00e8ce qui red\u00e9finit le concept de carrelage mural en c\u00e9ramique. Ce carreau de p\u00e2te blanche, au format rectangulaire de 6,3X25 cm, pr\u00e9sente une couleur gris clair avec des variations tonales qui \u00e9voquent la douceur du ciment poli ou la d\u00e9licatesse du stuc v\u00e9nitien. Sa finition mate minimise les reflets, cr\u00e9ant une atmosph\u00e8re sereine et accueillante dans n&#8217;importe quel espace.  <\/p><p>Ce qui distingue ce carreau, c&#8217;est sa texture subtilement ondul\u00e9e. Les l\u00e9g\u00e8res d\u00e9pressions et \u00e9l\u00e9vations de la surface g\u00e9n\u00e8rent un effet tridimensionnel qui donne de la profondeur et du dynamisme aux murs. Ce relief minimaliste et contemporain, inspir\u00e9 des mod\u00e8les architecturaux et de la technologie 3D, vous permet de d\u00e9corer avec simplicit\u00e9 et charme, tout en offrant une grande souplesse d&#8217;installation. LOOP PUMICE 6,3X25, n&#8217;\u00e9tant pas rectifi\u00e9, apporte une touche artisanale et authentique \u00e0 vos projets de d\u00e9coration int\u00e9rieure.   <\/p><p>Cette pi\u00e8ce d\u00e9cor\u00e9e, appartenant \u00e0 la collection <a href=\"https:\/\/tilefly.com\/producto\/loop\">LOOP<\/a>, est parfaite pour cr\u00e9er des environnements modernes et minimalistes, o\u00f9 la lumi\u00e8re joue un r\u00f4le fondamental. Sa palette de couleurs, inspir\u00e9e de la s\u00e9rie Four Seasons d&#8217;APE, permet de la combiner facilement avec d&#8217;autres \u00e9l\u00e9ments d\u00e9coratifs, cr\u00e9ant ainsi des espaces uniques et personnalis\u00e9s. Transformez vos murs avec la beaut\u00e9 discr\u00e8te et l&#8217;innovation de LOOP PUMICE.  <\/p>","protected":false},"excerpt":{"rendered":"<p>PONCE EN BOUCLE 6,3X25D\u00e9couvrez la subtilit\u00e9 et l&#8217;\u00e9l\u00e9gance de LOOP PUMICE 6,3X25, une pi\u00e8ce qui red\u00e9finit le concept de carrelage mural en c\u00e9ramique. Ce carreau de p\u00e2te blanche, au format rectangulaire de 6,3X25 cm, pr\u00e9sente une couleur gris clair avec des variations tonales qui \u00e9voquent la douceur du ciment poli ou la d\u00e9licatesse du stuc [&hellip;]<\/p>\n","protected":false},"featured_media":568548,"comment_status":"open","ping_status":"closed","template":"","meta":[],"product_brand":[],"product_cat":[355,356,354],"product_tag":[],"class_list":{"0":"post-568688","1":"product","2":"type-product","3":"status-publish","4":"has-post-thumbnail","6":"product_cat-cuisines","7":"product_cat-faiences","8":"product_cat-carrelage-salle-de-bain","10":"first","11":"instock","12":"shipping-taxable","13":"purchasable","14":"product-type-simple"},"_links":{"self":[{"href":"https:\/\/tilefly.com\/fr\/wp-json\/wp\/v2\/product\/568688","targetHints":{"allow":["GET"]}}],"collection":[{"href":"https:\/\/tilefly.com\/fr\/wp-json\/wp\/v2\/product"}],"about":[{"href":"https:\/\/tilefly.com\/fr\/wp-json\/wp\/v2\/types\/product"}],"replies":[{"embeddable":true,"href":"https:\/\/tilefly.com\/fr\/wp-json\/wp\/v2\/comments?post=568688"}],"wp:featuredmedia":[{"embeddable":true,"href":"https:\/\/tilefly.com\/fr\/wp-json\/wp\/v2\/media\/568548"}],"wp:attachment":[{"href":"https:\/\/tilefly.com\/fr\/wp-json\/wp\/v2\/media?parent=568688"}],"wp:term":[{"taxonomy":"product_brand","embeddable":true,"href":"https:\/\/tilefly.com\/fr\/wp-json\/wp\/v2\/product_brand?post=568688"},{"taxonomy":"product_cat","embeddable":true,"href":"https:\/\/tilefly.com\/fr\/wp-json\/wp\/v2\/product_cat?post=568688"},{"taxonomy":"product_tag","embeddable":true,"href":"https:\/\/tilefly.com\/fr\/wp-json\/wp\/v2\/product_tag?post=568688"}],"curies":[{"name":"wp","href":"https:\/\/api.w.org\/{rel}","templated":true}]}}