{"id":568681,"date":"2025-02-27T00:37:53","date_gmt":"2025-02-26T23:37:53","guid":{"rendered":"https:\/\/tilefly.com\/producto\/loop-terracota-63x25\/"},"modified":"2025-02-27T01:02:21","modified_gmt":"2025-02-27T00:02:21","slug":"loop-terracota-63x25","status":"publish","type":"product","link":"https:\/\/tilefly.com\/fr\/produit\/loop-terracota-63x25\/","title":{"rendered":"LOOP TERRACOTA 6,3X25"},"content":{"rendered":"<h2><strong>BOUCLE EN TERRE CUITE 6,3X25<\/strong><\/h2><p>D\u00e9couvrez l&#8217;\u00e9l\u00e9gance de la terre avec le carreau LOOP TERRACOTA 6,3X25. Cette pi\u00e8ce, inspir\u00e9e par l&#8217;innovation architecturale et la technologie 3D de la s\u00e9rie <a href=\"https:\/\/tilefly.com\/producto\/loop\">LOOP<\/a>, red\u00e9finit le concept traditionnel des Fa\u00efences en c\u00e9ramique. Sa couleur terre, un brun clair doux ou un beige ros\u00e9, \u00e9voque la chaleur naturelle et la s\u00e9r\u00e9nit\u00e9, cr\u00e9ant des atmosph\u00e8res douces et sophistiqu\u00e9es.  <\/p><p>Avec un format rectangulaire de 6,3X25 cm et une finition mate, ce carreau de corps blanc offre une surface subtilement textur\u00e9e qui joue avec l&#8217;ombre et la lumi\u00e8re. Son design, bien que majoritairement lisse et uniforme, pr\u00e9sente un relief d\u00e9licat qui ajoute une profondeur visuelle et une touche de modernit\u00e9 \u00e0 tout espace. Comme il n&#8217;est pas rectifi\u00e9, il conserve un caract\u00e8re artisanal qui met en valeur sa beaut\u00e9 unique.  <\/p><p>Id\u00e9ale pour la Fa\u00efence, la dalle LOOP TERRACOTA s&#8217;adapte \u00e0 une vari\u00e9t\u00e9 de styles de d\u00e9coration int\u00e9rieure, du minimaliste au rustique moderne. Sa polyvalence r\u00e9side dans sa capacit\u00e9 \u00e0 s&#8217;int\u00e9grer aussi bien dans des sch\u00e9mas de couleurs neutres que dans des palettes plus audacieuses, en apportant toujours une touche d&#8217;\u00e9l\u00e9gance discr\u00e8te. De plus, faisant partie de la s\u00e9rie Loop, ce carreau partage la palette de couleurs de la s\u00e9rie Four Seasons d&#8217;APE, ce qui permet des combinaisons harmonieuses et personnalis\u00e9es. Sa qualit\u00e9 d\u00e9corative rehausse sa valeur esth\u00e9tique, ce qui en fait un choix parfait pour ceux qui recherchent une Fa\u00efence murale avec du caract\u00e8re et de la distinction. La subtile variation tonale de sa surface ajoute une touche d&#8217;authenticit\u00e9 et de naturel \u00e0 tout projet de design.    <\/p>","protected":false},"excerpt":{"rendered":"<p>BOUCLE EN TERRE CUITE 6,3X25D\u00e9couvrez l&#8217;\u00e9l\u00e9gance de la terre avec le carreau LOOP TERRACOTA 6,3X25. Cette pi\u00e8ce, inspir\u00e9e par l&#8217;innovation architecturale et la technologie 3D de la s\u00e9rie LOOP, red\u00e9finit le concept traditionnel des Fa\u00efences en c\u00e9ramique. Sa couleur terre, un brun clair doux ou un beige ros\u00e9, \u00e9voque la chaleur naturelle et la s\u00e9r\u00e9nit\u00e9, [&hellip;]<\/p>\n","protected":false},"featured_media":568535,"comment_status":"open","ping_status":"closed","template":"","meta":[],"product_brand":[],"product_cat":[355,356,354],"product_tag":[],"class_list":{"0":"post-568681","1":"product","2":"type-product","3":"status-publish","4":"has-post-thumbnail","6":"product_cat-cuisines","7":"product_cat-faiences","8":"product_cat-carrelage-salle-de-bain","10":"first","11":"instock","12":"shipping-taxable","13":"purchasable","14":"product-type-simple"},"_links":{"self":[{"href":"https:\/\/tilefly.com\/fr\/wp-json\/wp\/v2\/product\/568681","targetHints":{"allow":["GET"]}}],"collection":[{"href":"https:\/\/tilefly.com\/fr\/wp-json\/wp\/v2\/product"}],"about":[{"href":"https:\/\/tilefly.com\/fr\/wp-json\/wp\/v2\/types\/product"}],"replies":[{"embeddable":true,"href":"https:\/\/tilefly.com\/fr\/wp-json\/wp\/v2\/comments?post=568681"}],"wp:featuredmedia":[{"embeddable":true,"href":"https:\/\/tilefly.com\/fr\/wp-json\/wp\/v2\/media\/568535"}],"wp:attachment":[{"href":"https:\/\/tilefly.com\/fr\/wp-json\/wp\/v2\/media?parent=568681"}],"wp:term":[{"taxonomy":"product_brand","embeddable":true,"href":"https:\/\/tilefly.com\/fr\/wp-json\/wp\/v2\/product_brand?post=568681"},{"taxonomy":"product_cat","embeddable":true,"href":"https:\/\/tilefly.com\/fr\/wp-json\/wp\/v2\/product_cat?post=568681"},{"taxonomy":"product_tag","embeddable":true,"href":"https:\/\/tilefly.com\/fr\/wp-json\/wp\/v2\/product_tag?post=568681"}],"curies":[{"name":"wp","href":"https:\/\/api.w.org\/{rel}","templated":true}]}}