{"id":568674,"date":"2025-02-27T00:38:19","date_gmt":"2025-02-26T23:38:19","guid":{"rendered":"https:\/\/tilefly.com\/producto\/smooth-white-63x25\/"},"modified":"2025-02-27T01:01:44","modified_gmt":"2025-02-27T00:01:44","slug":"smooth-white-63x25","status":"publish","type":"product","link":"https:\/\/tilefly.com\/fr\/produit\/smooth-white-63x25\/","title":{"rendered":"SMOOTH WHITE 6,3X25"},"content":{"rendered":"<h2><strong>BLANC LISSE 6,3X25<\/strong><\/h2><p>D\u00e9couvrez l&#8217;\u00e9l\u00e9gance minimaliste avec le carreau SMOOTH WHITE 6,3X25, une pi\u00e8ce qui red\u00e9finit la subtilit\u00e9 dans la d\u00e9coration d&#8217;int\u00e9rieur. Sa couleur blanc cass\u00e9, presque cr\u00e8me, d\u00e9gage une luminosit\u00e9 douce et accueillante, parfaite pour cr\u00e9er des environnements sereins et spacieux. Avec un format rectangulaire de 6,3X25, ce carreau de corps blanc, sp\u00e9cifiquement con\u00e7u pour la Fa\u00efence, offre une polyvalence exceptionnelle dans son application.  <\/p><p>La finition mate du carreau SMOOTH WHITE \u00e9limine les reflets ind\u00e9sirables, offrant une surface lisse et uniforme, invitante au toucher. Son design d\u00e9coratif, mais subtil, ajoute une touche de distinction qui met en valeur n&#8217;importe quel espace. Imaginez ce carrelage dans votre cuisine, votre salle de bains ou votre salon, o\u00f9 sa tonalit\u00e9 neutre se marie sans effort avec une large gamme de couleurs et de mat\u00e9riaux, vous permettant d&#8217;exprimer votre style personnel sans restriction.  <\/p><p>Parce qu&#8217;il n&#8217;est pas rectifi\u00e9, le carreau SMOOTH WHITE conserve un charme artisanal qui apporte chaleur et caract\u00e8re \u00e0 vos murs. L&#8217;installation est simple et adaptable, ce qui en fait un choix id\u00e9al pour les projets de r\u00e9novation et les nouvelles constructions. Si vous \u00eates en qu\u00eate d&#8217;inspiration pour associer ce carreau \u00e0 d&#8217;autres motifs et textures, nous vous invitons \u00e0 explorer la collection <a href=\"https:\/\/tilefly.com\/producto\/loop\">LOOP<\/a>, o\u00f9 vous trouverez une gamme d&#8217;options qui compl\u00e9teront parfaitement votre vision cr\u00e9ative. Avec SMOOTH WHITE 6,3X25, transformez vos espaces en havres de style et de confort.   <\/p>","protected":false},"excerpt":{"rendered":"<p>BLANC LISSE 6,3X25D\u00e9couvrez l&#8217;\u00e9l\u00e9gance minimaliste avec le carreau SMOOTH WHITE 6,3X25, une pi\u00e8ce qui red\u00e9finit la subtilit\u00e9 dans la d\u00e9coration d&#8217;int\u00e9rieur. Sa couleur blanc cass\u00e9, presque cr\u00e8me, d\u00e9gage une luminosit\u00e9 douce et accueillante, parfaite pour cr\u00e9er des environnements sereins et spacieux. Avec un format rectangulaire de 6,3X25, ce carreau de corps blanc, sp\u00e9cifiquement con\u00e7u pour [&hellip;]<\/p>\n","protected":false},"featured_media":568639,"comment_status":"open","ping_status":"closed","template":"","meta":[],"product_brand":[],"product_cat":[355,356,354],"product_tag":[],"class_list":{"0":"post-568674","1":"product","2":"type-product","3":"status-publish","4":"has-post-thumbnail","6":"product_cat-cuisines","7":"product_cat-faiences","8":"product_cat-carrelage-salle-de-bain","10":"first","11":"instock","12":"shipping-taxable","13":"purchasable","14":"product-type-simple"},"_links":{"self":[{"href":"https:\/\/tilefly.com\/fr\/wp-json\/wp\/v2\/product\/568674","targetHints":{"allow":["GET"]}}],"collection":[{"href":"https:\/\/tilefly.com\/fr\/wp-json\/wp\/v2\/product"}],"about":[{"href":"https:\/\/tilefly.com\/fr\/wp-json\/wp\/v2\/types\/product"}],"replies":[{"embeddable":true,"href":"https:\/\/tilefly.com\/fr\/wp-json\/wp\/v2\/comments?post=568674"}],"wp:featuredmedia":[{"embeddable":true,"href":"https:\/\/tilefly.com\/fr\/wp-json\/wp\/v2\/media\/568639"}],"wp:attachment":[{"href":"https:\/\/tilefly.com\/fr\/wp-json\/wp\/v2\/media?parent=568674"}],"wp:term":[{"taxonomy":"product_brand","embeddable":true,"href":"https:\/\/tilefly.com\/fr\/wp-json\/wp\/v2\/product_brand?post=568674"},{"taxonomy":"product_cat","embeddable":true,"href":"https:\/\/tilefly.com\/fr\/wp-json\/wp\/v2\/product_cat?post=568674"},{"taxonomy":"product_tag","embeddable":true,"href":"https:\/\/tilefly.com\/fr\/wp-json\/wp\/v2\/product_tag?post=568674"}],"curies":[{"name":"wp","href":"https:\/\/api.w.org\/{rel}","templated":true}]}}