{"id":568673,"date":"2025-02-27T00:38:11","date_gmt":"2025-02-26T23:38:11","guid":{"rendered":"https:\/\/tilefly.com\/producto\/smooth-terracota-63x25\/"},"modified":"2025-02-27T01:01:41","modified_gmt":"2025-02-27T00:01:41","slug":"smooth-terracota-63x25","status":"publish","type":"product","link":"https:\/\/tilefly.com\/fr\/produit\/smooth-terracota-63x25\/","title":{"rendered":"SMOOTH TERRACOTA 6,3X25"},"content":{"rendered":"<h2><strong>TERRE CUITE LISSE 6,3X25<\/strong><\/h2><p>D\u00e9couvrez l&#8217;\u00e9l\u00e9gance subtile de la tuile SMOOTH TERRACOTA 6,3X25, une pi\u00e8ce qui \u00e9voque la chaleur de la terre dans un format distinctif. Mesurant 6,3&#215;25 centim\u00e8tres, cette tuile de Fa\u00efence non rectifi\u00e9e se distingue par sa couleur terre uniforme, un beige clair ou sable qui apporte luminosit\u00e9 et s\u00e9r\u00e9nit\u00e9 \u00e0 tout espace. Sa finition mate \u00e9limine la brillance et les reflets, offrant une surface lisse et discr\u00e8te, id\u00e9ale pour les ambiances qui recherchent une touche minimaliste et fonctionnelle.  <\/p><p>En corps blanc, ce carreau d\u00e9cor\u00e9 s&#8217;int\u00e8gre parfaitement dans la collection <a href=\"https:\/\/tilefly.com\/producto\/loop\">LOOP<\/a>, inspir\u00e9e par l&#8217;architecture et la technologie 3D. Son design simple, sans motifs apparents, en fait une option polyvalente \u00e0 combiner avec diff\u00e9rents styles de d\u00e9coration, des plus classiques aux plus modernes. Son ton chaud et neutre lui permet de s&#8217;int\u00e9grer facilement dans les espaces r\u00e9sidentiels et commerciaux, en y apportant une touche de confort et de sophistication.  <\/p><p>Le carrelage SMOOTH TERRACOTA 6,3X25 est parfait pour le rev\u00eatement des murs des salles de Bain, des cuisines ou des salons, cr\u00e9ant ainsi des atmosph\u00e8res chaleureuses et pleines de personnalit\u00e9. Sa facilit\u00e9 de pose et d&#8217;entretien en font une option pratique et durable pour ceux qui recherchent une Fa\u00efence murale de qualit\u00e9 au design intemporel. Plongez dans l&#8217;exp\u00e9rience <a href=\"https:\/\/tilefly.com\/producto\/loop\">LOOP<\/a> et transformez vos espaces avec la beaut\u00e9 de la c\u00e9ramique.  <\/p>","protected":false},"excerpt":{"rendered":"<p>TERRE CUITE LISSE 6,3X25D\u00e9couvrez l&#8217;\u00e9l\u00e9gance subtile de la tuile SMOOTH TERRACOTA 6,3X25, une pi\u00e8ce qui \u00e9voque la chaleur de la terre dans un format distinctif. Mesurant 6,3&#215;25 centim\u00e8tres, cette tuile de Fa\u00efence non rectifi\u00e9e se distingue par sa couleur terre uniforme, un beige clair ou sable qui apporte luminosit\u00e9 et s\u00e9r\u00e9nit\u00e9 \u00e0 tout espace. Sa [&hellip;]<\/p>\n","protected":false},"featured_media":568613,"comment_status":"open","ping_status":"closed","template":"","meta":[],"product_brand":[],"product_cat":[355,356,354],"product_tag":[],"class_list":{"0":"post-568673","1":"product","2":"type-product","3":"status-publish","4":"has-post-thumbnail","6":"product_cat-cuisines","7":"product_cat-faiences","8":"product_cat-carrelage-salle-de-bain","10":"first","11":"instock","12":"shipping-taxable","13":"purchasable","14":"product-type-simple"},"_links":{"self":[{"href":"https:\/\/tilefly.com\/fr\/wp-json\/wp\/v2\/product\/568673","targetHints":{"allow":["GET"]}}],"collection":[{"href":"https:\/\/tilefly.com\/fr\/wp-json\/wp\/v2\/product"}],"about":[{"href":"https:\/\/tilefly.com\/fr\/wp-json\/wp\/v2\/types\/product"}],"replies":[{"embeddable":true,"href":"https:\/\/tilefly.com\/fr\/wp-json\/wp\/v2\/comments?post=568673"}],"wp:featuredmedia":[{"embeddable":true,"href":"https:\/\/tilefly.com\/fr\/wp-json\/wp\/v2\/media\/568613"}],"wp:attachment":[{"href":"https:\/\/tilefly.com\/fr\/wp-json\/wp\/v2\/media?parent=568673"}],"wp:term":[{"taxonomy":"product_brand","embeddable":true,"href":"https:\/\/tilefly.com\/fr\/wp-json\/wp\/v2\/product_brand?post=568673"},{"taxonomy":"product_cat","embeddable":true,"href":"https:\/\/tilefly.com\/fr\/wp-json\/wp\/v2\/product_cat?post=568673"},{"taxonomy":"product_tag","embeddable":true,"href":"https:\/\/tilefly.com\/fr\/wp-json\/wp\/v2\/product_tag?post=568673"}],"curies":[{"name":"wp","href":"https:\/\/api.w.org\/{rel}","templated":true}]}}