{"id":568669,"date":"2025-02-27T00:38:15","date_gmt":"2025-02-26T23:38:15","guid":{"rendered":"https:\/\/tilefly.com\/producto\/smooth-pumice-63x25\/"},"modified":"2025-02-27T01:01:39","modified_gmt":"2025-02-27T00:01:39","slug":"smooth-pumice-63x25","status":"publish","type":"product","link":"https:\/\/tilefly.com\/fr\/produit\/smooth-pumice-63x25\/","title":{"rendered":"SMOOTH PUMICE 6,3X25"},"content":{"rendered":"<h2><strong>PIERRE PONCE LISSE 6,3X25<\/strong><\/h2><p>D\u00e9couvrez l&#8217;\u00e9l\u00e9gance subtile du carreau SMOOTH PUMICE, une pi\u00e8ce qui red\u00e9finit le concept de Fa\u00efence avec sa d\u00e9licate couleur grise. Mesurant 6,3&#215;25 cm, ce carreau de corps blanc offre une solution polyvalente pour transformer vos murs en toiles d&#8217;une sophistication discr\u00e8te. Sa finition mate offre une texture douce et accueillante, id\u00e9ale pour cr\u00e9er des atmosph\u00e8res relaxantes et contemporaines. L&#8217;absence de meulage sur les bords ajoute une touche artisanale qui rehausse son caract\u00e8re unique.     <\/p><p>Le carreau SMOOTH PUMICE se distingue par sa beaut\u00e9 subtile et sa capacit\u00e9 \u00e0 s&#8217;int\u00e9grer dans un large \u00e9ventail de styles d\u00e9coratifs. Sa couleur gris\u00e2tre, semblable \u00e0 la pierre ponce naturelle, \u00e9voque la s\u00e9r\u00e9nit\u00e9 des paysages volcaniques, apportant une sensation de calme et d&#8217;\u00e9quilibre \u00e0 tout espace. La finition mate r\u00e9duit les reflets de la lumi\u00e8re, cr\u00e9ant ainsi une atmosph\u00e8re plus intime et plus confortable. Parfait pour les cuisines, les salles de bains ou les salons, ce carrelage d\u00e9cor\u00e9 apporte une touche de distinction sans surcharger l&#8217;environnement.     <\/p><p>Inspir\u00e9 par la puret\u00e9 des formes et l&#8217;harmonie des couleurs, le carreau SMOOTH PUMICE fait partie d&#8217;une collection qui c\u00e9l\u00e8bre la beaut\u00e9 dans son \u00e9tat le plus essentiel. Si vous \u00eates \u00e0 la recherche d&#8217;une option qui allie design, qualit\u00e9 et fonctionnalit\u00e9, n&#8217;h\u00e9sitez pas \u00e0 explorer la s\u00e9rie <a href=\"https:\/\/tilefly.com\/producto\/loop\">LOOP<\/a>, o\u00f9 vous trouverez une grande vari\u00e9t\u00e9 de solutions c\u00e9ramiques pour concr\u00e9tiser vos projets de d\u00e9coration d&#8217;int\u00e9rieur. <\/p>","protected":false},"excerpt":{"rendered":"<p>PIERRE PONCE LISSE 6,3X25D\u00e9couvrez l&#8217;\u00e9l\u00e9gance subtile du carreau SMOOTH PUMICE, une pi\u00e8ce qui red\u00e9finit le concept de Fa\u00efence avec sa d\u00e9licate couleur grise. Mesurant 6,3&#215;25 cm, ce carreau de corps blanc offre une solution polyvalente pour transformer vos murs en toiles d&#8217;une sophistication discr\u00e8te. Sa finition mate offre une texture douce et accueillante, id\u00e9ale pour [&hellip;]<\/p>\n","protected":false},"featured_media":568626,"comment_status":"open","ping_status":"closed","template":"","meta":[],"product_brand":[],"product_cat":[355,356,354],"product_tag":[],"class_list":{"0":"post-568669","1":"product","2":"type-product","3":"status-publish","4":"has-post-thumbnail","6":"product_cat-cuisines","7":"product_cat-faiences","8":"product_cat-carrelage-salle-de-bain","10":"first","11":"instock","12":"shipping-taxable","13":"purchasable","14":"product-type-simple"},"_links":{"self":[{"href":"https:\/\/tilefly.com\/fr\/wp-json\/wp\/v2\/product\/568669","targetHints":{"allow":["GET"]}}],"collection":[{"href":"https:\/\/tilefly.com\/fr\/wp-json\/wp\/v2\/product"}],"about":[{"href":"https:\/\/tilefly.com\/fr\/wp-json\/wp\/v2\/types\/product"}],"replies":[{"embeddable":true,"href":"https:\/\/tilefly.com\/fr\/wp-json\/wp\/v2\/comments?post=568669"}],"wp:featuredmedia":[{"embeddable":true,"href":"https:\/\/tilefly.com\/fr\/wp-json\/wp\/v2\/media\/568626"}],"wp:attachment":[{"href":"https:\/\/tilefly.com\/fr\/wp-json\/wp\/v2\/media?parent=568669"}],"wp:term":[{"taxonomy":"product_brand","embeddable":true,"href":"https:\/\/tilefly.com\/fr\/wp-json\/wp\/v2\/product_brand?post=568669"},{"taxonomy":"product_cat","embeddable":true,"href":"https:\/\/tilefly.com\/fr\/wp-json\/wp\/v2\/product_cat?post=568669"},{"taxonomy":"product_tag","embeddable":true,"href":"https:\/\/tilefly.com\/fr\/wp-json\/wp\/v2\/product_tag?post=568669"}],"curies":[{"name":"wp","href":"https:\/\/api.w.org\/{rel}","templated":true}]}}