{"id":568667,"date":"2025-02-27T00:38:08","date_gmt":"2025-02-26T23:38:08","guid":{"rendered":"https:\/\/tilefly.com\/producto\/smooth-woad-63x25\/"},"modified":"2025-02-27T01:01:37","modified_gmt":"2025-02-27T00:01:37","slug":"smooth-woad-63x25","status":"publish","type":"product","link":"https:\/\/tilefly.com\/fr\/produit\/smooth-woad-63x25\/","title":{"rendered":"SMOOTH WOAD 6,3X25"},"content":{"rendered":"<h2><strong>OUATE LISSE 6,3X25<\/strong><\/h2><p>D\u00e9couvrez l&#8217;\u00e9l\u00e9gance subtile et le charme minimaliste avec SMOOTH WOAD 6,3X25, une pi\u00e8ce qui red\u00e9finit le concept de la Fa\u00efence. Ce carreau, au format 6,3X25, offre une polyvalence exceptionnelle pour cr\u00e9er des espaces uniques et pleins de personnalit\u00e9. Son ton bleu-gris sombre et uniforme, sans stridence, donne une impression de calme et de sophistication, id\u00e9ale pour les environnements qui cherchent \u00e0 transmettre la s\u00e9r\u00e9nit\u00e9 et la modernit\u00e9.  <\/p><p>Fabriqu\u00e9 dans un corps blanc de haute qualit\u00e9, ce carreau non rectifi\u00e9 se distingue par sa finition mate, qui \u00e9vite les reflets ind\u00e9sirables et offre une surface lisse et agr\u00e9able au toucher. Son design lisse et non textur\u00e9 facilite le nettoyage et l&#8217;entretien, ce qui en fait une option pratique et fonctionnelle pour n&#8217;importe quel espace. Parfait pour recouvrir les murs des cuisines, des salles de bains ou des salons, SMOOTH WOAD s&#8217;adapte aux diff\u00e9rents styles de d\u00e9coration, des plus classiques aux plus avant-gardistes.  <\/p><p>En outre, son aspect d\u00e9coratif ajoute une touche distinctive \u00e0 chaque environnement, vous permettant de cr\u00e9er des compositions originales et personnalis\u00e9es. Combinez-la avec d&#8217;autres \u00e9l\u00e9ments de design pour obtenir des contrastes int\u00e9ressants ou utilisez-la comme base neutre pour mettre en valeur d&#8217;autres \u00e9l\u00e9ments d\u00e9coratifs. Si vous \u00eates en qu\u00eate d&#8217;inspiration, nous vous invitons \u00e0 explorer la s\u00e9rie <a href=\"https:\/\/tilefly.com\/producto\/loop\">LOOP<\/a>, o\u00f9 vous trouverez un large \u00e9ventail d&#8217;options pour compl\u00e9ter votre projet.  <\/p>","protected":false},"excerpt":{"rendered":"<p>OUATE LISSE 6,3X25D\u00e9couvrez l&#8217;\u00e9l\u00e9gance subtile et le charme minimaliste avec SMOOTH WOAD 6,3X25, une pi\u00e8ce qui red\u00e9finit le concept de la Fa\u00efence. Ce carreau, au format 6,3X25, offre une polyvalence exceptionnelle pour cr\u00e9er des espaces uniques et pleins de personnalit\u00e9. Son ton bleu-gris sombre et uniforme, sans stridence, donne une impression de calme et de [&hellip;]<\/p>\n","protected":false},"featured_media":568600,"comment_status":"open","ping_status":"closed","template":"","meta":[],"product_brand":[],"product_cat":[355,356,354],"product_tag":[],"class_list":{"0":"post-568667","1":"product","2":"type-product","3":"status-publish","4":"has-post-thumbnail","6":"product_cat-cuisines","7":"product_cat-faiences","8":"product_cat-carrelage-salle-de-bain","10":"first","11":"instock","12":"shipping-taxable","13":"purchasable","14":"product-type-simple"},"_links":{"self":[{"href":"https:\/\/tilefly.com\/fr\/wp-json\/wp\/v2\/product\/568667","targetHints":{"allow":["GET"]}}],"collection":[{"href":"https:\/\/tilefly.com\/fr\/wp-json\/wp\/v2\/product"}],"about":[{"href":"https:\/\/tilefly.com\/fr\/wp-json\/wp\/v2\/types\/product"}],"replies":[{"embeddable":true,"href":"https:\/\/tilefly.com\/fr\/wp-json\/wp\/v2\/comments?post=568667"}],"wp:featuredmedia":[{"embeddable":true,"href":"https:\/\/tilefly.com\/fr\/wp-json\/wp\/v2\/media\/568600"}],"wp:attachment":[{"href":"https:\/\/tilefly.com\/fr\/wp-json\/wp\/v2\/media?parent=568667"}],"wp:term":[{"taxonomy":"product_brand","embeddable":true,"href":"https:\/\/tilefly.com\/fr\/wp-json\/wp\/v2\/product_brand?post=568667"},{"taxonomy":"product_cat","embeddable":true,"href":"https:\/\/tilefly.com\/fr\/wp-json\/wp\/v2\/product_cat?post=568667"},{"taxonomy":"product_tag","embeddable":true,"href":"https:\/\/tilefly.com\/fr\/wp-json\/wp\/v2\/product_tag?post=568667"}],"curies":[{"name":"wp","href":"https:\/\/api.w.org\/{rel}","templated":true}]}}