{"id":567485,"date":"2025-02-26T23:20:41","date_gmt":"2025-02-26T22:20:41","guid":{"rendered":"https:\/\/tilefly.com\/producto\/domaso-avorio-rect-60x120\/"},"modified":"2026-04-02T04:15:35","modified_gmt":"2026-04-02T02:15:35","slug":"domaso-avorio-rect-60x120","status":"publish","type":"product","link":"https:\/\/tilefly.com\/fr\/produit\/domaso-avorio-rect-60x120\/","title":{"rendered":"DOMASO AVORIO RECT 60X120"},"content":{"rendered":"<h2><strong>DOMASO AVORIO RECT 60X120<\/strong><\/h2><p>Descubre la elegancia atemporal con DOMASO AVORIO RECT 60X120, una pieza que redefine el concepto de sofisticaci\u00f3n en revestimientos. Su delicado color marfil aporta luminosidad y calidez a cualquier espacio, creando ambientes acogedores y llenos de armon\u00eda. El formato de 60&#215;120 cm de esta baldosa de <a href='https:\/\/tilefly.com\/producto\/bellagio'>BELLAGIO<\/a>, junto con su dise\u00f1o rectificado, garantiza una instalaci\u00f3n precisa y un acabado impecable, minimizando las juntas y maximizando la sensaci\u00f3n de continuidad visual. <\/p><p>Elaborado en pasta blanca de alta calidad, este revestimiento destaca por su durabilidad y resistencia, ideal para transformar tus paredes con un toque de distinci\u00f3n. Su acabado mate realza la belleza del dise\u00f1o damasco, un patr\u00f3n cl\u00e1sico de motivos ornamentales en tonos beige y blanco crema que evoca la elegancia tradicional. Cada detalle de DOMASO AVORIO ha sido cuidadosamente dise\u00f1ado para brindarte una experiencia \u00fanica, donde la est\u00e9tica se fusiona con la funcionalidad. <\/p><p>Atr\u00e9vete a crear espacios tridimensionales combinando esta pieza con otras de la colecci\u00f3n BELLAGIO y d\u00e9jate cautivar por su versatilidad. Desde peque\u00f1os hasta grandes formatos, relieves y decorados, esta serie te ofrece un sinf\u00edn de posibilidades para expresar tu estilo personal y dise\u00f1ar ambientes que perduren en el tiempo. DOMASO AVORIO es mucho m\u00e1s que un revestimiento, es una declaraci\u00f3n de intenciones que refleja tu pasi\u00f3n por el dise\u00f1o y la b\u00fasqueda de la excelencia en cada detalle.<\/p>","protected":false},"excerpt":{"rendered":"<p>DOMASO AVORIO RECT 60X120Descubre la elegancia atemporal con DOMASO AVORIO RECT 60X120, una pieza que redefine el concepto de sofisticaci\u00f3n en revestimientos. Su delicado color marfil aporta luminosidad y calidez a cualquier espacio, creando ambientes acogedores y llenos de armon\u00eda. El formato de 60&#215;120 cm de esta baldosa de BELLAGIO, junto con su dise\u00f1o rectificado, [&hellip;]<\/p>\n","protected":false},"featured_media":567473,"comment_status":"open","ping_status":"closed","template":"","meta":[],"product_brand":[],"product_cat":[457,458,459],"product_tag":[],"class_list":{"0":"post-567485","1":"product","2":"type-product","3":"status-publish","4":"has-post-thumbnail","6":"product_cat-badezimmer","7":"product_cat-kuchen","8":"product_cat-wandfliesen","10":"first","11":"instock","12":"shipping-taxable","13":"purchasable","14":"product-type-simple"},"_links":{"self":[{"href":"https:\/\/tilefly.com\/fr\/wp-json\/wp\/v2\/product\/567485","targetHints":{"allow":["GET"]}}],"collection":[{"href":"https:\/\/tilefly.com\/fr\/wp-json\/wp\/v2\/product"}],"about":[{"href":"https:\/\/tilefly.com\/fr\/wp-json\/wp\/v2\/types\/product"}],"replies":[{"embeddable":true,"href":"https:\/\/tilefly.com\/fr\/wp-json\/wp\/v2\/comments?post=567485"}],"wp:featuredmedia":[{"embeddable":true,"href":"https:\/\/tilefly.com\/fr\/wp-json\/wp\/v2\/media\/567473"}],"wp:attachment":[{"href":"https:\/\/tilefly.com\/fr\/wp-json\/wp\/v2\/media?parent=567485"}],"wp:term":[{"taxonomy":"product_brand","embeddable":true,"href":"https:\/\/tilefly.com\/fr\/wp-json\/wp\/v2\/product_brand?post=567485"},{"taxonomy":"product_cat","embeddable":true,"href":"https:\/\/tilefly.com\/fr\/wp-json\/wp\/v2\/product_cat?post=567485"},{"taxonomy":"product_tag","embeddable":true,"href":"https:\/\/tilefly.com\/fr\/wp-json\/wp\/v2\/product_tag?post=567485"}],"curies":[{"name":"wp","href":"https:\/\/api.w.org\/{rel}","templated":true}]}}