{"id":566968,"date":"2025-02-24T20:16:03","date_gmt":"2025-02-24T19:18:13","guid":{"rendered":"https:\/\/tilefly.com\/producto\/himalayas\/"},"modified":"2025-02-24T22:16:42","modified_gmt":"2025-02-24T21:16:42","slug":"himalayas","status":"publish","type":"product","link":"https:\/\/tilefly.com\/fr\/produit\/himalayas\/","title":{"rendered":"HIMALAYAS"},"content":{"rendered":"<p>Himalaya Series<br \/>La labradorite est la pierre pr\u00e9cieuse sur laquelle repose cette collection. Une pierre fascinante qui rayonne de couleurs \u00e9nergiques et cr\u00e9e des effets presque magiques lorsqu&#8217;elle est expos\u00e9e \u00e0 la lumi\u00e8re. Himalaya s&#8217;inspire des min\u00e9raux, des montagnes et des ph\u00e9nom\u00e8nes \u00e9tonnants qui se produisent dans la nature. Cette collection, con\u00e7ue pour les piscines et les ext\u00e9rieurs, pr\u00e9sente un graphisme fascinant qui parvient \u00e0 reproduire en d\u00e9tail l&#8217;iridescence de la labradorite originale. De plus, elle offre une gamme de couleurs tr\u00e8s \u00e9tendue allant du bleu au violet, avec des nuances de vert, de jaune et d&#8217;orange.    <\/p>","protected":false},"excerpt":{"rendered":"<p>Himalaya SeriesLa labradorite est la pierre pr\u00e9cieuse sur laquelle repose cette collection. Une pierre fascinante qui rayonne de couleurs \u00e9nergiques et cr\u00e9e des effets presque magiques lorsqu&#8217;elle est expos\u00e9e \u00e0 la lumi\u00e8re. Himalaya s&#8217;inspire des min\u00e9raux, des montagnes et des ph\u00e9nom\u00e8nes \u00e9tonnants qui se produisent dans la nature. Cette collection, con\u00e7ue pour les piscines et [&hellip;]<\/p>\n","protected":false},"featured_media":566807,"comment_status":"closed","ping_status":"closed","template":"","meta":[],"product_brand":[],"product_cat":[355,356,354],"product_tag":[],"class_list":{"0":"post-566968","1":"product","2":"type-product","3":"status-publish","4":"has-post-thumbnail","6":"product_cat-cuisines","7":"product_cat-faiences","8":"product_cat-carrelage-salle-de-bain","10":"first","11":"instock","12":"shipping-taxable","13":"product-type-grouped"},"_links":{"self":[{"href":"https:\/\/tilefly.com\/fr\/wp-json\/wp\/v2\/product\/566968","targetHints":{"allow":["GET"]}}],"collection":[{"href":"https:\/\/tilefly.com\/fr\/wp-json\/wp\/v2\/product"}],"about":[{"href":"https:\/\/tilefly.com\/fr\/wp-json\/wp\/v2\/types\/product"}],"replies":[{"embeddable":true,"href":"https:\/\/tilefly.com\/fr\/wp-json\/wp\/v2\/comments?post=566968"}],"wp:featuredmedia":[{"embeddable":true,"href":"https:\/\/tilefly.com\/fr\/wp-json\/wp\/v2\/media\/566807"}],"wp:attachment":[{"href":"https:\/\/tilefly.com\/fr\/wp-json\/wp\/v2\/media?parent=566968"}],"wp:term":[{"taxonomy":"product_brand","embeddable":true,"href":"https:\/\/tilefly.com\/fr\/wp-json\/wp\/v2\/product_brand?post=566968"},{"taxonomy":"product_cat","embeddable":true,"href":"https:\/\/tilefly.com\/fr\/wp-json\/wp\/v2\/product_cat?post=566968"},{"taxonomy":"product_tag","embeddable":true,"href":"https:\/\/tilefly.com\/fr\/wp-json\/wp\/v2\/product_tag?post=566968"}],"curies":[{"name":"wp","href":"https:\/\/api.w.org\/{rel}","templated":true}]}}