{"id":553196,"date":"2025-02-20T23:36:39","date_gmt":"2025-02-20T22:36:39","guid":{"rendered":"https:\/\/tilefly.com\/producto\/kinstone-chalk-rect-30x90\/"},"modified":"2026-04-18T04:16:08","modified_gmt":"2026-04-18T02:16:08","slug":"kinstone-chalk-rect-30x90","status":"publish","type":"product","link":"https:\/\/tilefly.com\/fr\/produit\/kinstone-chalk-rect-30x90\/","title":{"rendered":"KINSTONE CHALK RECT 30X90"},"content":{"rendered":"<h2><strong>KINSTONE CHALK RECT 30X90<\/strong><\/h2><p>Descubre la elegancia sutil del KINSTONE CHALK RECT 30X90, una baldosa que redefine la sofisticaci\u00f3n en tu hogar. Con un delicado color gris que evoca la serenidad de la piedra natural, esta pieza de revestimiento en pasta blanca aporta luminosidad y amplitud a cualquier espacio. Su formato de 30&#215;90 cent\u00edmetros, rectificado para una instalaci\u00f3n impecable, se adapta a la perfecci\u00f3n a dise\u00f1os modernos y minimalistas, creando ambientes fluidos y continuos. La <a href='https:\/\/tilefly.com\/producto\/kinfolk'>KINFOLK<\/a> serie, de la que forma parte, se inspira en la filosof\u00eda slow life, integrando elementos cl\u00e1sicos con un toque r\u00fastico y n\u00f3rdico. <\/p><p>El acabado mate de esta baldosa no solo ofrece un tacto suave y agradable, sino que tambi\u00e9n minimiza los reflejos, creando una atm\u00f3sfera c\u00e1lida y acogedora. Su dise\u00f1o imitaci\u00f3n cemento\/piedra, con sutiles motas de color m\u00e1s claro dispersas en su superficie, a\u00f1ade un toque de autenticidad y naturalidad a tus paredes. Ideal para ba\u00f1os, cocinas o cualquier espacio que desees transformar con un estilo atemporal y elegante, el KINSTONE CHALK RECT 30X90 es la elecci\u00f3n perfecta para quienes buscan calidad, dise\u00f1o y versatilidad. <\/p><p>Atr\u00e9vete a experimentar con la textura y el color de esta pieza \u00fanica, y crea un ambiente que refleje tu personalidad y estilo. Su f\u00e1cil mantenimiento y durabilidad garantizan una inversi\u00f3n a largo plazo, permiti\u00e9ndote disfrutar de un espacio impecable y sofisticado durante muchos a\u00f1os. Transforma tus paredes en lienzos de inspiraci\u00f3n con KINSTONE CHALK RECT 30X90 y la serie KINFOLK.<\/p>","protected":false},"excerpt":{"rendered":"<p>KINSTONE CHALK RECT 30X90Descubre la elegancia sutil del KINSTONE CHALK RECT 30X90, una baldosa que redefine la sofisticaci\u00f3n en tu hogar. Con un delicado color gris que evoca la serenidad de la piedra natural, esta pieza de revestimiento en pasta blanca aporta luminosidad y amplitud a cualquier espacio. Su formato de 30&#215;90 cent\u00edmetros, rectificado para [&hellip;]<\/p>\n","protected":false},"featured_media":553184,"comment_status":"open","ping_status":"closed","template":"","meta":[],"product_brand":[],"product_cat":[305,306,304],"product_tag":[],"class_list":{"0":"post-553196","1":"product","2":"type-product","3":"status-publish","4":"has-post-thumbnail","6":"product_cat-banos","7":"product_cat-cocina","8":"product_cat-revestimiento","10":"first","11":"outofstock","12":"shipping-taxable","13":"purchasable","14":"product-type-simple"},"_links":{"self":[{"href":"https:\/\/tilefly.com\/fr\/wp-json\/wp\/v2\/product\/553196","targetHints":{"allow":["GET"]}}],"collection":[{"href":"https:\/\/tilefly.com\/fr\/wp-json\/wp\/v2\/product"}],"about":[{"href":"https:\/\/tilefly.com\/fr\/wp-json\/wp\/v2\/types\/product"}],"replies":[{"embeddable":true,"href":"https:\/\/tilefly.com\/fr\/wp-json\/wp\/v2\/comments?post=553196"}],"wp:featuredmedia":[{"embeddable":true,"href":"https:\/\/tilefly.com\/fr\/wp-json\/wp\/v2\/media\/553184"}],"wp:attachment":[{"href":"https:\/\/tilefly.com\/fr\/wp-json\/wp\/v2\/media?parent=553196"}],"wp:term":[{"taxonomy":"product_brand","embeddable":true,"href":"https:\/\/tilefly.com\/fr\/wp-json\/wp\/v2\/product_brand?post=553196"},{"taxonomy":"product_cat","embeddable":true,"href":"https:\/\/tilefly.com\/fr\/wp-json\/wp\/v2\/product_cat?post=553196"},{"taxonomy":"product_tag","embeddable":true,"href":"https:\/\/tilefly.com\/fr\/wp-json\/wp\/v2\/product_tag?post=553196"}],"curies":[{"name":"wp","href":"https:\/\/api.w.org\/{rel}","templated":true}]}}