{"id":553037,"date":"2025-02-14T13:50:29","date_gmt":"2025-02-14T12:50:29","guid":{"rendered":"https:\/\/tilefly.com\/producto\/violet-day-15x15\/"},"modified":"2025-02-15T02:13:03","modified_gmt":"2025-02-15T01:13:03","slug":"violet-day-15x15","status":"publish","type":"product","link":"https:\/\/tilefly.com\/fr\/produit\/violet-day-15x15\/","title":{"rendered":"VIOLET DAY 15X15"},"content":{"rendered":"<h2><strong>JOUR DE LA VIOLETTE 15X15<\/strong><\/h2><p>VIOLET DAY 15X15 de la s\u00e9rie <a href=\"https:\/\/tilefly.com\/producto\/tonality\/\">TONALITY<\/a> rayonne de vitalit\u00e9 et d&#8217;optimisme avec son design floral dans les tons violets et sa finition mate. Ce carreau en gr\u00e8s c\u00e9rame de 15&#215;15 cm capture la luminosit\u00e9 du jour, id\u00e9al pour les espaces qui cherchent \u00e0 transmettre la joie et la fra\u00eecheur. Imaginez une Salle de Bain aux murs recouverts de cette mosa\u00efque, transformant l&#8217;espace en une oasis d&#8217;\u00e9nergie, ou une cuisine qui invite \u00e0 la cr\u00e9ativit\u00e9 culinaire gr\u00e2ce \u00e0 son atmosph\u00e8re inspirante.  <\/p>","protected":false},"excerpt":{"rendered":"<p>JOUR DE LA VIOLETTE 15X15VIOLET DAY 15X15 de la s\u00e9rie TONALITY rayonne de vitalit\u00e9 et d&#8217;optimisme avec son design floral dans les tons violets et sa finition mate. Ce carreau en gr\u00e8s c\u00e9rame de 15&#215;15 cm capture la luminosit\u00e9 du jour, id\u00e9al pour les espaces qui cherchent \u00e0 transmettre la joie et la fra\u00eecheur. Imaginez [&hellip;]<\/p>\n","protected":false},"featured_media":551789,"comment_status":"open","ping_status":"closed","template":"","meta":[],"product_brand":[],"product_cat":[353,355,356,354],"product_tag":[],"class_list":{"0":"post-553037","1":"product","2":"type-product","3":"status-publish","4":"has-post-thumbnail","6":"product_cat-carrelage","7":"product_cat-cuisines","8":"product_cat-faiences","9":"product_cat-carrelage-salle-de-bain","11":"first","12":"instock","13":"shipping-taxable","14":"purchasable","15":"product-type-simple"},"_links":{"self":[{"href":"https:\/\/tilefly.com\/fr\/wp-json\/wp\/v2\/product\/553037","targetHints":{"allow":["GET"]}}],"collection":[{"href":"https:\/\/tilefly.com\/fr\/wp-json\/wp\/v2\/product"}],"about":[{"href":"https:\/\/tilefly.com\/fr\/wp-json\/wp\/v2\/types\/product"}],"replies":[{"embeddable":true,"href":"https:\/\/tilefly.com\/fr\/wp-json\/wp\/v2\/comments?post=553037"}],"wp:featuredmedia":[{"embeddable":true,"href":"https:\/\/tilefly.com\/fr\/wp-json\/wp\/v2\/media\/551789"}],"wp:attachment":[{"href":"https:\/\/tilefly.com\/fr\/wp-json\/wp\/v2\/media?parent=553037"}],"wp:term":[{"taxonomy":"product_brand","embeddable":true,"href":"https:\/\/tilefly.com\/fr\/wp-json\/wp\/v2\/product_brand?post=553037"},{"taxonomy":"product_cat","embeddable":true,"href":"https:\/\/tilefly.com\/fr\/wp-json\/wp\/v2\/product_cat?post=553037"},{"taxonomy":"product_tag","embeddable":true,"href":"https:\/\/tilefly.com\/fr\/wp-json\/wp\/v2\/product_tag?post=553037"}],"curies":[{"name":"wp","href":"https:\/\/api.w.org\/{rel}","templated":true}]}}