{"id":553029,"date":"2025-02-14T13:49:57","date_gmt":"2025-02-14T12:49:57","guid":{"rendered":"https:\/\/tilefly.com\/producto\/violet-night-15x15\/"},"modified":"2025-02-15T02:12:55","modified_gmt":"2025-02-15T01:12:55","slug":"violet-night-15x15","status":"publish","type":"product","link":"https:\/\/tilefly.com\/fr\/produit\/violet-night-15x15\/","title":{"rendered":"VIOLET NIGHT 15X15"},"content":{"rendered":"<h2><strong>NUIT VIOLETTE 15X15<\/strong><\/h2><p>VIOLET NIGHT 15X15 de la s\u00e9rie <a href=\"https:\/\/tilefly.com\/producto\/tonality\/\">TONALITY<\/a> est un carreau qui capture la magie de la nuit dans un design sophistiqu\u00e9 et original. D&#8217;un format carr\u00e9 de 15&#215;15 cm, ce carreau de porcelaine d\u00e9cor\u00e9 dans des tons violets et \u00e0 la finition mate apporte profondeur et myst\u00e8re \u00e0 n&#8217;importe quel espace. Son motif floral subtilement int\u00e9gr\u00e9 apporte une touche de romantisme et d&#8217;\u00e9l\u00e9gance. Imaginez une chambre \u00e0 coucher avec un mur recouvert de cette mosa\u00efque, cr\u00e9ant une atmosph\u00e8re intime et relaxante, ou un salon qui invite \u00e0 la conversation et \u00e0 la contemplation gr\u00e2ce \u00e0 son atmosph\u00e8re enveloppante.   <\/p>","protected":false},"excerpt":{"rendered":"<p>NUIT VIOLETTE 15X15VIOLET NIGHT 15X15 de la s\u00e9rie TONALITY est un carreau qui capture la magie de la nuit dans un design sophistiqu\u00e9 et original. D&#8217;un format carr\u00e9 de 15&#215;15 cm, ce carreau de porcelaine d\u00e9cor\u00e9 dans des tons violets et \u00e0 la finition mate apporte profondeur et myst\u00e8re \u00e0 n&#8217;importe quel espace. Son motif [&hellip;]<\/p>\n","protected":false},"featured_media":551750,"comment_status":"open","ping_status":"closed","template":"","meta":[],"product_brand":[],"product_cat":[353,355,356,354],"product_tag":[],"class_list":{"0":"post-553029","1":"product","2":"type-product","3":"status-publish","4":"has-post-thumbnail","6":"product_cat-carrelage","7":"product_cat-cuisines","8":"product_cat-faiences","9":"product_cat-carrelage-salle-de-bain","11":"first","12":"instock","13":"shipping-taxable","14":"purchasable","15":"product-type-simple"},"_links":{"self":[{"href":"https:\/\/tilefly.com\/fr\/wp-json\/wp\/v2\/product\/553029","targetHints":{"allow":["GET"]}}],"collection":[{"href":"https:\/\/tilefly.com\/fr\/wp-json\/wp\/v2\/product"}],"about":[{"href":"https:\/\/tilefly.com\/fr\/wp-json\/wp\/v2\/types\/product"}],"replies":[{"embeddable":true,"href":"https:\/\/tilefly.com\/fr\/wp-json\/wp\/v2\/comments?post=553029"}],"wp:featuredmedia":[{"embeddable":true,"href":"https:\/\/tilefly.com\/fr\/wp-json\/wp\/v2\/media\/551750"}],"wp:attachment":[{"href":"https:\/\/tilefly.com\/fr\/wp-json\/wp\/v2\/media?parent=553029"}],"wp:term":[{"taxonomy":"product_brand","embeddable":true,"href":"https:\/\/tilefly.com\/fr\/wp-json\/wp\/v2\/product_brand?post=553029"},{"taxonomy":"product_cat","embeddable":true,"href":"https:\/\/tilefly.com\/fr\/wp-json\/wp\/v2\/product_cat?post=553029"},{"taxonomy":"product_tag","embeddable":true,"href":"https:\/\/tilefly.com\/fr\/wp-json\/wp\/v2\/product_tag?post=553029"}],"curies":[{"name":"wp","href":"https:\/\/api.w.org\/{rel}","templated":true}]}}