{"id":553026,"date":"2025-02-14T13:50:10","date_gmt":"2025-02-14T12:50:10","guid":{"rendered":"https:\/\/tilefly.com\/producto\/jasmine-night-15x15\/"},"modified":"2025-02-15T02:12:53","modified_gmt":"2025-02-15T01:12:53","slug":"jasmine-night-15x15","status":"publish","type":"product","link":"https:\/\/tilefly.com\/fr\/produit\/jasmine-night-15x15\/","title":{"rendered":"JASMINE NIGHT 15X15"},"content":{"rendered":"<h2><strong>NUIT DE JASMIN 15X15<\/strong><\/h2><p>JASMINE NIGHT 15X15 de la s\u00e9rie <a href=\"https:\/\/tilefly.com\/producto\/tonality\/\">TONALITY<\/a> est une invitation au calme et \u00e0 la s\u00e9r\u00e9nit\u00e9 \u00e0 travers un design inspir\u00e9 de la nature. Ce carreau en gr\u00e8s c\u00e9rame de 15&#215;15 cm, d\u00e9cor\u00e9 de motifs floraux dans les tons de vert et de finition mate, \u00e9voque la fra\u00eecheur et l&#8217;harmonie d&#8217;un jardin nocturne. Son format polyvalent permet de cr\u00e9er des compositions cr\u00e9atives et personnalis\u00e9es, id\u00e9ales pour les espaces qui cherchent \u00e0 transmettre un sentiment de bien-\u00eatre et d&#8217;\u00e9quilibre. Imaginez une Salle de Bain aux murs recouverts de cette mosa\u00efque, transformant l&#8217;espace en une oasis de d\u00e9tente, ou une cuisine qui invite \u00e0 la cr\u00e9ativit\u00e9 culinaire gr\u00e2ce \u00e0 son atmosph\u00e8re inspirante.   <\/p>","protected":false},"excerpt":{"rendered":"<p>NUIT DE JASMIN 15X15JASMINE NIGHT 15X15 de la s\u00e9rie TONALITY est une invitation au calme et \u00e0 la s\u00e9r\u00e9nit\u00e9 \u00e0 travers un design inspir\u00e9 de la nature. Ce carreau en gr\u00e8s c\u00e9rame de 15&#215;15 cm, d\u00e9cor\u00e9 de motifs floraux dans les tons de vert et de finition mate, \u00e9voque la fra\u00eecheur et l&#8217;harmonie d&#8217;un jardin [&hellip;]<\/p>\n","protected":false},"featured_media":551763,"comment_status":"open","ping_status":"closed","template":"","meta":[],"product_brand":[],"product_cat":[353,355,356,354],"product_tag":[],"class_list":{"0":"post-553026","1":"product","2":"type-product","3":"status-publish","4":"has-post-thumbnail","6":"product_cat-carrelage","7":"product_cat-cuisines","8":"product_cat-faiences","9":"product_cat-carrelage-salle-de-bain","11":"first","12":"instock","13":"shipping-taxable","14":"purchasable","15":"product-type-simple"},"_links":{"self":[{"href":"https:\/\/tilefly.com\/fr\/wp-json\/wp\/v2\/product\/553026","targetHints":{"allow":["GET"]}}],"collection":[{"href":"https:\/\/tilefly.com\/fr\/wp-json\/wp\/v2\/product"}],"about":[{"href":"https:\/\/tilefly.com\/fr\/wp-json\/wp\/v2\/types\/product"}],"replies":[{"embeddable":true,"href":"https:\/\/tilefly.com\/fr\/wp-json\/wp\/v2\/comments?post=553026"}],"wp:featuredmedia":[{"embeddable":true,"href":"https:\/\/tilefly.com\/fr\/wp-json\/wp\/v2\/media\/551763"}],"wp:attachment":[{"href":"https:\/\/tilefly.com\/fr\/wp-json\/wp\/v2\/media?parent=553026"}],"wp:term":[{"taxonomy":"product_brand","embeddable":true,"href":"https:\/\/tilefly.com\/fr\/wp-json\/wp\/v2\/product_brand?post=553026"},{"taxonomy":"product_cat","embeddable":true,"href":"https:\/\/tilefly.com\/fr\/wp-json\/wp\/v2\/product_cat?post=553026"},{"taxonomy":"product_tag","embeddable":true,"href":"https:\/\/tilefly.com\/fr\/wp-json\/wp\/v2\/product_tag?post=553026"}],"curies":[{"name":"wp","href":"https:\/\/api.w.org\/{rel}","templated":true}]}}