{"id":553018,"date":"2025-02-14T13:49:47","date_gmt":"2025-02-14T12:49:47","guid":{"rendered":"https:\/\/tilefly.com\/producto\/hexagon-calacatta-slow-139x16\/"},"modified":"2025-02-15T02:12:47","modified_gmt":"2025-02-15T01:12:47","slug":"hexagon-calacatta-slow-139x16","status":"publish","type":"product","link":"https:\/\/tilefly.com\/fr\/produit\/hexagon-calacatta-slow-139x16\/","title":{"rendered":"HEXAGON CALACATTA SLOW 13,9X16"},"content":{"rendered":"<h2><strong>HEXAGONE CALACATTA LENT 13,9X16<\/strong><\/h2><p>HEXAGON CALACATTA SLOW 13,9X16 de la s\u00e9rie <a href=\"https:\/\/tilefly.com\/producto\/tonality\/\">TONALITY<\/a> est une pi\u00e8ce qui red\u00e9finit le concept de d\u00e9tail dans la d\u00e9coration d&#8217;int\u00e9rieur. Avec un format hexagonal de 13,9&#215;16 cm, ce carreau de porcelaine \u00e0 la finition mate capture l&#8217;essence du marbre Calacatta \u00e0 une \u00e9chelle plus intime et cr\u00e9ative. Son design permet de cr\u00e9er des compositions uniques et originales, des petits accents d\u00e9coratifs aux rev\u00eatements complets de murs et de sols. La couleur blanche aux douces veines apporte luminosit\u00e9 et \u00e9l\u00e9gance \u00e0 tout espace. Imaginez une cuisine avec un dosseret recouvert de cette mosa\u00efque, alliant fonctionnalit\u00e9 et style dans les moindres d\u00e9tails, ou un coin lecture avec un sol qui invite \u00e0 la d\u00e9tente et \u00e0 la contemplation.    <\/p>","protected":false},"excerpt":{"rendered":"<p>HEXAGONE CALACATTA LENT 13,9X16HEXAGON CALACATTA SLOW 13,9X16 de la s\u00e9rie TONALITY est une pi\u00e8ce qui red\u00e9finit le concept de d\u00e9tail dans la d\u00e9coration d&#8217;int\u00e9rieur. Avec un format hexagonal de 13,9&#215;16 cm, ce carreau de porcelaine \u00e0 la finition mate capture l&#8217;essence du marbre Calacatta \u00e0 une \u00e9chelle plus intime et cr\u00e9ative. Son design permet de [&hellip;]<\/p>\n","protected":false},"featured_media":551724,"comment_status":"open","ping_status":"closed","template":"","meta":[],"product_brand":[],"product_cat":[353,355,356,354],"product_tag":[],"class_list":{"0":"post-553018","1":"product","2":"type-product","3":"status-publish","4":"has-post-thumbnail","6":"product_cat-carrelage","7":"product_cat-cuisines","8":"product_cat-faiences","9":"product_cat-carrelage-salle-de-bain","11":"first","12":"instock","13":"shipping-taxable","14":"purchasable","15":"product-type-simple"},"_links":{"self":[{"href":"https:\/\/tilefly.com\/fr\/wp-json\/wp\/v2\/product\/553018","targetHints":{"allow":["GET"]}}],"collection":[{"href":"https:\/\/tilefly.com\/fr\/wp-json\/wp\/v2\/product"}],"about":[{"href":"https:\/\/tilefly.com\/fr\/wp-json\/wp\/v2\/types\/product"}],"replies":[{"embeddable":true,"href":"https:\/\/tilefly.com\/fr\/wp-json\/wp\/v2\/comments?post=553018"}],"wp:featuredmedia":[{"embeddable":true,"href":"https:\/\/tilefly.com\/fr\/wp-json\/wp\/v2\/media\/551724"}],"wp:attachment":[{"href":"https:\/\/tilefly.com\/fr\/wp-json\/wp\/v2\/media?parent=553018"}],"wp:term":[{"taxonomy":"product_brand","embeddable":true,"href":"https:\/\/tilefly.com\/fr\/wp-json\/wp\/v2\/product_brand?post=553018"},{"taxonomy":"product_cat","embeddable":true,"href":"https:\/\/tilefly.com\/fr\/wp-json\/wp\/v2\/product_cat?post=553018"},{"taxonomy":"product_tag","embeddable":true,"href":"https:\/\/tilefly.com\/fr\/wp-json\/wp\/v2\/product_tag?post=553018"}],"curies":[{"name":"wp","href":"https:\/\/api.w.org\/{rel}","templated":true}]}}