{"id":553007,"date":"2025-02-14T12:52:49","date_gmt":"2025-02-14T11:52:49","guid":{"rendered":"https:\/\/tilefly.com\/producto\/bend-20x20\/"},"modified":"2025-02-15T02:12:38","modified_gmt":"2025-02-15T01:12:38","slug":"bend-20x20","status":"publish","type":"product","link":"https:\/\/tilefly.com\/fr\/produit\/bend-20x20\/","title":{"rendered":"BEND 20X20"},"content":{"rendered":"<h2><strong>BEND 20X20<\/strong><\/h2><p>Le mod\u00e8le BEND 20X20 de la collection <a href=\"https:\/\/tilefly.com\/producto\/esencia-materia\/\">Esencia Materia<\/a> vous offre la puret\u00e9 et la luminosit\u00e9 du blanc dans un gr\u00e8s c\u00e9rame tr\u00e8s polyvalent. Son format de 20&#215;20 cm et son design intemporel s&#8217;adaptent \u00e0 tous les styles de d\u00e9coration, apportant espace et s\u00e9r\u00e9nit\u00e9 \u00e0 vos espaces. La finition mate, sobre et \u00e9l\u00e9gante, met en valeur la beaut\u00e9 du mat\u00e9riau, tandis que ses propri\u00e9t\u00e9s antid\u00e9rapantes garantissent la s\u00e9curit\u00e9 et le confort dans votre maison. BEND 20X20 est le choix id\u00e9al pour ceux qui recherchent un design polyvalent et \u00e9l\u00e9gant qui transmet lumi\u00e8re et sophistication.   <\/p>","protected":false},"excerpt":{"rendered":"<p>BEND 20X20Le mod\u00e8le BEND 20X20 de la collection Esencia Materia vous offre la puret\u00e9 et la luminosit\u00e9 du blanc dans un gr\u00e8s c\u00e9rame tr\u00e8s polyvalent. Son format de 20&#215;20 cm et son design intemporel s&#8217;adaptent \u00e0 tous les styles de d\u00e9coration, apportant espace et s\u00e9r\u00e9nit\u00e9 \u00e0 vos espaces. La finition mate, sobre et \u00e9l\u00e9gante, met [&hellip;]<\/p>\n","protected":false},"featured_media":551488,"comment_status":"open","ping_status":"closed","template":"","meta":[],"product_brand":[],"product_cat":[353,355,356,354],"product_tag":[],"class_list":{"0":"post-553007","1":"product","2":"type-product","3":"status-publish","4":"has-post-thumbnail","6":"product_cat-carrelage","7":"product_cat-cuisines","8":"product_cat-faiences","9":"product_cat-carrelage-salle-de-bain","11":"first","12":"instock","13":"shipping-taxable","14":"purchasable","15":"product-type-simple"},"_links":{"self":[{"href":"https:\/\/tilefly.com\/fr\/wp-json\/wp\/v2\/product\/553007","targetHints":{"allow":["GET"]}}],"collection":[{"href":"https:\/\/tilefly.com\/fr\/wp-json\/wp\/v2\/product"}],"about":[{"href":"https:\/\/tilefly.com\/fr\/wp-json\/wp\/v2\/types\/product"}],"replies":[{"embeddable":true,"href":"https:\/\/tilefly.com\/fr\/wp-json\/wp\/v2\/comments?post=553007"}],"wp:featuredmedia":[{"embeddable":true,"href":"https:\/\/tilefly.com\/fr\/wp-json\/wp\/v2\/media\/551488"}],"wp:attachment":[{"href":"https:\/\/tilefly.com\/fr\/wp-json\/wp\/v2\/media?parent=553007"}],"wp:term":[{"taxonomy":"product_brand","embeddable":true,"href":"https:\/\/tilefly.com\/fr\/wp-json\/wp\/v2\/product_brand?post=553007"},{"taxonomy":"product_cat","embeddable":true,"href":"https:\/\/tilefly.com\/fr\/wp-json\/wp\/v2\/product_cat?post=553007"},{"taxonomy":"product_tag","embeddable":true,"href":"https:\/\/tilefly.com\/fr\/wp-json\/wp\/v2\/product_tag?post=553007"}],"curies":[{"name":"wp","href":"https:\/\/api.w.org\/{rel}","templated":true}]}}