{"id":553002,"date":"2025-02-14T12:52:14","date_gmt":"2025-02-14T11:52:14","guid":{"rendered":"https:\/\/tilefly.com\/producto\/line-20x20\/"},"modified":"2025-02-15T02:12:33","modified_gmt":"2025-02-15T01:12:33","slug":"line-20x20","status":"publish","type":"product","link":"https:\/\/tilefly.com\/fr\/produit\/line-20x20\/","title":{"rendered":"LINE 20X20"},"content":{"rendered":"<h2><strong>LIGNE 20X20<\/strong><\/h2><p>D\u00e9couvrez la polyvalence et l&#8217;\u00e9l\u00e9gance du mod\u00e8le LINE 20X20 de la collection <a href=\"https:\/\/tilefly.com\/producto\/esencia-materia\/\">Esencia Materia<\/a>, un gr\u00e8s c\u00e9rame blanc qui apporte lumi\u00e8re et espace \u00e0 tous les espaces. Son format de 20&#215;20 cm et son design intemporel s&#8217;adaptent \u00e0 tous les styles de d\u00e9coration, en cr\u00e9ant des atmosph\u00e8res pleines d&#8217;harmonie et de s\u00e9r\u00e9nit\u00e9. La finition mate, sobre et \u00e9l\u00e9gante, met en valeur la beaut\u00e9 du mat\u00e9riau, tandis que ses propri\u00e9t\u00e9s antid\u00e9rapantes garantissent la s\u00e9curit\u00e9 et le confort dans votre maison. LINE 20X20 est le choix id\u00e9al pour ceux qui recherchent un design intemporel et \u00e9l\u00e9gant qui transmet luminosit\u00e9 et harmonie.   <\/p>","protected":false},"excerpt":{"rendered":"<p>LIGNE 20X20D\u00e9couvrez la polyvalence et l&#8217;\u00e9l\u00e9gance du mod\u00e8le LINE 20X20 de la collection Esencia Materia, un gr\u00e8s c\u00e9rame blanc qui apporte lumi\u00e8re et espace \u00e0 tous les espaces. Son format de 20&#215;20 cm et son design intemporel s&#8217;adaptent \u00e0 tous les styles de d\u00e9coration, en cr\u00e9ant des atmosph\u00e8res pleines d&#8217;harmonie et de s\u00e9r\u00e9nit\u00e9. La finition [&hellip;]<\/p>\n","protected":false},"featured_media":551475,"comment_status":"open","ping_status":"closed","template":"","meta":[],"product_brand":[],"product_cat":[353,355,356,354],"product_tag":[],"class_list":{"0":"post-553002","1":"product","2":"type-product","3":"status-publish","4":"has-post-thumbnail","6":"product_cat-carrelage","7":"product_cat-cuisines","8":"product_cat-faiences","9":"product_cat-carrelage-salle-de-bain","11":"first","12":"instock","13":"shipping-taxable","14":"purchasable","15":"product-type-simple"},"_links":{"self":[{"href":"https:\/\/tilefly.com\/fr\/wp-json\/wp\/v2\/product\/553002","targetHints":{"allow":["GET"]}}],"collection":[{"href":"https:\/\/tilefly.com\/fr\/wp-json\/wp\/v2\/product"}],"about":[{"href":"https:\/\/tilefly.com\/fr\/wp-json\/wp\/v2\/types\/product"}],"replies":[{"embeddable":true,"href":"https:\/\/tilefly.com\/fr\/wp-json\/wp\/v2\/comments?post=553002"}],"wp:featuredmedia":[{"embeddable":true,"href":"https:\/\/tilefly.com\/fr\/wp-json\/wp\/v2\/media\/551475"}],"wp:attachment":[{"href":"https:\/\/tilefly.com\/fr\/wp-json\/wp\/v2\/media?parent=553002"}],"wp:term":[{"taxonomy":"product_brand","embeddable":true,"href":"https:\/\/tilefly.com\/fr\/wp-json\/wp\/v2\/product_brand?post=553002"},{"taxonomy":"product_cat","embeddable":true,"href":"https:\/\/tilefly.com\/fr\/wp-json\/wp\/v2\/product_cat?post=553002"},{"taxonomy":"product_tag","embeddable":true,"href":"https:\/\/tilefly.com\/fr\/wp-json\/wp\/v2\/product_tag?post=553002"}],"curies":[{"name":"wp","href":"https:\/\/api.w.org\/{rel}","templated":true}]}}