{"id":552987,"date":"2025-02-14T12:41:37","date_gmt":"2025-02-14T11:41:37","guid":{"rendered":"https:\/\/tilefly.com\/producto\/gon-brown-gray-20x20\/"},"modified":"2025-02-15T02:12:21","modified_gmt":"2025-02-15T01:12:21","slug":"gon-brown-gray-20x20","status":"publish","type":"product","link":"https:\/\/tilefly.com\/fr\/produit\/gon-brown-gray-20x20\/","title":{"rendered":"GON BROWN GRAY 20X20"},"content":{"rendered":"<h2><strong>GON BRUN GRIS 20X20<\/strong><\/h2><p><b>GON BROWN GRAY 20X20<\/b> est un carreau de sol qui apporte une touche d&#8217;\u00e9l\u00e9gance rustique \u00e0 tout espace. Sa couleur, un m\u00e9lange sophistiqu\u00e9 de brun et de gris, s&#8217;inspire de la beaut\u00e9 naturelle du bois vieilli et du b\u00e9ton poli. Fabriqu\u00e9s en porcelaine de haute qualit\u00e9, ces carreaux de 20&#215;20 cm sont parfaits pour le carrelages gr\u00e2ce \u00e0 leur r\u00e9sistance et leur durabilit\u00e9. De plus, leur surface antid\u00e9rapante garantit la s\u00e9curit\u00e9 dans tous les environnements. La finition mate met en valeur la texture et l&#8217;authenticit\u00e9 du mat\u00e9riau. Plongez dans l&#8217;essence d&#8217;<a href=\"https:\/\/tilefly.com\/producto\/esencia-materia\/\">Esencia Materia<\/a>.     <\/p>","protected":false},"excerpt":{"rendered":"<p>GON BRUN GRIS 20X20GON BROWN GRAY 20X20 est un carreau de sol qui apporte une touche d&#8217;\u00e9l\u00e9gance rustique \u00e0 tout espace. Sa couleur, un m\u00e9lange sophistiqu\u00e9 de brun et de gris, s&#8217;inspire de la beaut\u00e9 naturelle du bois vieilli et du b\u00e9ton poli. Fabriqu\u00e9s en porcelaine de haute qualit\u00e9, ces carreaux de 20&#215;20 cm sont [&hellip;]<\/p>\n","protected":false},"featured_media":551228,"comment_status":"open","ping_status":"closed","template":"","meta":[],"product_brand":[],"product_cat":[353,355,356,354],"product_tag":[],"class_list":{"0":"post-552987","1":"product","2":"type-product","3":"status-publish","4":"has-post-thumbnail","6":"product_cat-carrelage","7":"product_cat-cuisines","8":"product_cat-faiences","9":"product_cat-carrelage-salle-de-bain","11":"first","12":"instock","13":"shipping-taxable","14":"purchasable","15":"product-type-simple"},"_links":{"self":[{"href":"https:\/\/tilefly.com\/fr\/wp-json\/wp\/v2\/product\/552987","targetHints":{"allow":["GET"]}}],"collection":[{"href":"https:\/\/tilefly.com\/fr\/wp-json\/wp\/v2\/product"}],"about":[{"href":"https:\/\/tilefly.com\/fr\/wp-json\/wp\/v2\/types\/product"}],"replies":[{"embeddable":true,"href":"https:\/\/tilefly.com\/fr\/wp-json\/wp\/v2\/comments?post=552987"}],"wp:featuredmedia":[{"embeddable":true,"href":"https:\/\/tilefly.com\/fr\/wp-json\/wp\/v2\/media\/551228"}],"wp:attachment":[{"href":"https:\/\/tilefly.com\/fr\/wp-json\/wp\/v2\/media?parent=552987"}],"wp:term":[{"taxonomy":"product_brand","embeddable":true,"href":"https:\/\/tilefly.com\/fr\/wp-json\/wp\/v2\/product_brand?post=552987"},{"taxonomy":"product_cat","embeddable":true,"href":"https:\/\/tilefly.com\/fr\/wp-json\/wp\/v2\/product_cat?post=552987"},{"taxonomy":"product_tag","embeddable":true,"href":"https:\/\/tilefly.com\/fr\/wp-json\/wp\/v2\/product_tag?post=552987"}],"curies":[{"name":"wp","href":"https:\/\/api.w.org\/{rel}","templated":true}]}}