{"id":552981,"date":"2025-02-14T12:41:27","date_gmt":"2025-02-14T11:41:27","guid":{"rendered":"https:\/\/tilefly.com\/producto\/jai-brown-gray-20x20\/"},"modified":"2025-02-15T02:12:15","modified_gmt":"2025-02-15T01:12:15","slug":"jai-brown-gray-20x20","status":"publish","type":"product","link":"https:\/\/tilefly.com\/fr\/produit\/jai-brown-gray-20x20\/","title":{"rendered":"JAI BROWN GRAY 20X20"},"content":{"rendered":"<h2><strong>JAI BRUN GRIS 20X20<\/strong><\/h2><p><b>JAI BROWN GRAY 20X20<\/b> est un carrelage de sol qui allie la chaleur du brun \u00e0 l&#8217;\u00e9l\u00e9gance du gris. Sa couleur, inspir\u00e9e du bois vieilli et du b\u00e9ton poli, apporte une touche moderne et sophistiqu\u00e9e \u00e0 tout espace. Ces carreaux de 20&#215;20 cm, en gr\u00e8s c\u00e9rame r\u00e9sistant, sont id\u00e9aux pour les sols gr\u00e2ce \u00e0 leur durabilit\u00e9 et leur facilit\u00e9 d&#8217;entretien. Leurs propri\u00e9t\u00e9s antid\u00e9rapantes permettent de les utiliser en toute s\u00e9curit\u00e9 \u00e0 l&#8217;int\u00e9rieur comme \u00e0 l&#8217;ext\u00e9rieur. La finition mate met en valeur la texture et la beaut\u00e9 naturelle du mat\u00e9riau. D\u00e9couvrez l&#8217;harmonie des contrastes avec <a href=\"https:\/\/tilefly.com\/producto\/esencia-materia\/\">Esencia Materia<\/a>.     <\/p>","protected":false},"excerpt":{"rendered":"<p>JAI BRUN GRIS 20X20JAI BROWN GRAY 20X20 est un carrelage de sol qui allie la chaleur du brun \u00e0 l&#8217;\u00e9l\u00e9gance du gris. Sa couleur, inspir\u00e9e du bois vieilli et du b\u00e9ton poli, apporte une touche moderne et sophistiqu\u00e9e \u00e0 tout espace. Ces carreaux de 20&#215;20 cm, en gr\u00e8s c\u00e9rame r\u00e9sistant, sont id\u00e9aux pour les sols [&hellip;]<\/p>\n","protected":false},"featured_media":551215,"comment_status":"open","ping_status":"closed","template":"","meta":[],"product_brand":[],"product_cat":[353,355,356,354],"product_tag":[],"class_list":{"0":"post-552981","1":"product","2":"type-product","3":"status-publish","4":"has-post-thumbnail","6":"product_cat-carrelage","7":"product_cat-cuisines","8":"product_cat-faiences","9":"product_cat-carrelage-salle-de-bain","11":"first","12":"instock","13":"shipping-taxable","14":"purchasable","15":"product-type-simple"},"_links":{"self":[{"href":"https:\/\/tilefly.com\/fr\/wp-json\/wp\/v2\/product\/552981","targetHints":{"allow":["GET"]}}],"collection":[{"href":"https:\/\/tilefly.com\/fr\/wp-json\/wp\/v2\/product"}],"about":[{"href":"https:\/\/tilefly.com\/fr\/wp-json\/wp\/v2\/types\/product"}],"replies":[{"embeddable":true,"href":"https:\/\/tilefly.com\/fr\/wp-json\/wp\/v2\/comments?post=552981"}],"wp:featuredmedia":[{"embeddable":true,"href":"https:\/\/tilefly.com\/fr\/wp-json\/wp\/v2\/media\/551215"}],"wp:attachment":[{"href":"https:\/\/tilefly.com\/fr\/wp-json\/wp\/v2\/media?parent=552981"}],"wp:term":[{"taxonomy":"product_brand","embeddable":true,"href":"https:\/\/tilefly.com\/fr\/wp-json\/wp\/v2\/product_brand?post=552981"},{"taxonomy":"product_cat","embeddable":true,"href":"https:\/\/tilefly.com\/fr\/wp-json\/wp\/v2\/product_cat?post=552981"},{"taxonomy":"product_tag","embeddable":true,"href":"https:\/\/tilefly.com\/fr\/wp-json\/wp\/v2\/product_tag?post=552981"}],"curies":[{"name":"wp","href":"https:\/\/api.w.org\/{rel}","templated":true}]}}