{"id":552980,"date":"2025-02-14T12:41:17","date_gmt":"2025-02-14T11:41:17","guid":{"rendered":"https:\/\/tilefly.com\/producto\/drante-natural-20x20\/"},"modified":"2025-02-15T02:12:14","modified_gmt":"2025-02-15T01:12:14","slug":"drante-natural-20x20","status":"publish","type":"product","link":"https:\/\/tilefly.com\/fr\/produit\/drante-natural-20x20\/","title":{"rendered":"DRANTE NATURAL 20X20"},"content":{"rendered":"<h2><strong>DRANTE NATUREL 20X20<\/strong><\/h2><p><b>DRANTE NATURAL 20X20<\/b> est un dallage qui respire le charme et la rusticit\u00e9. Sa couleur naturelle, qui rappelle la pierre naturelle non polie, apporte une touche d&#8217;authenticit\u00e9 et de chaleur \u00e0 tout espace. Ces carreaux de 20&#215;20 cm, fabriqu\u00e9s en gr\u00e8s c\u00e9rame de haute qualit\u00e9, sont id\u00e9aux pour les sols gr\u00e2ce \u00e0 leur r\u00e9sistance et leur durabilit\u00e9. Leurs caract\u00e9ristiques antid\u00e9rapantes les rendent parfaits pour les zones o\u00f9 la s\u00e9curit\u00e9 est primordiale. La finition mate met en valeur la texture et la beaut\u00e9 naturelle du mat\u00e9riau. Connectez-vous avec la nature gr\u00e2ce \u00e0 <a href=\"https:\/\/tilefly.com\/producto\/esencia-materia\/\">Esencia Materia<\/a>.     <\/p>","protected":false},"excerpt":{"rendered":"<p>DRANTE NATUREL 20X20DRANTE NATURAL 20X20 est un dallage qui respire le charme et la rusticit\u00e9. Sa couleur naturelle, qui rappelle la pierre naturelle non polie, apporte une touche d&#8217;authenticit\u00e9 et de chaleur \u00e0 tout espace. Ces carreaux de 20&#215;20 cm, fabriqu\u00e9s en gr\u00e8s c\u00e9rame de haute qualit\u00e9, sont id\u00e9aux pour les sols gr\u00e2ce \u00e0 leur [&hellip;]<\/p>\n","protected":false},"featured_media":551189,"comment_status":"open","ping_status":"closed","template":"","meta":[],"product_brand":[],"product_cat":[353,355,356,354],"product_tag":[],"class_list":{"0":"post-552980","1":"product","2":"type-product","3":"status-publish","4":"has-post-thumbnail","6":"product_cat-carrelage","7":"product_cat-cuisines","8":"product_cat-faiences","9":"product_cat-carrelage-salle-de-bain","11":"first","12":"instock","13":"shipping-taxable","14":"purchasable","15":"product-type-simple"},"_links":{"self":[{"href":"https:\/\/tilefly.com\/fr\/wp-json\/wp\/v2\/product\/552980","targetHints":{"allow":["GET"]}}],"collection":[{"href":"https:\/\/tilefly.com\/fr\/wp-json\/wp\/v2\/product"}],"about":[{"href":"https:\/\/tilefly.com\/fr\/wp-json\/wp\/v2\/types\/product"}],"replies":[{"embeddable":true,"href":"https:\/\/tilefly.com\/fr\/wp-json\/wp\/v2\/comments?post=552980"}],"wp:featuredmedia":[{"embeddable":true,"href":"https:\/\/tilefly.com\/fr\/wp-json\/wp\/v2\/media\/551189"}],"wp:attachment":[{"href":"https:\/\/tilefly.com\/fr\/wp-json\/wp\/v2\/media?parent=552980"}],"wp:term":[{"taxonomy":"product_brand","embeddable":true,"href":"https:\/\/tilefly.com\/fr\/wp-json\/wp\/v2\/product_brand?post=552980"},{"taxonomy":"product_cat","embeddable":true,"href":"https:\/\/tilefly.com\/fr\/wp-json\/wp\/v2\/product_cat?post=552980"},{"taxonomy":"product_tag","embeddable":true,"href":"https:\/\/tilefly.com\/fr\/wp-json\/wp\/v2\/product_tag?post=552980"}],"curies":[{"name":"wp","href":"https:\/\/api.w.org\/{rel}","templated":true}]}}