{"id":552965,"date":"2025-02-14T12:40:54","date_gmt":"2025-02-14T11:40:54","guid":{"rendered":"https:\/\/tilefly.com\/producto\/friso-white-rect-40x120\/"},"modified":"2025-02-15T02:12:01","modified_gmt":"2025-02-15T01:12:01","slug":"friso-white-rect-40x120","status":"publish","type":"product","link":"https:\/\/tilefly.com\/fr\/produit\/friso-white-rect-40x120\/","title":{"rendered":"FRISO WHITE RECT 40X120"},"content":{"rendered":"<h2><strong>FRIEZE BLANC RECT 40X120<\/strong><\/h2><p><b>FRISO WHITE RECT 40X120<\/b> est un carrelage mural qui c\u00e9l\u00e8bre la simplicit\u00e9 et l&#8217;\u00e9l\u00e9gance. Sa couleur blanche lumineuse, qui rappelle la chaux traditionnelle, apporte luminosit\u00e9 et espace \u00e0 n&#8217;importe quel environnement. Avec un format rectifi\u00e9 de 40&#215;120 cm, ces carreaux de corps blancs se posent avec facilit\u00e9 et pr\u00e9cision, garantissant une finition impeccable. La finition mate offre une surface lisse et une esth\u00e9tique qui met en valeur la beaut\u00e9 des mat\u00e9riaux naturels. Plongez dans l&#8217;essence d&#8217;<a href=\"https:\/\/tilefly.com\/producto\/esencia-materia\/\">Esencia Materia<\/a>.    <\/p>","protected":false},"excerpt":{"rendered":"<p>FRIEZE BLANC RECT 40X120FRISO WHITE RECT 40X120 est un carrelage mural qui c\u00e9l\u00e8bre la simplicit\u00e9 et l&#8217;\u00e9l\u00e9gance. Sa couleur blanche lumineuse, qui rappelle la chaux traditionnelle, apporte luminosit\u00e9 et espace \u00e0 n&#8217;importe quel environnement. Avec un format rectifi\u00e9 de 40&#215;120 cm, ces carreaux de corps blancs se posent avec facilit\u00e9 et pr\u00e9cision, garantissant une finition [&hellip;]<\/p>\n","protected":false},"featured_media":551137,"comment_status":"open","ping_status":"closed","template":"","meta":[],"product_brand":[],"product_cat":[355,356,354],"product_tag":[],"class_list":{"0":"post-552965","1":"product","2":"type-product","3":"status-publish","4":"has-post-thumbnail","6":"product_cat-cuisines","7":"product_cat-faiences","8":"product_cat-carrelage-salle-de-bain","10":"first","11":"instock","12":"shipping-taxable","13":"purchasable","14":"product-type-simple"},"_links":{"self":[{"href":"https:\/\/tilefly.com\/fr\/wp-json\/wp\/v2\/product\/552965","targetHints":{"allow":["GET"]}}],"collection":[{"href":"https:\/\/tilefly.com\/fr\/wp-json\/wp\/v2\/product"}],"about":[{"href":"https:\/\/tilefly.com\/fr\/wp-json\/wp\/v2\/types\/product"}],"replies":[{"embeddable":true,"href":"https:\/\/tilefly.com\/fr\/wp-json\/wp\/v2\/comments?post=552965"}],"wp:featuredmedia":[{"embeddable":true,"href":"https:\/\/tilefly.com\/fr\/wp-json\/wp\/v2\/media\/551137"}],"wp:attachment":[{"href":"https:\/\/tilefly.com\/fr\/wp-json\/wp\/v2\/media?parent=552965"}],"wp:term":[{"taxonomy":"product_brand","embeddable":true,"href":"https:\/\/tilefly.com\/fr\/wp-json\/wp\/v2\/product_brand?post=552965"},{"taxonomy":"product_cat","embeddable":true,"href":"https:\/\/tilefly.com\/fr\/wp-json\/wp\/v2\/product_cat?post=552965"},{"taxonomy":"product_tag","embeddable":true,"href":"https:\/\/tilefly.com\/fr\/wp-json\/wp\/v2\/product_tag?post=552965"}],"curies":[{"name":"wp","href":"https:\/\/api.w.org\/{rel}","templated":true}]}}