{"id":552955,"date":"2025-02-14T12:12:12","date_gmt":"2025-02-14T11:12:12","guid":{"rendered":"https:\/\/tilefly.com\/producto\/clay-salmon-123x123\/"},"modified":"2025-02-15T02:11:50","modified_gmt":"2025-02-15T01:11:50","slug":"clay-salmon-123x123","status":"publish","type":"product","link":"https:\/\/tilefly.com\/fr\/produit\/clay-salmon-123x123\/","title":{"rendered":"CLAY SALMON 12,3X12,3"},"content":{"rendered":"<h2><strong>SAUMON D&#8217;ARGILE 12,3X12,3<\/strong><\/h2><p><b>CLAY SALMON 12,3X12,3<\/b>: Ravivez la beaut\u00e9 de la terre avec le carreau CLAY SALMON 12,3&#215;12,3 de la s\u00e9rie <a href=\"https:\/\/tilefly.com\/producto\/fayenza\/\">Fayenza<\/a>. Sa couleur brun-rouge, inspir\u00e9e du saumon, apporte une touche chaleureuse et terreuse \u00e0 vos sols. Le format carr\u00e9 de 12,3&#215;12,3 cm vous permet de cr\u00e9er des designs polyvalents et originaux. Fabriqu\u00e9 en porcelaine r\u00e9sistante, ce carreau vous garantit durabilit\u00e9 et facilit\u00e9 de nettoyage. Sa finition mate et son style rustique en font la solution id\u00e9ale pour les espaces accueillants au charme naturel.    <\/p>","protected":false},"excerpt":{"rendered":"<p>SAUMON D&#8217;ARGILE 12,3X12,3CLAY SALMON 12,3X12,3: Ravivez la beaut\u00e9 de la terre avec le carreau CLAY SALMON 12,3&#215;12,3 de la s\u00e9rie Fayenza. Sa couleur brun-rouge, inspir\u00e9e du saumon, apporte une touche chaleureuse et terreuse \u00e0 vos sols. Le format carr\u00e9 de 12,3&#215;12,3 cm vous permet de cr\u00e9er des designs polyvalents et originaux. Fabriqu\u00e9 en porcelaine r\u00e9sistante, [&hellip;]<\/p>\n","protected":false},"featured_media":550942,"comment_status":"open","ping_status":"closed","template":"","meta":[],"product_brand":[],"product_cat":[353,355,356,354],"product_tag":[],"class_list":{"0":"post-552955","1":"product","2":"type-product","3":"status-publish","4":"has-post-thumbnail","6":"product_cat-carrelage","7":"product_cat-cuisines","8":"product_cat-faiences","9":"product_cat-carrelage-salle-de-bain","11":"first","12":"instock","13":"shipping-taxable","14":"purchasable","15":"product-type-simple"},"_links":{"self":[{"href":"https:\/\/tilefly.com\/fr\/wp-json\/wp\/v2\/product\/552955","targetHints":{"allow":["GET"]}}],"collection":[{"href":"https:\/\/tilefly.com\/fr\/wp-json\/wp\/v2\/product"}],"about":[{"href":"https:\/\/tilefly.com\/fr\/wp-json\/wp\/v2\/types\/product"}],"replies":[{"embeddable":true,"href":"https:\/\/tilefly.com\/fr\/wp-json\/wp\/v2\/comments?post=552955"}],"wp:featuredmedia":[{"embeddable":true,"href":"https:\/\/tilefly.com\/fr\/wp-json\/wp\/v2\/media\/550942"}],"wp:attachment":[{"href":"https:\/\/tilefly.com\/fr\/wp-json\/wp\/v2\/media?parent=552955"}],"wp:term":[{"taxonomy":"product_brand","embeddable":true,"href":"https:\/\/tilefly.com\/fr\/wp-json\/wp\/v2\/product_brand?post=552955"},{"taxonomy":"product_cat","embeddable":true,"href":"https:\/\/tilefly.com\/fr\/wp-json\/wp\/v2\/product_cat?post=552955"},{"taxonomy":"product_tag","embeddable":true,"href":"https:\/\/tilefly.com\/fr\/wp-json\/wp\/v2\/product_tag?post=552955"}],"curies":[{"name":"wp","href":"https:\/\/api.w.org\/{rel}","templated":true}]}}