{"id":552920,"date":"2025-02-14T12:13:09","date_gmt":"2025-02-14T11:13:09","guid":{"rendered":"https:\/\/tilefly.com\/producto\/fayenza-grey-6x246\/"},"modified":"2025-02-15T02:10:33","modified_gmt":"2025-02-15T01:10:33","slug":"fayenza-grey-6x246","status":"publish","type":"product","link":"https:\/\/tilefly.com\/fr\/produit\/fayenza-grey-6x246\/","title":{"rendered":"FAYENZA GREY 6X24,6"},"content":{"rendered":"<h2><strong>FAYENZA GRIS 6X24,6<\/strong><\/h2><p><b>FAYENZA GRIS 6X24,6<\/b>: Apportez une touche de sophistication et de modernit\u00e9 \u00e0 vos espaces avec le carrelage FAYENZA GRIS 6&#215;24,6 de la s\u00e9rie <a href=\"https:\/\/tilefly.com\/producto\/fayenza\/\">Fayenza<\/a>. Sa couleur grise, neutre et \u00e9l\u00e9gante, s&#8217;adapte \u00e0 tous les styles de d\u00e9coration, tandis que son format rectangulaire de 6&#215;24,6 cm apporte une touche classique et polyvalente. Fabriqu\u00e9 en gr\u00e8s c\u00e9rame r\u00e9sistant, ce carreau est parfait pour le carrelages, offrant durabilit\u00e9 et facilit\u00e9 d&#8217;entretien. Sa finition brillante et son style rustique en font un choix id\u00e9al pour cr\u00e9er des environnements modernes et \u00e9l\u00e9gants.   <\/p>","protected":false},"excerpt":{"rendered":"<p>FAYENZA GRIS 6X24,6FAYENZA GRIS 6X24,6: Apportez une touche de sophistication et de modernit\u00e9 \u00e0 vos espaces avec le carrelage FAYENZA GRIS 6&#215;24,6 de la s\u00e9rie Fayenza. Sa couleur grise, neutre et \u00e9l\u00e9gante, s&#8217;adapte \u00e0 tous les styles de d\u00e9coration, tandis que son format rectangulaire de 6&#215;24,6 cm apporte une touche classique et polyvalente. Fabriqu\u00e9 en [&hellip;]<\/p>\n","protected":false},"featured_media":551020,"comment_status":"open","ping_status":"closed","template":"","meta":[],"product_brand":[],"product_cat":[353,355,356,354],"product_tag":[],"class_list":{"0":"post-552920","1":"product","2":"type-product","3":"status-publish","4":"has-post-thumbnail","6":"product_cat-carrelage","7":"product_cat-cuisines","8":"product_cat-faiences","9":"product_cat-carrelage-salle-de-bain","11":"first","12":"instock","13":"shipping-taxable","14":"purchasable","15":"product-type-simple"},"_links":{"self":[{"href":"https:\/\/tilefly.com\/fr\/wp-json\/wp\/v2\/product\/552920","targetHints":{"allow":["GET"]}}],"collection":[{"href":"https:\/\/tilefly.com\/fr\/wp-json\/wp\/v2\/product"}],"about":[{"href":"https:\/\/tilefly.com\/fr\/wp-json\/wp\/v2\/types\/product"}],"replies":[{"embeddable":true,"href":"https:\/\/tilefly.com\/fr\/wp-json\/wp\/v2\/comments?post=552920"}],"wp:featuredmedia":[{"embeddable":true,"href":"https:\/\/tilefly.com\/fr\/wp-json\/wp\/v2\/media\/551020"}],"wp:attachment":[{"href":"https:\/\/tilefly.com\/fr\/wp-json\/wp\/v2\/media?parent=552920"}],"wp:term":[{"taxonomy":"product_brand","embeddable":true,"href":"https:\/\/tilefly.com\/fr\/wp-json\/wp\/v2\/product_brand?post=552920"},{"taxonomy":"product_cat","embeddable":true,"href":"https:\/\/tilefly.com\/fr\/wp-json\/wp\/v2\/product_cat?post=552920"},{"taxonomy":"product_tag","embeddable":true,"href":"https:\/\/tilefly.com\/fr\/wp-json\/wp\/v2\/product_tag?post=552920"}],"curies":[{"name":"wp","href":"https:\/\/api.w.org\/{rel}","templated":true}]}}