{"id":552904,"date":"2025-02-14T12:51:26","date_gmt":"2025-02-14T11:51:26","guid":{"rendered":"https:\/\/tilefly.com\/producto\/flex-20x20\/"},"modified":"2025-02-15T02:09:35","modified_gmt":"2025-02-15T01:09:35","slug":"flex-20x20","status":"publish","type":"product","link":"https:\/\/tilefly.com\/fr\/produit\/flex-20x20\/","title":{"rendered":"FLEX 20X20"},"content":{"rendered":"<h2><strong>FLEX 20X20<\/strong><\/h2><p>Apportez une touche de chaleur et de naturel \u00e0 vos espaces avec le mod\u00e8le FLEX 20X20 de la collection <a href=\"https:\/\/tilefly.com\/producto\/esencia-materia\/\">Esencia Materia<\/a>, un gr\u00e8s c\u00e9rame beige qui vous relie \u00e0 l&#8217;essence de la terre. Son format de 20&#215;20 cm et son design polyvalent s&#8217;adaptent \u00e0 tous les styles de d\u00e9coration, apportant luminosit\u00e9 et confort \u00e0 vos pi\u00e8ces. La finition mate, douce et naturelle, met en valeur la beaut\u00e9 du mat\u00e9riau, tandis que ses propri\u00e9t\u00e9s antid\u00e9rapantes garantissent la s\u00e9curit\u00e9 et la tranquillit\u00e9 d&#8217;esprit au quotidien. FLEX 20X20 est le choix id\u00e9al pour ceux qui recherchent un design polyvalent et accueillant qui transmet chaleur et harmonie.   <\/p>","protected":false},"excerpt":{"rendered":"<p>FLEX 20X20Apportez une touche de chaleur et de naturel \u00e0 vos espaces avec le mod\u00e8le FLEX 20X20 de la collection Esencia Materia, un gr\u00e8s c\u00e9rame beige qui vous relie \u00e0 l&#8217;essence de la terre. Son format de 20&#215;20 cm et son design polyvalent s&#8217;adaptent \u00e0 tous les styles de d\u00e9coration, apportant luminosit\u00e9 et confort \u00e0 [&hellip;]<\/p>\n","protected":false},"featured_media":551384,"comment_status":"open","ping_status":"closed","template":"","meta":[],"product_brand":[],"product_cat":[353,355,356,354],"product_tag":[],"class_list":{"0":"post-552904","1":"product","2":"type-product","3":"status-publish","4":"has-post-thumbnail","6":"product_cat-carrelage","7":"product_cat-cuisines","8":"product_cat-faiences","9":"product_cat-carrelage-salle-de-bain","11":"first","12":"instock","13":"shipping-taxable","14":"purchasable","15":"product-type-simple"},"_links":{"self":[{"href":"https:\/\/tilefly.com\/fr\/wp-json\/wp\/v2\/product\/552904","targetHints":{"allow":["GET"]}}],"collection":[{"href":"https:\/\/tilefly.com\/fr\/wp-json\/wp\/v2\/product"}],"about":[{"href":"https:\/\/tilefly.com\/fr\/wp-json\/wp\/v2\/types\/product"}],"replies":[{"embeddable":true,"href":"https:\/\/tilefly.com\/fr\/wp-json\/wp\/v2\/comments?post=552904"}],"wp:featuredmedia":[{"embeddable":true,"href":"https:\/\/tilefly.com\/fr\/wp-json\/wp\/v2\/media\/551384"}],"wp:attachment":[{"href":"https:\/\/tilefly.com\/fr\/wp-json\/wp\/v2\/media?parent=552904"}],"wp:term":[{"taxonomy":"product_brand","embeddable":true,"href":"https:\/\/tilefly.com\/fr\/wp-json\/wp\/v2\/product_brand?post=552904"},{"taxonomy":"product_cat","embeddable":true,"href":"https:\/\/tilefly.com\/fr\/wp-json\/wp\/v2\/product_cat?post=552904"},{"taxonomy":"product_tag","embeddable":true,"href":"https:\/\/tilefly.com\/fr\/wp-json\/wp\/v2\/product_tag?post=552904"}],"curies":[{"name":"wp","href":"https:\/\/api.w.org\/{rel}","templated":true}]}}